{"id":99,"date":"2023-07-09T13:41:13","date_gmt":"2023-07-09T13:41:13","guid":{"rendered":"http:\/\/193.194.89.177\/leve_wp\/?page_id=99"},"modified":"2023-07-18T13:23:31","modified_gmt":"2023-07-18T13:23:31","slug":"suivi-et-lutte-contre-le-phenomene-de-lensablement-en-zone-aride","status":"publish","type":"page","link":"https:\/\/leve.usthb.dz\/index.php\/suivi-et-lutte-contre-le-phenomene-de-lensablement-en-zone-aride\/","title":{"rendered":"Suivi et lutte contre le ph\u00e9nom\u00e8ne de l\u2019ensablement en zone aride"},"content":{"rendered":"\n<p><\/p>\n\n\n\n<h3><strong>Chef d\u2019\u00e9quipe<\/strong><\/h3>\n\n\n\n<h4><strong>*Pr. HIRCHE Aziz<\/strong><\/h4>\n\n\n\n<p><strong>Membres de l\u2019\u00e9quipe<\/strong><\/p>\n\n\n\n<p><strong>Nom &amp; Pr\u00e9nom<\/strong><strong>Grade<\/strong><\/p>\n\n\n\n<p>HIRCHE AzizProfesseur (Directeur de recherche)<\/p>\n\n\n\n<p>SALAMANI MustaphaMCB (Charg\u00e9 de recherche)<\/p>\n\n\n\n<p>HOURIZI RatibaMCB (Charg\u00e9e de recherche)<\/p>\n\n\n\n<p>OMARI LyndaMCB (Attach\u00e9e de recherche)<\/p>\n\n\n\n<p>GRANDI MohamedMCB (Attach\u00e9 de recherche)<\/p>\n\n\n\n<p>AIT-HAMOUDA TaharMAA (Attach\u00e9 de recherche)<\/p>\n\n\n\n<p>KHOUDIR SamiaMAA (Attach\u00e9e de recherche)<\/p>\n\n\n\n<p>RADI NoraMAA (Attach\u00e9e de recherche)<\/p>\n\n\n\n<p>DERRICHE FaridDoctorat<\/p>\n\n\n\n<p>KHAOUANI BoumedienneMCB<\/p>\n\n\n\n<p>BELLALA FahimaMCB<\/p>\n\n\n\n<p>TOUAHRIA HadjerDoctorat LMD<\/p>\n\n\n\n<h3><a href=\"http:\/\/193.194.89.177\/leve_wp\/index.php\/description-des-objectifs-missions-et-activites-de-lequipe-2\/\">Description des objectifs, missions et activit\u00e9s de l\u2019\u00e9quipe<\/a><\/h3>\n\n\n\n<h3><a href=\"http:\/\/193.194.89.177\/leve_wp\/index.php\/publications-nationales\/\">Publications nationales<\/a><\/h3>\n\n\n\n<h3><a href=\"http:\/\/193.194.89.177\/leve_wp\/index.php\/publications-internationales-et-proceedings\/\">Publications internationales et proceedings<\/a><\/h3>\n\n\n\n<h3><a href=\"http:\/\/193.194.89.177\/leve_wp\/index.php\/communications-nationales\/\">Communications nationales<\/a><\/h3>\n\n\n\n<h3><a href=\"http:\/\/193.194.89.177\/leve_wp\/index.php\/communications-internationales\/\">Communications internationales<\/a><\/h3>\n\n\n\n<p><a href=\"http:\/\/193.194.89.177\/leve_wp\/index.php\/manifestations-scientifiques-2\/\"><strong>Manifestations scientifiques <\/strong><\/a><\/p>\n\n\n\n<h3><a href=\"http:\/\/193.194.89.177\/leve_wp\/index.php\/ouvrages\/\">Ouvrages<\/a><\/h3>\n\n\n\n<h3><a href=\"http:\/\/193.194.89.177\/leve_wp\/index.php\/projets-de-recherche\/\">Projets de recherch<\/a>e<\/h3>\n\n\n\n<p><a href=\"http:\/\/193.194.89.177\/leve_wp\/index.php\/encadrements\/\">Encadrement<\/a><\/p>\n","protected":false},"excerpt":{"rendered":"<p>Chef d\u2019\u00e9quipe *Pr. HIRCHE Aziz Membres de l\u2019\u00e9quipe Nom &amp; Pr\u00e9nomGrade HIRCHE AzizProfesseur (Directeur de recherche) SALAMANI MustaphaMCB (Charg\u00e9 de recherche) HOURIZI RatibaMCB (Charg\u00e9e de recherche) OMARI LyndaMCB (Attach\u00e9e de recherche) GRANDI MohamedMCB (Attach\u00e9 de recherche) AIT-HAMOUDA TaharMAA (Attach\u00e9 de <span class=\"readmore\"><a href=\"https:\/\/leve.usthb.dz\/index.php\/suivi-et-lutte-contre-le-phenomene-de-lensablement-en-zone-aride\/\">Continue Reading<\/a><\/span><\/p>\n","protected":false},"author":1,"featured_media":0,"parent":0,"menu_order":0,"comment_status":"closed","ping_status":"closed","template":"","meta":[],"_links":{"self":[{"href":"https:\/\/leve.usthb.dz\/index.php\/wp-json\/wp\/v2\/pages\/99"}],"collection":[{"href":"https:\/\/leve.usthb.dz\/index.php\/wp-json\/wp\/v2\/pages"}],"about":[{"href":"https:\/\/leve.usthb.dz\/index.php\/wp-json\/wp\/v2\/types\/page"}],"author":[{"embeddable":true,"href":"https:\/\/leve.usthb.dz\/index.php\/wp-json\/wp\/v2\/users\/1"}],"replies":[{"embeddable":true,"href":"https:\/\/leve.usthb.dz\/index.php\/wp-json\/wp\/v2\/comments?post=99"}],"version-history":[{"count":14,"href":"https:\/\/leve.usthb.dz\/index.php\/wp-json\/wp\/v2\/pages\/99\/revisions"}],"predecessor-version":[{"id":472,"href":"https:\/\/leve.usthb.dz\/index.php\/wp-json\/wp\/v2\/pages\/99\/revisions\/472"}],"wp:attachment":[{"href":"https:\/\/leve.usthb.dz\/index.php\/wp-json\/wp\/v2\/media?parent=99"}],"curies":[{"name":"wp","href":"https:\/\/api.w.org\/{rel}","templated":true}]}}