{"id":8,"date":"2023-04-11T10:55:36","date_gmt":"2023-04-11T10:55:36","guid":{"rendered":"http:\/\/193.194.89.177\/leve_wp\/?page_id=8"},"modified":"2023-07-12T12:38:42","modified_gmt":"2023-07-12T12:38:42","slug":"accueil","status":"publish","type":"page","link":"https:\/\/leve.usthb.dz\/index.php\/accueil\/","title":{"rendered":"Pr\u00e9sentation"},"content":{"rendered":"\n<h1><\/h1>\n\n\n\n<p><\/p>\n\n\n\n<p><strong>Directeur du laboratoire&nbsp;:<\/strong>&nbsp;Pr. HIRCHE Azziz Riad<\/p>\n\n\n\n<h3>Objectifs de recherche scientifique et de d\u00e9veloppement technologique<\/h3>\n\n\n\n<p>Le laboratoire a pour objectifs&nbsp;:<br>La diversit\u00e9 et l\u2019organisation actuelle des \u00e9cosyst\u00e8mes alg\u00e9riens r\u00e9sultent de processus pal\u00e9og\u00e9ographiques, climatiques, et \u00e9cologiques, ainsi que d\u2019une action humaine multis\u00e9culaire. La compr\u00e9hension des processus qui d\u00e9terminent leur structuration, leur dynamique et leur fonctionnement \u00e0 diff\u00e9rents niveaux spatio-temporels, depuis les populations jusqu\u2019aux paysages, s\u2019inscrit dans les objectifs majeurs de notre laboratoire.<br>L\u2019approche, dans un premier temps descriptive largement d\u00e9velopp\u00e9e par le laboratoire, visant \u00e0 \u00e9valuer la diversit\u00e9 \u00e9co syst\u00e9mique et sp\u00e9cifique, est compl\u00e9t\u00e9e par une approche fonctionnelle et exp\u00e9rimentale pour affiner notre analyse de ces syst\u00e8mes complexes et changeants.<br>Dans le prolongement des recherches d\u00e9j\u00e0 entreprises \u00e0 diff\u00e9rentes \u00e9chelles spatio-temporelles et par diff\u00e9rentes approches sur l\u2019\u00e9tude de la dynamique de la v\u00e9g\u00e9tation , nous envisageons une contribution \u00e0 une meilleure compr\u00e9hension des m\u00e9canismes d\u2019\u00e9volution en mettant l\u2019accent sur le r\u00f4le des esp\u00e8ces structurantes (processus de facilitation\u2026). Cette approche consistera, en plus du suivi de la dynamique naturelle des peuplements, \u00e0 mettre en place des dispositifs d\u2019observation continue des \u00e9cosyst\u00e8mes (r\u00e9seau de placettes permanentes notamment pour le suivi de la d\u00e9sertification). Les r\u00e9sultats permettront la mise au point de mod\u00e8les pr\u00e9dictifs et l\u2019\u00e9laboration d\u2019indicateurs permanents.<br>A travers l\u2019\u00e9tude des indicateurs d\u2019\u00e9tat et de pression il serait possible de faire des bilans sur la situation des syst\u00e8mes \u00e0 une p\u00e9riode donn\u00e9e. L\u2019utilisation de la t\u00e9l\u00e9d\u00e9tection et des syst\u00e8mes d\u2019information g\u00e9ographiques combin\u00e9e avec une bonne connaissance du terrain permettra d\u2019identifier les zones \u00e0 risque, de quantifier, de localiser et de suivre les changements survenus.<br>Les changements dans les modes d\u2019utilisations de ces syst\u00e8mes \u00e9cologiques et leur impact sur la biodiversit\u00e9 et le sol sont \u00e9galement abord\u00e9s \u00e0 l\u2019\u00e9chelle des communaut\u00e9s et des paysages . Leurs r\u00e9ponses aux perturbations (fragmentation, incendies, invasions biologiques\u2026) et stress sont appr\u00e9ci\u00e9s par la prise en compte des attributs vitaux des v\u00e9g\u00e9taux (types biologiques, strat\u00e9gies d\u00e9mographiques\u2026). Bien que l\u2019h\u00e9t\u00e9rog\u00e9n\u00e9it\u00e9 du paysage constitue un facteur d\u00e9terminant de la biodiversit\u00e9, elle reste mal \u00e9valu\u00e9e. La mise au point d\u2019indices d\u2019h\u00e9t\u00e9rog\u00e9n\u00e9it\u00e9 du paysage plus pertinents, tenant compte de la signification \u00e9cologique, constitue une voie de recherche \u00e0 d\u00e9velopper.<br>Dans le contexte international et national actuel o\u00f9 la conservation de la biodiversit\u00e9 et le d\u00e9veloppement durable constituent des enjeux majeurs, une contribution \u00e0 l\u2019\u00e9valuation de la biodiversit\u00e9 de l\u2019Alg\u00e9rie est entreprise de fa\u00e7on \u00e0 d\u00e9terminer les sites, communaut\u00e9s et esp\u00e8ces d\u2019int\u00e9r\u00eat patrimonial, rares ou menac\u00e9es, identifier les facteurs responsables, fournir des indicateurs et des \u00e9l\u00e9ments pour une gestion raisonn\u00e9e de la biodiversit\u00e9 (conservation\u2026)et constituer une banque de donn\u00e9es g\u00e9o r\u00e9f\u00e9renc\u00e9es.<br>Dans le cadre de la gestion durable des \u00e9cosyst\u00e8mes et de la valorisation de la biodiversit\u00e9, des op\u00e9rations d\u2019am\u00e9liorations sylvo-agro-pastorales sont tent\u00e9es dans des \u00e9cosyst\u00e8mes fragilis\u00e9s. L\u2019objectif est \u00e9galement de d\u00e9terminer des indicateurs de r\u00e9ponse permettant d\u2019\u00e9valuer l\u2019impact de la gestion sur la biodiversit\u00e9 des communaut\u00e9s v\u00e9g\u00e9tales.<br>Les r\u00e9sultats des recherches et les observations, permettront d\u2019\u00e9tablir un r\u00e9seau d\u2019information g\u00e9ocod\u00e9 n\u00e9cessaire pour le suivi des \u00e9cosyst\u00e8mes . L\u2019\u00e9laboration de mod\u00e8le de gestion des ressources naturelles bas\u00e9 sur un \u00e9quilibre entre les ressources biophysiques et les valeurs sociales, permettra de d\u00e9finir les conditions n\u00e9cessaires pour la durabilit\u00e9 \u00e9cologique.<\/p>\n\n\n\n<p><strong><em>Mots-Cl\u00e9s<\/em>&nbsp;:<\/strong>&nbsp;V\u00e9g\u00e9tation &#8211; Biodiversit\u00e9 &#8211; D\u00e9sertification &#8211; D\u00e9veloppement durable &#8211; Sol -Ecosyst\u00e8me &#8211; Production &#8211; Syntaxonomie &#8211; Dynamique &#8211; Fonctionnement &#8211; Cartographie &#8211; Mod\u00e9lisation &#8211; Syst\u00e8me d\u2019Information G\u00e9ographique (SIG) &#8211; Pal\u00e9o\u00e9cologie, Phytohistoire, P\u00e9doanthracologie, Palynologie, Phylog\u00e9ographie, Pal\u00e9opaysages, Changements Climatiques.<\/p>\n","protected":false},"excerpt":{"rendered":"<p>Directeur du laboratoire&nbsp;:&nbsp;Pr. HIRCHE Azziz Riad Objectifs de recherche scientifique et de d\u00e9veloppement technologique Le laboratoire a pour objectifs&nbsp;:La diversit\u00e9 et l\u2019organisation actuelle des \u00e9cosyst\u00e8mes alg\u00e9riens r\u00e9sultent de processus pal\u00e9og\u00e9ographiques, climatiques, et \u00e9cologiques, ainsi que d\u2019une action humaine multis\u00e9culaire. La <span class=\"readmore\"><a href=\"https:\/\/leve.usthb.dz\/index.php\/accueil\/\">Continue Reading<\/a><\/span><\/p>\n","protected":false},"author":1,"featured_media":0,"parent":0,"menu_order":0,"comment_status":"closed","ping_status":"closed","template":"","meta":[],"_links":{"self":[{"href":"https:\/\/leve.usthb.dz\/index.php\/wp-json\/wp\/v2\/pages\/8"}],"collection":[{"href":"https:\/\/leve.usthb.dz\/index.php\/wp-json\/wp\/v2\/pages"}],"about":[{"href":"https:\/\/leve.usthb.dz\/index.php\/wp-json\/wp\/v2\/types\/page"}],"author":[{"embeddable":true,"href":"https:\/\/leve.usthb.dz\/index.php\/wp-json\/wp\/v2\/users\/1"}],"replies":[{"embeddable":true,"href":"https:\/\/leve.usthb.dz\/index.php\/wp-json\/wp\/v2\/comments?post=8"}],"version-history":[{"count":4,"href":"https:\/\/leve.usthb.dz\/index.php\/wp-json\/wp\/v2\/pages\/8\/revisions"}],"predecessor-version":[{"id":206,"href":"https:\/\/leve.usthb.dz\/index.php\/wp-json\/wp\/v2\/pages\/8\/revisions\/206"}],"wp:attachment":[{"href":"https:\/\/leve.usthb.dz\/index.php\/wp-json\/wp\/v2\/media?parent=8"}],"curies":[{"name":"wp","href":"https:\/\/api.w.org\/{rel}","templated":true}]}}