{"id":50,"date":"2023-07-09T10:22:58","date_gmt":"2023-07-09T10:22:58","guid":{"rendered":"http:\/\/193.194.89.177\/leve_wp\/?page_id=50"},"modified":"2023-07-17T14:55:46","modified_gmt":"2023-07-17T14:55:46","slug":"evaluation-et-evolution-de-la-biodiversite-et-du-sol-dans-les-ecosystemes","status":"publish","type":"page","link":"https:\/\/leve.usthb.dz\/index.php\/evaluation-et-evolution-de-la-biodiversite-et-du-sol-dans-les-ecosystemes\/","title":{"rendered":"Evaluation et \u00e9volution de la biodiversit\u00e9 et du sol dans les \u00e9cosyst\u00e8mes"},"content":{"rendered":"\n<h1><\/h1>\n\n\n\n<p><strong>Chef d\u2019\u00e9quipe<\/strong><\/p>\n\n\n\n<h4><strong>*<a href=\"https:\/\/leve.usthb.dz\/sites\/default\/files\/2020-10\/1%20ere%20equipe%20kadi-hanifi.doc\">Pr. KADI-HANIFI Halima<\/a><\/strong><\/h4>\n\n\n\n<p><strong>membres de l\u2019\u00e9quipe&nbsp;:<\/strong><\/p>\n\n\n\n<figure class=\"wp-block-table\"><table><tbody><tr><td><strong>Nom &amp; Pr\u00e9nom<\/strong><\/td><td><strong>Grade<\/strong><\/td><\/tr><tr><td>KADI-HANIFI Halima<\/td><td>Professeur (Directrice de recherche)<\/td><\/tr><tr><td>AMGHAR Fateh<\/td><td>MCB (Charg\u00e9 de recherche)<\/td><\/tr><tr><td>BENSAID Sahraoui<\/td><td>MAA (Charg\u00e9 de recherche)<\/td><\/tr><tr><td>IHADDADEN Akli<\/td><td>MAA (Charg\u00e9 de recherche)<\/td><\/tr><tr><td>TAZAIRT Kamel<\/td><td>MAA (Charg\u00e9 de recherche)<\/td><\/tr><tr><td>BENSEGHIR Loua\u00ef<\/td><td>MAA (Charg\u00e9 de recherche)<\/td><\/tr><tr><td>SADJI Ahmed<\/td><td>Magister<\/td><\/tr><tr><td>ZENCHI Houria<\/td><td>Magister<\/td><\/tr><tr><td>ABDELLI Selloua<\/td><td>Doctorat LMD<\/td><\/tr><tr><td>BENABOURA Kaouther<\/td><td>Doctorat LMD<\/td><\/tr><tr><td>HARKATI Hadj<\/td><td>Doctorat LMD<\/td><\/tr><\/tbody><\/table><\/figure>\n\n\n\n<h3><a href=\"http:\/\/193.194.89.177\/leve_wp\/index.php\/description-des-objectifs-missions-et-activites-de-lequipe-6\/\">Description des objectifs, missions et activit\u00e9s de l\u2019\u00e9quipe<\/a><\/h3>\n\n\n\n<h3><a href=\"http:\/\/193.194.89.177\/leve_wp\/index.php\/publications-nationales-5\/\">Publications nationales<\/a><\/h3>\n\n\n\n<h3><a href=\"http:\/\/193.194.89.177\/leve_wp\/index.php\/publications-internationals\/\">Publications internationales<\/a><\/h3>\n\n\n\n<h3><a href=\"http:\/\/193.194.89.177\/leve_wp\/index.php\/communications-nationales-6\/\">Communications nationales<\/a><\/h3>\n\n\n\n<h3><a href=\"http:\/\/193.194.89.177\/leve_wp\/index.php\/communications-internationales-avec-actes-et-poceedings-edites\/\">Communications internationales<\/a><\/h3>\n\n\n\n<h3><a href=\"http:\/\/193.194.89.177\/leve_wp\/index.php\/2023\/07\/17\/theses-de-doctorat\/\">Th\u00e8ses de Doctorat<\/a><\/h3>\n\n\n\n<h3><a href=\"http:\/\/193.194.89.177\/leve_wp\/index.php\/memoires-de-magister\/\">M\u00e9moires de Magister<\/a><\/h3>\n\n\n\n<h3><a href=\"http:\/\/193.194.89.177\/leve_wp\/index.php\/memoires-de-d-e-s-et-dingeniorat\/\">M\u00e9moires de D.E.S et d\u2019Ing\u00e9niorats<\/a><\/h3>\n\n\n\n<h3><a href=\"http:\/\/193.194.89.177\/leve_wp\/index.php\/projets-de-recherche-3\/\">Projets de Recherche<\/a><\/h3>\n","protected":false},"excerpt":{"rendered":"<p>Chef d\u2019\u00e9quipe *Pr. KADI-HANIFI Halima membres de l\u2019\u00e9quipe&nbsp;: Nom &amp; Pr\u00e9nom Grade KADI-HANIFI Halima Professeur (Directrice de recherche) AMGHAR Fateh MCB (Charg\u00e9 de recherche) BENSAID Sahraoui MAA (Charg\u00e9 de recherche) IHADDADEN Akli MAA (Charg\u00e9 de recherche) TAZAIRT Kamel MAA (Charg\u00e9 <span class=\"readmore\"><a href=\"https:\/\/leve.usthb.dz\/index.php\/evaluation-et-evolution-de-la-biodiversite-et-du-sol-dans-les-ecosystemes\/\">Continue Reading<\/a><\/span><\/p>\n","protected":false},"author":1,"featured_media":0,"parent":0,"menu_order":0,"comment_status":"closed","ping_status":"closed","template":"","meta":[],"_links":{"self":[{"href":"https:\/\/leve.usthb.dz\/index.php\/wp-json\/wp\/v2\/pages\/50"}],"collection":[{"href":"https:\/\/leve.usthb.dz\/index.php\/wp-json\/wp\/v2\/pages"}],"about":[{"href":"https:\/\/leve.usthb.dz\/index.php\/wp-json\/wp\/v2\/types\/page"}],"author":[{"embeddable":true,"href":"https:\/\/leve.usthb.dz\/index.php\/wp-json\/wp\/v2\/users\/1"}],"replies":[{"embeddable":true,"href":"https:\/\/leve.usthb.dz\/index.php\/wp-json\/wp\/v2\/comments?post=50"}],"version-history":[{"count":12,"href":"https:\/\/leve.usthb.dz\/index.php\/wp-json\/wp\/v2\/pages\/50\/revisions"}],"predecessor-version":[{"id":450,"href":"https:\/\/leve.usthb.dz\/index.php\/wp-json\/wp\/v2\/pages\/50\/revisions\/450"}],"wp:attachment":[{"href":"https:\/\/leve.usthb.dz\/index.php\/wp-json\/wp\/v2\/media?parent=50"}],"curies":[{"name":"wp","href":"https:\/\/api.w.org\/{rel}","templated":true}]}}