{"id":475,"date":"2023-07-20T08:59:26","date_gmt":"2023-07-20T08:59:26","guid":{"rendered":"http:\/\/193.194.89.177\/leve_wp\/?page_id=475"},"modified":"2023-07-20T09:22:38","modified_gmt":"2023-07-20T09:22:38","slug":"communications-internationales-4","status":"publish","type":"page","link":"https:\/\/leve.usthb.dz\/index.php\/communications-internationales-4\/","title":{"rendered":"Communications internationales"},"content":{"rendered":"\n<p>-Slimani H. 2019- Conf\u00e9rence sur \u00ab long-term changes due to wind erosion in arid zones\u201d, FAO headquarter, Rome , Italie (15-17 mai, 2019).<br>&#8211; Slimani H. 2019. Long-term impact vegetation and biodiversity degradation on soil in arid steppe of Algeria. 9th International conference on biotechnology and environmental management, ICBEM2019, Madrid (Espagne).<br>&#8211; Bencherif S., Slimani H. 2018 -Bouleversement du r\u00e9gime foncier des terres collectives dans la steppe alg\u00e9rienne. Intensification agricole, privatisation des terres et surexploitation des ressources collectives. XIe s\u00e9minaire international FONCIMED.<br>&#8211; Slimani H., Aidoud A., 2017 &#8211; 40 years of monitoring of floristic diversity and vegetation in an arid steppe of Algeria. 5eme Congres International des Populations et des Communaut\u00e9s Animales (ICAPC 5) \u00abEcosyst\u00e8me Biodiversit\u00e9 et Eco d\u00e9veloppement\u00bb. Du 3- 5 Novembre 2017 \u00e0 Tamanrasset (Alg\u00e9rie).<br>&#8211; Slimani H., Aidoud A., 2017- Long-term monitoring of vegetation composition in arid steppe of Algeria. International Conference on Environment and Natural Science (ICENS). Du 24 au 25 Novembre 2017 \u00e0 Barcelone (Espagne).<br>&#8211; Slimani H., Aidoud A., 2016 &#8211; Long-term monitoring of alfa steppe in southern Oran region (Algeria) : Composition and plant species diversity.. Du 10 au 13 septembre 2016 \u00e0 Mannheim (Allemagne),.<br><br><br>&#8211; Slimani H., Aidoud A., 2015- Effet du surp\u00e2turage sur la flore et la v\u00e9g\u00e9tation de la steppe d\u2019alfa (Stipa tenacissima L.) Des Hautes Plaines de Rogassa (Alg\u00e9rie). S\u00e9minaire international sur la \u00ab Biodiversit\u00e9 et changements globaux \u00bb, du 24 au 25 novembre 2015 \u00e0 Djelfa (Alg\u00e9rie).<br>&#8211; Slimani H., Aidoud A., 2015.- Overgrazing and drought effects on plant diversity in a alfa (Stipa tenacissima L.) steppe in Algeria. Conf\u00e9rence Botanikertagung 2015, Munich (Allemagne), du 30 ao\u00fbt au 3 septembre 2015.<br>&#8211; Slimani H., Aidoud A., 2014.- 37 Years of monitoring of a steppic rangeland undergoing desertification: case study of an alfa grass steppe in Algeria. Conf\u00e9rence International pour la technologie et la science, Rome, du 28 au 31 Octobre 2014.<br>-Slimani H., Aidoud A., 2014.- Impact du surp\u00e2turage et de la pluviosit\u00e9 sur la richesse et la diversit\u00e9 v\u00e9g\u00e9tale : cas d\u2019une steppe d\u2019alfa (Stipa tenacissima L.) de plaine d\u2019Alg\u00e9rie. 2\u00e8me congr\u00e8s international sur la diversit\u00e9 v\u00e9g\u00e9tale, Marrakech (Maroc), 27-29 Mars 2014.<br>-Slimani H., Aidoud A., 2013.- The long term monitoring of desertification : the case study of the alfa (Stipa tenacissima L.) steppe of the High Plains of Algeria. Conf\u00e9rence sur la d\u00e9sertification et la d\u00e9gradation des terres, 17-18 juin 2013, Ghent (Belgique).<br>-Slimani H. 2012.- communication orale au symposium international sur la gestion durable de l\u2019alfa et des parcours steppiques naturels. Djelfa (Alg\u00e9rie) du 4 au 9 novembre 2012.<br>-Slimani H., 2011.- Communication orale sur la d\u00e9sertification des steppes d\u2019alfa pr\u00e9sent\u00e9e \u00e0 la 10\u00e8me Conf\u00e9rence des parties sur la lutte contre la d\u00e9sertification du 7 au 22 Octobre 2011 \u00e0 Changwon (Cor\u00e9e du Sud) <br>-Aidoud A, Slimani H, et Roz\u00e9 F. 2010.- Exclosure as restoration technique for degraded arid rangelands. 7th European Conference on Ecological Restoration, Avignon, August 23-27 2010, France.<br>-Slimani H., Aidoud A., 2005 \u2013 Effet du surp\u00e2turage sur la diversit\u00e9 v\u00e9g\u00e9tale et le sol : cas d\u2019une steppe d\u2019alfa (Stipa tenacissima L.) de plaine. 1er s\u00e9minaire international sur l\u2019environnement et ses probl\u00e8mes connexes (SIEPC 2005). B\u00e9jaia du 5 au 7 juin 2005.<br>-Slimani H., Aidoud A., 2002- Impact du p\u00e2turage sur la richesse et la diversit\u00e9 v\u00e9g\u00e9tale : cas d\u2019une steppe d\u2019alfa de plaine. 2\u00e8me colloque international des Chaires Unesco-Gas Natural sur le d\u00e9veloppement durable du Maghreb : Diversit\u00e9s Biologiques Ecologiques Culturelles et Environnement. Laghouat (Alg\u00e9rie) du 28 au 30 avril 2002.<br>&#8211; Slimani H., Aidoud A., 2002 &#8211; Desertification in the Maghreb : A case study of an Algerian High-Plain steppe. NATO ARW Seminar \u201c Environmental Challenges in the Mediterranean (2000-2050)\u201d . Madrid du 2 au 5 Octobre 2002.<br>-Slimani H. &amp; Bouzenoune A. 1993 \u2013 contribution \u00e0 l\u2019\u00e9tude des groupements steppiques de la commune d\u2019Asla (W. Na\u00e2ma) par la cartographie, l\u2019\u00e9valuation et proposition d\u2019am\u00e9nagement. 1er colloque maghr\u00e9bin sur la pr\u00e9servation de la nature. Annaba, du 28 au 30 novembre 1993.<br>-Slimani H. &amp; Bouzenoune A. 1993 \u2013 environnement et l\u00e9gislation. 1er colloque maghr\u00e9bin sur la pr\u00e9servation de la nature. Annaba, du 28 au 30 novembre 1993<\/p>\n\n\n\n<p>-Llamazares,\u00a0\u00c1.;\u00a0Bencherif,\u00a0S.; Holand, \u00d8.; Fortelius, M.; Seitsonen, O.; Fern\u00e1ndez-Gim\u00e9nez, M.E.; Galvin, K.A.; Stenseth, N.Chr. (2021).\u00a0Towards a holistic understanding of pastoralism. In: Proceedings of the XXIV International Grassland Congress &amp; XI International Rangeland Congress. 25<sup>th<\/sup>-29<sup>th<\/sup>\u00a0Oct, Nairobi, Kenya. https:\/\/uknowledge.uky.edu\/cgi\/viewcontent.cgi?article=4323&amp;context=igc<\/p>\n\n\n\n<p>-Bencherif, S.; Zoubidi, M. Intensification of pastoral systems in Algeria: what consequences on society and on land resources? <em>FONCIMED International Annual Seminar on<\/em> &#8220;Agricultural uses of water and intensification of production systems: what consequences on land resources?&#8221;, Evora, 26-28 October 2022.<\/p>\n\n\n\n<p>-Bencherif, S.; Manzano, P. \u201c<em>Intensification of pastoralism as a driver of degradation in the Algerian steppe\u201d<\/em>. In Proceedings of the Joint XXIV IGC and XI IRC Congress, Nairobi, Kenya, 23\u201329 October 2021.<\/p>\n\n\n\n<p>-Bencherif, S<em>.<\/em><em> \u201c<\/em><em>Agro-Sylvo-pastoral practices and land tenure in the high steppe plains of Djelfa (Algeria): transformations and environmental impact\u201d, FONCIMED International Annual Seminar on \u201cInherited Land Forms and Contemporary Issues in the Mediterranean Mountains\u201d, Corte, France 12-14 October 2020.<\/em><\/p>\n","protected":false},"excerpt":{"rendered":"<p>-Slimani H. 2019- Conf\u00e9rence sur \u00ab long-term changes due to wind erosion in arid zones\u201d, FAO headquarter, Rome , Italie (15-17 mai, 2019).&#8211; Slimani H. 2019. Long-term impact vegetation and biodiversity degradation on soil in arid steppe of Algeria. 9th <span class=\"readmore\"><a href=\"https:\/\/leve.usthb.dz\/index.php\/communications-internationales-4\/\">Continue Reading<\/a><\/span><\/p>\n","protected":false},"author":1,"featured_media":0,"parent":0,"menu_order":0,"comment_status":"closed","ping_status":"closed","template":"","meta":[],"_links":{"self":[{"href":"https:\/\/leve.usthb.dz\/index.php\/wp-json\/wp\/v2\/pages\/475"}],"collection":[{"href":"https:\/\/leve.usthb.dz\/index.php\/wp-json\/wp\/v2\/pages"}],"about":[{"href":"https:\/\/leve.usthb.dz\/index.php\/wp-json\/wp\/v2\/types\/page"}],"author":[{"embeddable":true,"href":"https:\/\/leve.usthb.dz\/index.php\/wp-json\/wp\/v2\/users\/1"}],"replies":[{"embeddable":true,"href":"https:\/\/leve.usthb.dz\/index.php\/wp-json\/wp\/v2\/comments?post=475"}],"version-history":[{"count":2,"href":"https:\/\/leve.usthb.dz\/index.php\/wp-json\/wp\/v2\/pages\/475\/revisions"}],"predecessor-version":[{"id":485,"href":"https:\/\/leve.usthb.dz\/index.php\/wp-json\/wp\/v2\/pages\/475\/revisions\/485"}],"wp:attachment":[{"href":"https:\/\/leve.usthb.dz\/index.php\/wp-json\/wp\/v2\/media?parent=475"}],"curies":[{"name":"wp","href":"https:\/\/api.w.org\/{rel}","templated":true}]}}