{"id":463,"date":"2023-07-18T12:56:33","date_gmt":"2023-07-18T12:56:33","guid":{"rendered":"http:\/\/193.194.89.177\/leve_wp\/?page_id=463"},"modified":"2023-07-18T13:10:37","modified_gmt":"2023-07-18T13:10:37","slug":"encadrements","status":"publish","type":"page","link":"https:\/\/leve.usthb.dz\/index.php\/encadrements\/","title":{"rendered":"Encadrements"},"content":{"rendered":"\n<p><strong>Encadrement par OMARI.L<\/strong><\/p>\n\n\n\n<p><strong>Ing\u00e9niorats<\/strong><\/p>\n\n\n\n<ul>\n<li><strong>HerharH. et ZegrourN.&nbsp;; 2009&nbsp;:<\/strong> Contribution \u00e0 l\u2019\u00e9tude de l\u2019impact des m\u00e9thodes de restaurations \u00e9cologiques sur la biodiversit\u00e9 et lutte contre la d\u00e9sertification.<\/li>\n\n\n\n<li><strong>DaghefaliK. et AbdelazizR.&nbsp;; 2009&nbsp;:<\/strong> Etude pr\u00e9liminaire de la zone humide Fort Saint Debdeb (wilaya d\u2019Illizi).<\/li>\n\n\n\n<li><strong>AmaoucheS.et BoudraF.&nbsp;; 2010&nbsp;: <\/strong>Valorisation des boues d\u2019\u00e9puration des eaux us\u00e9es urbaines en agriculture.<\/li>\n<\/ul>\n\n\n\n<p><strong>Mast\u00e8res II<\/strong><\/p>\n\n\n\n<ul>\n<li><strong>IkhlefL. etLadjouzi .I<\/strong>(2016).Impact environnemental des activit\u00e9s p\u00e9troli\u00e8res (forage) sur les&nbsp; eaux souterraines (l\u2019albien) de la r\u00e9gion INSALAH.<\/li>\n\n\n\n<li><strong>RahaliN. et ChiliS.<\/strong>(2023). \u00c9valuation de l&#8217;\u00e9tat sanitaire et des risques de pollution des zones agricoles de la wilaya de Boumerd\u00e8s.<\/li>\n\n\n\n<li><strong>Bouache N. et Sahouli C<\/strong>. (2023). Evaluation de la pollution hydrique du lac de Reghaia par la bioindication.<\/li>\n\n\n\n<li><strong>Medjani N. et Achouche H.<\/strong> (2023). Etude de la biodiversit\u00e9 des formations v\u00e9g\u00e9tales de la wilaya de Boumerd\u00e8s<\/li>\n<\/ul>\n\n\n\n<p><strong>Encadrement et co encadrement&nbsp; par &nbsp;KHOUDIR.S&nbsp;:<\/strong><\/p>\n\n\n\n<p>&nbsp;<strong>Encadrement <\/strong>d\u2019un m\u00e9moire de Master en Ecologie (Universit\u00e9 Yahia Far\u00e8s, M\u00e9d\u00e9a) intitul\u00e9 : \u00ab Contribution \u00e0 l\u2019\u00e9tude phyto\u00e9cologique et inventaire des plantes de la for\u00eat domaniale d\u2019Oued Chair (Commune d\u2019El Berrouaghia, Wilaya de M\u00e9d\u00e9a)\u00bb 2022-2023.<\/p>\n\n\n\n<p><strong>Co-Encadrement <\/strong>d\u2019un m\u00e9moire de Master en Ecologie (Universit\u00e9 Yahia Far\u00e8s, M\u00e9d\u00e9a) intitul\u00e9 : \u00ab Contribution \u00e0 la valorisation socio-\u00e9conomique des esp\u00e8ces v\u00e9g\u00e9tales \u00e0 int\u00e9r\u00eat m\u00e9dicinal dans la r\u00e9gion de M\u00e9d\u00e9a, analyse de la distribution de groupements phytosociologiques \u00bb 2022-2023.<\/p>\n\n\n\n<p><strong>Encadrement <\/strong>d\u2019un m\u00e9moire de Master en Ecologie (Universit\u00e9 Yahia Far\u00e8s, M\u00e9d\u00e9a) intitul\u00e9 : Contribution \u00e0 l\u2019\u00e9tude diachronique des changements du couvert v\u00e9g\u00e9tal dans l\u2019Atlas Blid\u00e9en \u00bb 2021-2022.<\/p>\n\n\n\n<p><strong>Co-Encadrement <\/strong>d\u2019un m\u00e9moire de Master en Ecologie (Universit\u00e9 Yahia Far\u00e8s, M\u00e9d\u00e9a) intitul\u00e9 : Influence des produits phytosanitaires sur la r\u00e9partition des esp\u00e8ces entomologiques auxiliaires associ\u00e9es aux Citrus dans les r\u00e9gions Mitidja Centre et M\u00e9d\u00e9a Ouest, Alg\u00e9rie.\u00bb 2021-2022.<\/p>\n\n\n\n<p><strong>Encadrement <\/strong>d\u2019un m\u00e9moire de Master en Ecologie (Universit\u00e9 Yahia Far\u00e8s, M\u00e9d\u00e9a) intitul\u00e9 : \u00ab Contribution \u00e0 l\u2019\u00e9tude diachronique du climat et du bioclimat de quelques stations de l\u2019Atlas tellien (Alg\u00e9rie septentrionale)\u00bb 2020-2021.<\/p>\n\n\n\n<p><strong>Encadrement <\/strong>d\u2019un m\u00e9moire de Master en Ecologie (Universit\u00e9 Yahia Far\u00e8s, M\u00e9d\u00e9a) intitul\u00e9 : \u00ab Contribution \u00e0 l\u2019\u00e9tude cartographique des risques d\u2019incendies de for\u00eats dans la wilaya de M\u00e9d\u00e9a (For\u00eat domaniale d\u2019El Berrouaghia) par t\u00e9l\u00e9d\u00e9tection \u00bb 2020-2021.<\/p>\n\n\n\n<p><strong>Encadrement <\/strong>d\u2019un m\u00e9moire de Master en Ecologie (Universit\u00e9 Yahia Far\u00e8s, M\u00e9d\u00e9a) intitul\u00e9 : \u00ab Contribution \u00e0 l\u2019\u00e9tude Phyto\u00e9cologique et inventaire des plantes de la for\u00eat de Berrouaghia secteur d\u2019en Fernane (wilaya de M\u00e9d\u00e9a)\u00bb 2019-2020.<\/p>\n\n\n\n<p><strong>Co-Encadrement <\/strong>d\u2019un m\u00e9moire de Master en Ecologie (Universit\u00e9 Yahia Far\u00e8s, M\u00e9d\u00e9a) intitul\u00e9 : \u00ab Contribution \u00e0 l&#8217;\u00e9tude phyto\u00e9cologique et de la diversit\u00e9 floristique des stations \u00e0 Pin d\u2019Alep dans la partie centrale de l\u2019Atlas saharien (w. Djelfa)\u00bb 2019-2020.<\/p>\n\n\n\n<p><strong>Encadrement <\/strong>d\u2019un m\u00e9moire de Master en Ecologie (Universit\u00e9 Yahia Far\u00e8s, M\u00e9d\u00e9a) intitul\u00e9 : \u00ab Contribution \u00e0 la r\u00e9alisation de la carte d\u2019occupation des Terre de la r\u00e9gion du Parc National de Chr\u00e9a (Secteur el Hamdania\u00bb 2018-2019.<\/p>\n\n\n\n<p><strong>Encadrement <\/strong>d\u2019un m\u00e9moire de Master en Ecologie (Universit\u00e9 Yahia Far\u00e8s, M\u00e9d\u00e9a) intitul\u00e9 : \u00ab Contribution \u00e0 l\u2019\u00e9laboration de la carte des unit\u00e9s paysag\u00e8res de la partie Sud de la r\u00e9gion du Hodna (Wilaya de M\u2019sila)\u00bb 2017-2018.<\/p>\n\n\n\n<p><strong>Encadrement <\/strong>d\u2019un m\u00e9moire de Master en Ecologie et Protection de l\u2019Environnement (Universit\u00e9 Yahia Far\u00e8s, M\u00e9d\u00e9a) intitul\u00e9 : \u00ab Contribution \u00e0 la r\u00e9alisation de la carte de v\u00e9g\u00e9tation de la for\u00eat domaniale de Oued Echair (M\u00e9d\u00e9a) avec les Syst\u00e8mes d&#8217;Informations G\u00e9ographique (SIG). \u00bb 2016-2017.<\/p>\n\n\n\n<p><strong>Co-encadrement <\/strong>d\u2019un m\u00e9moire de Master en Ecologie et Environnement (UMBB) intitul\u00e9 : \u00abEl\u00e9ments de r\u00e9flexion \u00e0 propos d&#8217;une \u00e9tude d&#8217;impact des Bourbiers dans la r\u00e9gion de Hassi Messaoud et Ourhoud\u00bb. 2010-2011.<\/p>\n\n\n\n<p><strong>Co-encadrement <\/strong>d\u2019un m\u00e9moire de Master en Ecologie et Environnement (UMBB) intitul\u00e9 : \u00ab Carte de v\u00e9g\u00e9tation de la for\u00eat domaniale de Bou Arbi \u00e0 Dellys (Boumerdes) avec les Syst\u00e8mes d&#8217;Informations G\u00e9ographique (SIG). \u00bb. 2010-2011.<\/p>\n\n\n\n<p><strong>Co-encadrement <\/strong>d\u2019un m\u00e9moire d\u2019ing\u00e9niorat d\u2019\u00e9tat en Ecologie et Environnement (USTHB) intitul\u00e9 : \u00ab Etude dynamique de la for\u00eat \u00e0 Ch\u00eane kerm\u00e8s \u00ab <em>Quercus coccifera <\/em>\u00bbde la r\u00e9gion de Tipaza, sous l\u2019impact de divers facteurs de d\u00e9gradation. Cas de la fertilisation excessive \u00bb. 2008-2009.<\/p>\n","protected":false},"excerpt":{"rendered":"<p>Encadrement par OMARI.L Ing\u00e9niorats Mast\u00e8res II Encadrement et co encadrement&nbsp; par &nbsp;KHOUDIR.S&nbsp;: &nbsp;Encadrement d\u2019un m\u00e9moire de Master en Ecologie (Universit\u00e9 Yahia Far\u00e8s, M\u00e9d\u00e9a) intitul\u00e9 : \u00ab Contribution \u00e0 l\u2019\u00e9tude phyto\u00e9cologique et inventaire des plantes de la for\u00eat domaniale d\u2019Oued Chair <span class=\"readmore\"><a href=\"https:\/\/leve.usthb.dz\/index.php\/encadrements\/\">Continue Reading<\/a><\/span><\/p>\n","protected":false},"author":1,"featured_media":0,"parent":0,"menu_order":0,"comment_status":"closed","ping_status":"closed","template":"","meta":[],"_links":{"self":[{"href":"https:\/\/leve.usthb.dz\/index.php\/wp-json\/wp\/v2\/pages\/463"}],"collection":[{"href":"https:\/\/leve.usthb.dz\/index.php\/wp-json\/wp\/v2\/pages"}],"about":[{"href":"https:\/\/leve.usthb.dz\/index.php\/wp-json\/wp\/v2\/types\/page"}],"author":[{"embeddable":true,"href":"https:\/\/leve.usthb.dz\/index.php\/wp-json\/wp\/v2\/users\/1"}],"replies":[{"embeddable":true,"href":"https:\/\/leve.usthb.dz\/index.php\/wp-json\/wp\/v2\/comments?post=463"}],"version-history":[{"count":2,"href":"https:\/\/leve.usthb.dz\/index.php\/wp-json\/wp\/v2\/pages\/463\/revisions"}],"predecessor-version":[{"id":468,"href":"https:\/\/leve.usthb.dz\/index.php\/wp-json\/wp\/v2\/pages\/463\/revisions\/468"}],"wp:attachment":[{"href":"https:\/\/leve.usthb.dz\/index.php\/wp-json\/wp\/v2\/media?parent=463"}],"curies":[{"name":"wp","href":"https:\/\/api.w.org\/{rel}","templated":true}]}}