{"id":443,"date":"2023-07-17T14:52:04","date_gmt":"2023-07-17T14:52:04","guid":{"rendered":"http:\/\/193.194.89.177\/leve_wp\/?page_id=443"},"modified":"2023-07-17T15:00:58","modified_gmt":"2023-07-17T15:00:58","slug":"communications-nationales-6","status":"publish","type":"page","link":"https:\/\/leve.usthb.dz\/index.php\/communications-nationales-6\/","title":{"rendered":"\u00a0\u00a0\u00a0\u00a0\u00a0\u00a0\u00a0\u00a0\u00a0\u00a0\u00a0\u00a0\u00a0\u00a0\u00a0\u00a0 \u00a0Communications nationals"},"content":{"rendered":"\n<p><strong>&nbsp;<\/strong><strong>&#8220;<\/strong>Groupes \u00e9daphiques des formations v\u00e9g\u00e9tales de l\u2019Ouest Alg\u00e9rien&#8221; <strong>Colloque&nbsp; de biologie. U.S.T.H.B. Alger&nbsp; F\u00e9vrier 1981.<\/strong> ACHOUR H<\/p>\n\n\n\n<p>&#8220;Sols et leur mise en valeur dans wilaya de Sa\u00efda&#8221; <strong>S\u00e9minaire sur le&nbsp; \u00ab&nbsp;d\u00e9veloppement de la steppe&nbsp;\u00bb Sa\u00efda&nbsp; Septembre 1983<\/strong>. ACHOUR H<\/p>\n\n\n\n<p><strong>&nbsp;&#8220;<\/strong>Etude diachronique des formations \u00e0 alfa de l\u2019Ouest Alg\u00e9rien&#8221;. <strong>S\u00e9minaire sur&nbsp; \u00ab&nbsp; la biologie et l\u2019\u00e9cologie des zones arides &nbsp;\u00bb Na\u00e2ma&nbsp; Mai 1992<\/strong>.Kadi-Hanifi H<\/p>\n\n\n\n<p><strong>&#8221; <\/strong>Etude phytosociologique des nappes alfati\u00e8res de l\u2019Alg\u00e9rie&#8221;&nbsp;&nbsp; <strong>Colloque et excursion de phytosociologie. Taghit&nbsp; Juin 1993<\/strong>.Kadi-Hanifi H<\/p>\n\n\n\n<p>&#8220;Diversit\u00e9 biologique v\u00e9g\u00e9tale : &nbsp;Etat de nos connaissances sur la diversit\u00e9 biologique de l\u2019Alg\u00e9rie.&#8221;&nbsp; <strong>1er S\u00e9minaire national sur la connaissance et l\u2019utilisation durable de la diversit\u00e9 biologique. 13 et 14 D\u00e9cembre 1998. Secr\u00e9tariat d\u2019\u00e9tat charg\u00e9 de l\u2019environnement aupr\u00e8s du minist\u00e8re de&nbsp; l\u2019environnement et des collectivit\u00e9s locales<\/strong>.Kadi-Hanifi H et Dahmani M<\/p>\n\n\n\n<p><strong>&nbsp;&#8220;<\/strong>Diversit\u00e9 biologique et phytog\u00e9ographique dans les formations \u00e0 alfa&#8221;.<strong>1er&nbsp; S\u00e9minaire national sur la connaissance et l\u2019utilisation durable de la&nbsp; diversit\u00e9 biologique. 13 et 14 D\u00e9cembre 1998<\/strong>. <strong>Secr\u00e9tariatd\u2019\u00e9tat charg\u00e9 de l\u2019environnement aupr\u00e8s du minist\u00e8re de l\u2019environnement et des&nbsp; collectivit\u00e9s&nbsp; locales<\/strong>.Kadi-Hanifi H<\/p>\n\n\n\n<p><strong>&#8221; <\/strong>Vegetation-soil relations in the formations to <em>Stipa tenacissima <\/em>&nbsp;of the Algeria<strong>.&#8221; <\/strong><strong>S\u00e9minaire organis\u00e9 par le CRSTRA du 1 au 3 Octobre 2000&nbsp; A El Oued. L\u2019apport de recherche scientifique et des nouvelles technologies dans le d\u00e9veloppement et la mise en valeur des r\u00e9gions arides et semi-arides<\/strong>.Kadi-Hanifi H<\/p>\n\n\n\n<p>&#8220;Essai d\u2019inventaire de la flore de la r\u00e9gion de Bechar&#8221;. <strong>Journ\u00e9es nationales&nbsp; Sant\u00e9 et environnement FOREM 29 Novembre &#8211; 1 D\u00e9cembre 2001 <\/strong>Kadi-Hanifi H et Briki M<\/p>\n\n\n\n<p>&#8220;Diversit\u00e9 floristique de quelques formations de d\u00e9gradation en Alg\u00e9rie&#8221;. <strong>29 Avril \u2013 2 Mai 2002 Laghouat . S\u00e9minaire Chair UNESCO.&nbsp;&nbsp;&nbsp;&nbsp; Environnement et d\u00e9veloppement durable <\/strong>Kadi-Hanifi H Amghar F et Briki M&nbsp;<\/p>\n\n\n\n<p><strong>&nbsp;&#8220;<\/strong>Sensibilit\u00e9 \u00e0 la d\u00e9sertification de l\u2019Alg\u00e9rie septentrionale&#8221;. <strong>Journ\u00e9e mondiale de l\u2019environnement 5 Juin 2004. Minist\u00e8re de l\u2019environnement et de l\u2019am\u00e9nagement du territoire<\/strong>. Kadi-Hanifi H<\/p>\n\n\n\n<p>&#8221;&nbsp;Effet de l\u2019anthropisme et de l\u2019aridit\u00e9 sur la biodiversit\u00e9 et le sol de la r\u00e9gion de Tadmit (Wilaya de Djelfa) .&nbsp; <strong>S\u00e9minaire organis\u00e9 par le CRSTRA 15-18 D\u00e9cembre 2007 BISKRA<\/strong> Benseghir Loua\u00ef et Kadi-Hanifi H<\/p>\n\n\n\n<p>&#8220;Comparaison de l\u2019effet des mises en d\u00e9fens et les plantations fourrag\u00e8res \u00e0 base d\u2019<em>Atriplexcanescens<\/em>sur la diversit\u00e9 floristique et la chimie du sol dans un faci\u00e8s \u00e0 <em>Lygeumspartum<\/em>.&#8221; <strong>Journ\u00e9es Scientifiques organis\u00e9es \u00e0 l\u2019occasion du 40<sup>\u00e8me<\/sup>anniversaire de l\u2019U.S.T.H.B du 21 au 25 avril 2014 \u00e0 la Facult\u00e9 des Sciences Biologiques- USTHB<\/strong> Kadi-Hanifi, H., Abdeloui, S., et Amghar, F<\/p>\n\n\n\n<p>\u00ab&nbsp;&nbsp;Influence des facteurs \u00e9cologiques sur la composition et la richesse floristique de la v\u00e9g\u00e9tation \u00e0 ch\u00eane vert&nbsp;\u00bb<strong>Journ\u00e9es Scientifiques organis\u00e9es \u00e0 l\u2019occasion du 40<sup>\u00e8me<\/sup>anniversaire de l\u2019U.S.T.H.B du 21 au 25 avril 2014 \u00e0 la Facult\u00e9 des Sciences Biologiques- USTHB<\/strong> <strong>Ihaddaden A et Kadi-Hanifi Halima<\/strong><\/p>\n\n\n\n<p>&#8220;Evaluation de la biodiversit\u00e9 et facteurs d\u00e9terminants<em> &#8220;<strong>Journees Ecologie Et Environnement <\/strong><\/em><strong>Du 14 et&nbsp; 15 Mai 2018 F.S. B \/USTHB Ihaddaden Akli et Kadi-Hanifi<\/strong><\/p>\n","protected":false},"excerpt":{"rendered":"<p>&nbsp;&#8220;Groupes \u00e9daphiques des formations v\u00e9g\u00e9tales de l\u2019Ouest Alg\u00e9rien&#8221; Colloque&nbsp; de biologie. U.S.T.H.B. Alger&nbsp; F\u00e9vrier 1981. ACHOUR H &#8220;Sols et leur mise en valeur dans wilaya de Sa\u00efda&#8221; S\u00e9minaire sur le&nbsp; \u00ab&nbsp;d\u00e9veloppement de la steppe&nbsp;\u00bb Sa\u00efda&nbsp; Septembre 1983. ACHOUR H &nbsp;&#8220;Etude <span class=\"readmore\"><a href=\"https:\/\/leve.usthb.dz\/index.php\/communications-nationales-6\/\">Continue Reading<\/a><\/span><\/p>\n","protected":false},"author":1,"featured_media":0,"parent":0,"menu_order":0,"comment_status":"closed","ping_status":"closed","template":"","meta":[],"_links":{"self":[{"href":"https:\/\/leve.usthb.dz\/index.php\/wp-json\/wp\/v2\/pages\/443"}],"collection":[{"href":"https:\/\/leve.usthb.dz\/index.php\/wp-json\/wp\/v2\/pages"}],"about":[{"href":"https:\/\/leve.usthb.dz\/index.php\/wp-json\/wp\/v2\/types\/page"}],"author":[{"embeddable":true,"href":"https:\/\/leve.usthb.dz\/index.php\/wp-json\/wp\/v2\/users\/1"}],"replies":[{"embeddable":true,"href":"https:\/\/leve.usthb.dz\/index.php\/wp-json\/wp\/v2\/comments?post=443"}],"version-history":[{"count":2,"href":"https:\/\/leve.usthb.dz\/index.php\/wp-json\/wp\/v2\/pages\/443\/revisions"}],"predecessor-version":[{"id":451,"href":"https:\/\/leve.usthb.dz\/index.php\/wp-json\/wp\/v2\/pages\/443\/revisions\/451"}],"wp:attachment":[{"href":"https:\/\/leve.usthb.dz\/index.php\/wp-json\/wp\/v2\/media?parent=443"}],"curies":[{"name":"wp","href":"https:\/\/api.w.org\/{rel}","templated":true}]}}