{"id":435,"date":"2023-07-17T14:35:45","date_gmt":"2023-07-17T14:35:45","guid":{"rendered":"http:\/\/193.194.89.177\/leve_wp\/?page_id=435"},"modified":"2023-07-20T09:36:44","modified_gmt":"2023-07-20T09:36:44","slug":"communications-nationales-5","status":"publish","type":"page","link":"https:\/\/leve.usthb.dz\/index.php\/communications-nationales-5\/","title":{"rendered":"<strong>Communications nationales<\/strong><strong><\/strong>"},"content":{"rendered":"\n<p><strong>Annee 2021<\/strong><\/p>\n\n\n\n<p>&#8211;<strong>Slimani H.,Bencherif Slimane<\/strong>., 2021- Durabilit\u00e9 des modes de gestion actuels des parcours d\u2019El Bayadh. 1er atelier sur l\u2019\u00e9valuation et de la gestion des ressources environnementales, 14 juillet 2021, Alger , USTHB<\/p>\n\n\n\n<p><strong>Ann\u00e9e 2018<\/strong><\/p>\n\n\n\n<p><br>&#8211; <strong>Slimani H<\/strong>., Aidoud A., 2018- suivi \u00e0 long terme de la diversit\u00e9 v\u00e9g\u00e9tale et de la composition floristiques dans une steppe d\u2019Alfa (Stipa tenacissima L.) du Dud-Oranais. Journ\u00e9es \u00e9cologie et environnement. USTHB, FSB, d\u00e9part EE.<\/p>\n\n\n\n<p><strong>Ann\u00e9e 2017<\/strong><\/p>\n\n\n\n<p><br>&#8211; <strong>Slimani H<\/strong>., Aidoud A., 2017- suivi \u00e0 long terme de la composition v\u00e9g\u00e9tale dans une steppe aride en Alg\u00e9rie. 1\u00e8re journ\u00e9e d\u2019\u00e9tude et d\u2019information sur le \u00ab Flux de la biodiversit\u00e9 dans l\u2019alg\u00e9rois \u00bb. INRAA, Alger le 14 d\u00e9cembre 2017.<br><\/p>\n\n\n\n<p><\/p>\n\n\n\n<p><\/p>\n\n\n\n<p><strong>Ann\u00e9e 2014<\/strong><strong><\/strong><\/p>\n\n\n\n<p><img decoding=\"async\" loading=\"lazy\" width=\"8\" height=\"11\" src=\"\" alt=\"-\">&nbsp;<strong>Adi N<\/strong>. Influence de la salinit\u00e9 sur la diversit\u00e9 floristique dans la r\u00e9gion du Chott Ech-Chergui (sud oranais)&nbsp;\u00bb.Participation avec une communication affich\u00e9e aux Journ\u00e9es Scientifiques et P\u00e9dagogiques organis\u00e9es dans le cadre du 40\u00e8me anniversaire de la cr\u00e9ation de l\u2019USTHB Avril 2014<\/p>\n\n\n\n<p><img decoding=\"async\" loading=\"lazy\" width=\"8\" height=\"11\" src=\"\" alt=\"-\">&nbsp;<strong>Slimani H<\/strong>. Participation \u00e0 l\u2019atelier pour la validation du 5\u00e8me rapport national sur la diversit\u00e9 biologique, organis\u00e9 par le Minist\u00e8re de l\u2019Am\u00e9nagement du Territoire et de l\u2019Environnement. Alger, 22 Septembre 2014<\/p>\n\n\n\n<p><strong>Ann\u00e9e 2013<\/strong><\/p>\n\n\n\n<p><\/p>\n\n\n\n<p><img decoding=\"async\" loading=\"lazy\" width=\"8\" height=\"11\" src=\"\" alt=\"-\">&nbsp;<strong>Slimani H.<\/strong>&nbsp;2013 &#8211; 35 ans de suivi d\u2019un parcours steppique en voie de d\u00e9sertification. festivit\u00e9s du 39 \u00e8me anniversaire de l\u2019Universit\u00e9 des Sciences et de la Technologie Houari Boumediene du 22 au 26 Avril 2013.<\/p>\n\n\n\n<p><img decoding=\"async\" loading=\"lazy\" width=\"8\" height=\"11\" src=\"\" alt=\"-\">&nbsp;<strong>Bouzenoune A<\/strong>. Participation au 39 \u00e8me anniversaire de l\u2019Universit\u00e9 des Sciences et de la Technologie Houari Boumediene du 22 au 26 Avril 2013. Portes ouvertes sur les \u00e9cosyst\u00e8mes terrestres&nbsp;: exposition photos et herbier<\/p>\n\n\n\n<p><img decoding=\"async\" loading=\"lazy\" width=\"8\" height=\"11\" src=\"\" alt=\"-\">\u00a0<strong>Bouzenoune A<\/strong>. 2013.- 3\u00e8me Conf\u00e9rence sur l\u2019eau \u00ab\u00a0CLEAU\u00a0\u00bb les 18-20 novembre 2013, organis\u00e9e par l\u2019Ecole Nationale Polytechnique-Alger<\/p>\n\n\n\n<p><strong>Ann\u00e9e 2012<\/strong><\/p>\n\n\n\n<p>&#8211; Badaoui W., Berkai R. &amp; <strong>Slimani H<\/strong>., 2012 &#8211; R\u00f4le de la mise en d\u00e9fens dans la protection de la v\u00e9g\u00e9tation : cas de la steppe d\u2019alfa (Stipa tenacissima L.) de Stitten du Sud oranais. Journ\u00e9es scientifiques de l\u2019USTHB organis\u00e9es dans le cadre du 38\u00e8me anniversaire de la cr\u00e9ation de l\u2019USTHB. Du 22 au 26 avril 2012.<\/p>\n\n\n\n<p><strong>Ann\u00e9e 2011<\/strong><\/p>\n\n\n\n<p><img decoding=\"async\" loading=\"lazy\" width=\"8\" height=\"11\" src=\"\" alt=\"-\">&nbsp;<strong>Nedjraoui D.<\/strong>&nbsp;2011- Vuln\u00e9rabilit\u00e9 des \u00e9cosyst\u00e8mes steppiques en Alg\u00e9rie. Atelier Sous-r\u00e9gional sur \u201cL\u2019effet du Changement Climatique sur l\u2019\u00e9levage et la gestion durable des parcours dans les zones arides et semi-arides du Maghreb\u201c Ouargla-Alg\u00e9rie, du 21 au 24 Novembre 2011<\/p>\n\n\n\n<p><img decoding=\"async\" loading=\"lazy\" width=\"8\" height=\"11\" src=\"\" alt=\"-\">&nbsp;<strong>Boughani A.<\/strong>&nbsp;2011- Contribution \u00e0 l\u2019\u00e9tude du ph\u00e9nom\u00e8ne de l\u2019ensablement dans le Sud Oranais. S\u00e9minaire international sur les for\u00eats et les steppes des milieux semi-aride. Djelfa, 28-30 novembre, 2011<\/p>\n\n\n\n<p><img decoding=\"async\" loading=\"lazy\" width=\"8\" height=\"11\" src=\"\" alt=\"-\">&nbsp;<strong>Adi N.<\/strong>&nbsp;2011- Etat de la V\u00e9g\u00e9tation pastorales des steppes centrales alg\u00e9rienne ( cas de la coop\u00e9rative de Ain Ouss\u00e9ra). S\u00e9minaire international sur les for\u00eats et les steppes des milieux semi-aride. Djelfa, 28-30 novembre, 2011<\/p>\n\n\n\n<p><img decoding=\"async\" loading=\"lazy\" width=\"8\" height=\"11\" src=\"\" alt=\"-\">&nbsp;Ait Hamouda T., Bendou S., Abdoun F. &amp;&nbsp;<strong>Nedjraoui D.<\/strong>, 2011, pluralit\u00e9 de l\u2019\u00e9cosyst\u00e8me \u00e0 arganier dans la hamada de Tindouf. S\u00e9minaire national sur la pr\u00e9servation et la valorisation de l\u2019arganier, Tindouf, du 9-11 avril 2011.<\/p>\n\n\n\n<p><img decoding=\"async\" loading=\"lazy\" width=\"8\" height=\"11\" src=\"\" alt=\"-\">&nbsp;Bendou S., Ait Hamouda T., Abdoun F. &amp;&nbsp;<strong>Nedjraoui D.<\/strong>, 2011, diversit\u00e9 arbor\u00e9e et arbustive de l\u2019arganeraie de oued El-ma, Tindouf. S\u00e9minaire national sur la pr\u00e9servation et la valorisation de l\u2019arganier, Tindouf, du 9-11 avril 2011.<\/p>\n\n\n\n<p><strong>Ann\u00e9e 2009<\/strong><\/p>\n\n\n\n<p><img decoding=\"async\" loading=\"lazy\" width=\"8\" height=\"11\" src=\"\" alt=\"-\">&nbsp;<strong>Boughani A.<\/strong>, 2009. Le ph\u00e9nom\u00e8ne El-Ni\u00f1o, Festivit\u00e9s du 34\u00e8me anniversaire de l\u2019Universit\u00e9 des Sciences et de la Technologie Houari Boumediene du 19 au 24 Avril 2009.<\/p>\n\n\n\n<p><img decoding=\"async\" loading=\"lazy\" width=\"8\" height=\"11\" src=\"\" alt=\"-\">&nbsp;<strong>Adi N.<\/strong>, 2009. R\u00e9alisation des cartes climatiques de la partie nord ouest alg\u00e9rienne. Festivit\u00e9s du 34\u00e8me anniversaire de l\u2019Universit\u00e9 des Sciences et de la Technologie Houari Boumediene du 19 au 24 Avril 2009.<\/p>\n\n\n\n<p><strong>Ann\u00e9e 2007<\/strong><\/p>\n\n\n\n<p><img decoding=\"async\" loading=\"lazy\" width=\"8\" height=\"11\" src=\"\" alt=\"-\">&nbsp;Kheddache Z.,&nbsp;<strong>Nedjraoui D.<\/strong>, Touffet J. 1997.- Ecologie et \u00e9tat actuel des formations \u00e0 Fredolia aretioides (Coss et Dur). Journ\u00e9e scientifique de la Soci\u00e9t\u00e9 d\u2019Histoire naturelle, Alger. Bulletin de la Soci\u00e9t\u00e9 d\u2019Histoire naturelle, Alger.<\/p>\n\n\n\n<p><img decoding=\"async\" loading=\"lazy\" width=\"8\" height=\"11\" src=\"\" alt=\"-\">&nbsp;<strong>Adi N.<\/strong>&nbsp;2007 &#8211; Essai \u00e0 l\u2019\u00e9tude de la cartographie climatique de la partie nord ouest Alg\u00e9rienne journ\u00e9es portes ouvertes, \u00ab&nbsp;l\u2019Universit\u00e9 et l\u2019\u00e9conomie du savoir \u00e0 l\u2019occasion des festivit\u00e9s de l\u2019Universit\u00e9 des Sciences et de la Technologie Houari Boumediene du 21 au 26 Avril 2007.<\/p>\n\n\n\n<p><strong>Ann\u00e9e 2006<\/strong><\/p>\n\n\n\n<p><img decoding=\"async\" loading=\"lazy\" width=\"8\" height=\"11\" src=\"\" alt=\"-\">&nbsp;<strong>Adi N.<\/strong>-2006. S\u00e9minaire National sur les esp\u00e8ces de faune et de flore menac\u00e9es d\u2019extinction en Alg\u00e9rie. I.N.A d\u2019El-Harrach, Alger du 29 au 30 mai 2006&nbsp;: \u00ab&nbsp;Quelques aspects du fonctionnement de Salsola vermiculata dans le chott Chergui (Sud Oranais)<\/p>\n\n\n\n<p><img decoding=\"async\" loading=\"lazy\" width=\"8\" height=\"11\" src=\"\" alt=\"-\">&nbsp;<strong>Adi N.<\/strong>2006. &#8211; 32\u00e8me anniversaire de l\u2019U.S.T.H.B du 15 au 26 Avril 2006, intitul\u00e9 \u00ab&nbsp;Etude fonctionelle de Salsola vermiculata (phytomasse et teneur en \u00e9l\u00e9ments min\u00e9raux) dans la r\u00e9gion du chott chergui (sud oranais).<\/p>\n\n\n\n<p><img decoding=\"async\" loading=\"lazy\" width=\"8\" height=\"11\" src=\"\" alt=\"-\">&nbsp;<strong>Boughani A.<\/strong>&nbsp;et Hirche A.R 2006.- Contribution \u00e0 l\u2019\u00e9tude de la flore d\u2019une r\u00e9gion pr\u00e9saharienne (Ouled Djellal, Biskra), aux Rencontres M\u00e9diterran\u00e9ennes d\u2019Ecologie (Bejaia du 07 au 09 Novembre 2006).<\/p>\n\n\n\n<p><img decoding=\"async\" loading=\"lazy\" width=\"8\" height=\"11\" src=\"\" alt=\"-\">\u00a0<strong>Boughani A.<\/strong>\u00a0et Hirche A.R 2006.- \u00e9tat actuel des steppes \u00e0 Lygeum spartum L. du Sud Oranais, aux Rencontres M\u00e9diterran\u00e9ennes d\u2019Ecologie (Bejaia du 07 au 09 Novembre 2006).<\/p>\n\n\n\n<p><\/p>\n\n\n\n<p><strong>Ann\u00e9e 2005<\/strong><\/p>\n\n\n\n<p>&#8211;<strong>Slimani H<\/strong>., 2005 \u2013 P\u00e2turage et d\u00e9sertification. Journ\u00e9e organis\u00e9e par l\u2019association alg\u00e9rienne de phytosociologie. USTHB (Alger) le 1 f\u00e9vrier 2005.<\/p>\n\n\n\n<p><strong>Ann\u00e9e 2002<\/strong><\/p>\n\n\n\n<p><img decoding=\"async\" loading=\"lazy\" width=\"8\" height=\"11\" src=\"\" alt=\"-\">\u00a0<strong>Nedjraoui D.<\/strong>, 2002 &#8211;\u00a0: Les probl\u00e8mes environnementaux en Alg\u00e9rie. Participation au premier atelier\u00a0: renforcement de la capacit\u00e9 d\u2019action de la femme dans la gestion des probl\u00e8mes li\u00e9s \u00e0 l\u2019environnement. Alger 26 Octobre.<\/p>\n\n\n\n<p>&#8211;<strong>Slimani H<\/strong>., 2002 \u2013 Effet du surp\u00e2turage sur la v\u00e9g\u00e9tation et le sol. IV\u00e8me journ\u00e9es scientifiques de l\u2019INRAA sur la steppe et le d\u00e9veloppement durable. Na\u00e2ma (Alg\u00e9rie) du 17 au 18 d\u00e9cembre 2002.<\/p>\n\n\n\n<p><strong>Ann\u00e9e   1998<\/strong><\/p>\n\n\n\n<p>&#8211;<strong>Slimani H<\/strong>., 1998 &#8211; variation de la diversit\u00e9 sp\u00e9cifique le long d\u2019un gradient de d\u00e9gradation : cas d\u2019une steppe \u00e0 alfa du Sud-Oranais. Premier s\u00e9minaire sur l\u2019\u00e9laboration d\u2019une strat\u00e9gie nationale et du plan d\u2019action d\u2019utilisation durable de la diversit\u00e9 biologique. MATE, Alger du 13 au 14 d\u00e9cembre 1998.<\/p>\n\n\n\n<p><strong>Ann\u00e9e 1993<\/strong><\/p>\n\n\n\n<p>&#8211;<strong>Slimani H<\/strong>., 1993 \u2013 contribution \u00e0 l\u2019\u00e9tude des groupements steppiques de la commune d\u2019Asla (Naama) par la cartographie, l\u2019\u00e9valuation et proposition d\u2019am\u00e9nagement. Journ\u00e9e d\u2019\u00e9tude sur \u00ab la connaissance et protection des milieux naturels \u00bb. B\u00e9jaia, 21 mars 1994.<\/p>\n","protected":false},"excerpt":{"rendered":"<p>Annee 2021 &#8211;Slimani H.,Bencherif Slimane., 2021- Durabilit\u00e9 des modes de gestion actuels des parcours d\u2019El Bayadh. 1er atelier sur l\u2019\u00e9valuation et de la gestion des ressources environnementales, 14 juillet 2021, Alger , USTHB Ann\u00e9e 2018 &#8211; Slimani H., Aidoud A., <span class=\"readmore\"><a href=\"https:\/\/leve.usthb.dz\/index.php\/communications-nationales-5\/\">Continue Reading<\/a><\/span><\/p>\n","protected":false},"author":1,"featured_media":0,"parent":0,"menu_order":0,"comment_status":"closed","ping_status":"closed","template":"","meta":[],"_links":{"self":[{"href":"https:\/\/leve.usthb.dz\/index.php\/wp-json\/wp\/v2\/pages\/435"}],"collection":[{"href":"https:\/\/leve.usthb.dz\/index.php\/wp-json\/wp\/v2\/pages"}],"about":[{"href":"https:\/\/leve.usthb.dz\/index.php\/wp-json\/wp\/v2\/types\/page"}],"author":[{"embeddable":true,"href":"https:\/\/leve.usthb.dz\/index.php\/wp-json\/wp\/v2\/users\/1"}],"replies":[{"embeddable":true,"href":"https:\/\/leve.usthb.dz\/index.php\/wp-json\/wp\/v2\/comments?post=435"}],"version-history":[{"count":2,"href":"https:\/\/leve.usthb.dz\/index.php\/wp-json\/wp\/v2\/pages\/435\/revisions"}],"predecessor-version":[{"id":487,"href":"https:\/\/leve.usthb.dz\/index.php\/wp-json\/wp\/v2\/pages\/435\/revisions\/487"}],"wp:attachment":[{"href":"https:\/\/leve.usthb.dz\/index.php\/wp-json\/wp\/v2\/media?parent=435"}],"curies":[{"name":"wp","href":"https:\/\/api.w.org\/{rel}","templated":true}]}}