{"id":430,"date":"2023-07-17T14:31:00","date_gmt":"2023-07-17T14:31:00","guid":{"rendered":"http:\/\/193.194.89.177\/leve_wp\/?page_id=430"},"modified":"2023-07-17T14:31:00","modified_gmt":"2023-07-17T14:31:00","slug":"doctorats-soutenus","status":"publish","type":"page","link":"https:\/\/leve.usthb.dz\/index.php\/doctorats-soutenus\/","title":{"rendered":"<strong>Doctorats soutenus<\/strong><strong><\/strong>"},"content":{"rendered":"\n<p><strong>-Boughani Abdelmadjid<\/strong>&nbsp;: Fonctionnement des \u00e9cosyst\u00e8mes arides&nbsp;: Phytog\u00e9ographie, Bioclimatologie et Biodiversit\u00e9 des zones arides (FSB\/USTHB) (Novembre 2014).<\/p>\n\n\n\n<p><strong>-Adi Nac\u00e8re<\/strong>&nbsp;: Etude diachronique des formations \u00e0 Salsola vermiculata L dans les hauts plateaux du sud oranais.&nbsp;: Soutenance D\u00e9cembre 2016<\/p>\n","protected":false},"excerpt":{"rendered":"<p>-Boughani Abdelmadjid&nbsp;: Fonctionnement des \u00e9cosyst\u00e8mes arides&nbsp;: Phytog\u00e9ographie, Bioclimatologie et Biodiversit\u00e9 des zones arides (FSB\/USTHB) (Novembre 2014). -Adi Nac\u00e8re&nbsp;: Etude diachronique des formations \u00e0 Salsola vermiculata L dans les hauts plateaux du sud oranais.&nbsp;: Soutenance D\u00e9cembre 2016<\/p>\n","protected":false},"author":1,"featured_media":0,"parent":0,"menu_order":0,"comment_status":"closed","ping_status":"closed","template":"","meta":[],"_links":{"self":[{"href":"https:\/\/leve.usthb.dz\/index.php\/wp-json\/wp\/v2\/pages\/430"}],"collection":[{"href":"https:\/\/leve.usthb.dz\/index.php\/wp-json\/wp\/v2\/pages"}],"about":[{"href":"https:\/\/leve.usthb.dz\/index.php\/wp-json\/wp\/v2\/types\/page"}],"author":[{"embeddable":true,"href":"https:\/\/leve.usthb.dz\/index.php\/wp-json\/wp\/v2\/users\/1"}],"replies":[{"embeddable":true,"href":"https:\/\/leve.usthb.dz\/index.php\/wp-json\/wp\/v2\/comments?post=430"}],"version-history":[{"count":1,"href":"https:\/\/leve.usthb.dz\/index.php\/wp-json\/wp\/v2\/pages\/430\/revisions"}],"predecessor-version":[{"id":432,"href":"https:\/\/leve.usthb.dz\/index.php\/wp-json\/wp\/v2\/pages\/430\/revisions\/432"}],"wp:attachment":[{"href":"https:\/\/leve.usthb.dz\/index.php\/wp-json\/wp\/v2\/media?parent=430"}],"curies":[{"name":"wp","href":"https:\/\/api.w.org\/{rel}","templated":true}]}}