{"id":414,"date":"2023-07-17T14:16:54","date_gmt":"2023-07-17T14:16:54","guid":{"rendered":"http:\/\/193.194.89.177\/leve_wp\/?page_id=414"},"modified":"2023-07-17T14:16:54","modified_gmt":"2023-07-17T14:16:54","slug":"publications-nationals","status":"publish","type":"page","link":"https:\/\/leve.usthb.dz\/index.php\/publications-nationals\/","title":{"rendered":"<strong>Publications nationals<\/strong><strong><\/strong>"},"content":{"rendered":"\n<p><strong><em>Ann\u00e9e 1992<\/em><\/strong><strong><\/strong><\/p>\n\n\n\n<p><em><\/em><em>&nbsp;DJEBAILI O., DJELLOULI Y,,&nbsp;<strong>NEDJRAOUI D.<\/strong>, 1992 . &#8211; Thesaurus Ecologie et Environnement, Alger. OPU 189 p.<\/em><\/p>\n\n\n\n<p><strong><em>Ann\u00e9e 1988<\/em><\/strong><strong><\/strong><\/p>\n\n\n\n<p><em><\/em><em>&nbsp;<strong>NEDJRAOUI D<\/strong>., 1988.- Influenee des caract\u00e8res stationnels sur les teneurs en el\u00e9ments biog\u00e8nes de l\u2019armoise blanche de l\u2019alfa et du sparte, Bioc\u00e9noses, 3 (1-2) 53-71.<\/em><\/p>\n\n\n\n<p><strong><em>Ann\u00e9e 1983<\/em><\/strong><strong><\/strong><\/p>\n\n\n\n<p><em><\/em><em>&nbsp;AIDOUD A.&nbsp;<strong>NEDJRAOUI D<\/strong>., DJEBAILI S., POISSONNET L,1983 .- Evaluation des ressources pastorales dans les hautes plaines steppiques du sud-oranais. M\u00e9m. Soc. Hist. Nat. Ap. Nord, 13,33-46<\/em><\/p>\n\n\n\n<p><em><\/em><em>&nbsp;DJEBAILI S. et al., 1983 .- Carte de l\u2019occupation des terres de l\u2019Alg\u00e9rie. Carte pastorale. Notice. Bioc\u00e9noses 132 p.<\/em><\/p>\n\n\n\n<p><strong><em>Ann\u00e9e 1982<\/em><\/strong><strong><\/strong><\/p>\n\n\n\n<p><em><\/em><em>&nbsp;AIDOUD A.,&nbsp;<strong>NEDJRAOUI D.<\/strong>&nbsp;TOUFFET L,1982 .- Biomasse v\u00e9g\u00e9tale et min\u00e9ralomasse dans un faci\u00e8s \u00e0 Armoise blanche&nbsp;: Bull. Soc. Afr. du Nord 69 (3-4) 47-58<\/em><\/p>\n\n\n\n<p><em><\/em><em>&nbsp;BECHET G.,<strong>&nbsp;NEDJRAOUI D<\/strong>., 1982- Valeur \u00e9nerg\u00e9tique des principales esp\u00e8ces des hautes plaines steppiques. Bioc\u00e9noses, 1 (1) 81-94<\/em><\/p>\n\n\n\n<p><strong><em>Ann\u00e9e 1981<\/em><\/strong><strong><\/strong><\/p>\n\n\n\n<p><em><\/em><em>&nbsp;AIDOUD A., MEDIOUNI K.,<strong>&nbsp;NEDJRAOUI D<\/strong>., 1981.- Cartes pastorales au 1\/200.000. Feuille de M\u00e9cheria et d\u2019E1 Khreider.<\/em><\/p>\n","protected":false},"excerpt":{"rendered":"<p>Ann\u00e9e 1992 &nbsp;DJEBAILI O., DJELLOULI Y,,&nbsp;NEDJRAOUI D., 1992 . &#8211; Thesaurus Ecologie et Environnement, Alger. OPU 189 p. Ann\u00e9e 1988 &nbsp;NEDJRAOUI D., 1988.- Influenee des caract\u00e8res stationnels sur les teneurs en el\u00e9ments biog\u00e8nes de l\u2019armoise blanche de l\u2019alfa et du <span class=\"readmore\"><a href=\"https:\/\/leve.usthb.dz\/index.php\/publications-nationals\/\">Continue Reading<\/a><\/span><\/p>\n","protected":false},"author":1,"featured_media":0,"parent":0,"menu_order":0,"comment_status":"closed","ping_status":"closed","template":"","meta":[],"_links":{"self":[{"href":"https:\/\/leve.usthb.dz\/index.php\/wp-json\/wp\/v2\/pages\/414"}],"collection":[{"href":"https:\/\/leve.usthb.dz\/index.php\/wp-json\/wp\/v2\/pages"}],"about":[{"href":"https:\/\/leve.usthb.dz\/index.php\/wp-json\/wp\/v2\/types\/page"}],"author":[{"embeddable":true,"href":"https:\/\/leve.usthb.dz\/index.php\/wp-json\/wp\/v2\/users\/1"}],"replies":[{"embeddable":true,"href":"https:\/\/leve.usthb.dz\/index.php\/wp-json\/wp\/v2\/comments?post=414"}],"version-history":[{"count":1,"href":"https:\/\/leve.usthb.dz\/index.php\/wp-json\/wp\/v2\/pages\/414\/revisions"}],"predecessor-version":[{"id":416,"href":"https:\/\/leve.usthb.dz\/index.php\/wp-json\/wp\/v2\/pages\/414\/revisions\/416"}],"wp:attachment":[{"href":"https:\/\/leve.usthb.dz\/index.php\/wp-json\/wp\/v2\/media?parent=414"}],"curies":[{"name":"wp","href":"https:\/\/api.w.org\/{rel}","templated":true}]}}