{"id":410,"date":"2023-07-17T14:15:02","date_gmt":"2023-07-17T14:15:02","guid":{"rendered":"http:\/\/193.194.89.177\/leve_wp\/?page_id=410"},"modified":"2023-07-20T09:11:30","modified_gmt":"2023-07-20T09:11:30","slug":"publications-internationales-3","status":"publish","type":"page","link":"https:\/\/leve.usthb.dz\/index.php\/publications-internationales-3\/","title":{"rendered":"<strong>Publications internationales<\/strong>"},"content":{"rendered":"\n<p>&#8211; Bouchemal A., Slimani H., Djebbar R. , 2022- Antioxidant activities of plant species adapted to coastal dune of zemmouri el bahri (algeria);<br>&#8211; Slimani, H. ; Bencherif, S., 2021- La gestion des espaces pastoraux en Alg\u00e9rie: Dynamique et strat\u00e9gies des acteurs. Cahiers de la M\u00e9diterran\u00e9e<br>&#8211; Slimani H., A\u00efdoud A., 2018. Quarante ans de suivi dans la steppe du sud-oranais (Alg\u00e9rie) : changements de diversit\u00e9 et de composition floristiques, Revues d\u2019Ecologie (Terre et Vie), Vol. 73 (3), 2018 : 293-308<br><\/p>\n\n\n\n<p>Manzano, P., Azcarate, F. M., Bencherif, S., Burgas, D., Byambaa, B., Cabeza, M., Cadah\u00eda, L., Chatty, D., Eronen, J. T., Galvin, K. A., Herrera, P. M., Holand, \u00d8., Itani, M., Niamir-Fuller, M., Paun\u00e9, F., Perrier, G., Scoones, I., Seitsonen, O., Stenseth, N. C., &#8230; Waters-Bayer, A. (2023).&nbsp;Grazing research should consider mobility and governance.&nbsp;<em>Science<\/em>,&nbsp;<em>378<\/em>(6622).&nbsp;https:\/\/doi.org\/10.1126\/science.abq4062<\/p>\n\n\n\n<p>Bencherif, S.; Dahmani, M.B.; Burgas, D.; Manzano, P. Current Social and Rangeland Access Trends among Pastoralists in the Western Algerian Steppe.&nbsp;<em>Land<\/em>&nbsp;2021,&nbsp;<em>10<\/em>, 674. https:\/\/doi.org\/10.3390\/land10070674.<\/p>\n\n\n\n<p>Manzano, P.; Burgas, D.; Cadah\u00eda, L.; Eronen, J.; Bencherif, S.; Holand, \u00d8.; Seitsonen, O.; Byambaa, B.; Fortelius, M.; Fern\u00e1ndez-Gim\u00e9nez, M.E.; et al. Towards a holistic understanding of pastoralism.&nbsp;<em>One Earth<\/em>&nbsp;2021,&nbsp;<em>4<\/em>, 651\u2013665. https:\/\/www.sciencedirect.com\/science\/article\/pii\/S2590332221002311<\/p>\n\n\n\n<p>Bencherif, S.; Slimani, H. La gestion des espaces pastoraux en Alg\u00e9rie: Dynamique et strat\u00e9gies des acteurs.&nbsp;<em>Cahiers de la M\u00e9diterran\u00e9e,<\/em>&nbsp;2021. https:\/\/journals.openedition.org\/cdlm\/14110<\/p>\n\n\n\n<p><strong>Ann\u00e9e 2017<\/strong><\/p>\n\n\n\n<p>&#8211; Slimani H., Aidoud A., 2017- Long-term monitoring of vegetation composition in arid steppe of Algeria. International Conference on Environment and Natural Science (ICENS).<\/p>\n\n\n\n<p>&#8211;\u00a0Hourizi, R.\u00a0; Hirche R.\u00a0; Djellouli Y. &amp;\u00a0<strong>Nedjraoui D<\/strong>. (2017) .\u2014 Changements spatio-temporels des paysages steppiques d\u2019alg\u00e9rie. cas de la r\u00e9gion de m\u00e9ch\u00e9ria. Rev. Ecol. (Terre et Vie), 71(1)\u00a0: 33-47.<\/p>\n\n\n\n<p>&#8211;\u00a0Hirche A., P.Podwojewski, A. Mahamane, Nedjraoui D, M.\u00a0Salamani\u00d7Boughani A., Hourizi R., 2017.- D\u00e9gradation des terres dans les zones s\u00e8ches circum-sahariennes. D\u00e9sertification et syst\u00e8me terre\u00a0: de la reconnaissance \u00e0 l\u2019action. Liaison Energie, IFDD, N\u00b0105 (2) 47-53.\u00a0<br><a href=\"http:\/\/www.ifdd.francophonie.org\/media\/docs\/publications\/709_LEF-105.pdf\">http:\/\/www.ifdd.francophonie.org\/media\/docs\/publications\/709_LEF-105.pdf<\/a><\/p>\n\n\n\n<p><strong>Ann\u00e9e 2016<\/strong><strong><\/strong><\/p>\n\n\n\n<p><img decoding=\"async\" loading=\"lazy\" width=\"8\" height=\"11\" src=\"\" alt=\"-\">&nbsp;<strong>Adi N<\/strong>., Amrani S., Hirche A.,<strong>&nbsp;Boughani A<\/strong>.,&nbsp;<strong>Nedjraoui D.<\/strong>, 2016. \u2013 Diversit\u00e9 biologique et phytog\u00e9ographique pour des niveaux diff\u00e9rents de salinit\u00e9 dans la r\u00e9gion du Chott-Ech-Chergui (Sud Ouest de l\u2019Alg\u00e9rie). Revue d\u2019Ecologie (Terre et Vie), Vol. 71 (4)&nbsp;: 342-355.<\/p>\n\n\n\n<p><img decoding=\"async\" loading=\"lazy\" width=\"8\" height=\"11\" src=\"\" alt=\"-\">&nbsp;<strong>Hourizi R<\/strong>., Hirche A. et<strong>&nbsp;Nedjraoui D<\/strong>. 2016.- Dynamique spatiotemporelle des paysages steppiques alg\u00e9riens. Cas de la r\u00e9gion de M\u00e9cheria . Rev. \u00c9col. (Terre Vie), Vol 71 N\u00b04<\/p>\n\n\n\n<p><strong>Ann\u00e9e 2015<\/strong><strong><\/strong><\/p>\n\n\n\n<p><img decoding=\"async\" loading=\"lazy\" width=\"8\" height=\"11\" src=\"\" alt=\"-\">&nbsp;<strong>H. Slimani<\/strong>&nbsp;Contribution \u00e0 la publication d\u2019un chapitre d\u2019un ouvrage intitul\u00e9 \u00ab&nbsp;Arid and Semi-Arid environments&nbsp;\u00bb 2015.<\/p>\n\n\n\n<p><img decoding=\"async\" loading=\"lazy\" width=\"8\" height=\"11\" src=\"\" alt=\"-\">&nbsp;Johann Huguenin,&nbsp;<strong>Rachid Fethi Hammouda<\/strong>, Tasnim Jemaa, Jean-Marie Capron, Lionel Julien. revue des Onzi\u00e8mes rencontres internationales du pastoralisme&nbsp;: Espaces pastoraux espaces socio\u00e9conomiques particuliers. .ISBN 978-2-952395-43-4.Avril 2015. PP28-31<\/p>\n\n\n\n<p><strong>Ann\u00e9e 2013<\/strong><strong><\/strong><\/p>\n\n\n\n<p><img decoding=\"async\" loading=\"lazy\" width=\"8\" height=\"11\" src=\"\" alt=\"-\">&nbsp;Khedache, Z., Brisson, J., Touffet, J. &amp;&nbsp;<strong>Nedjraoui, D<\/strong>. 2013. Effet du climat et de l\u2019activit\u00e9 humaine sur les populations d\u2019Anabasis aretioides, une plante x\u00e9rophyte du Sahara. Rev. \u00c9col. (Terre Vie), vol. 68, N\u00b0&nbsp;2, pp 121-131, juin 2013 url&nbsp;:&nbsp;<a href=\"http:\/\/www.snpn.com\/spip.php?article1901\">http:\/\/www.snpn.com\/spip.php?article1901<\/a><\/p>\n\n\n\n<p><strong>Ann\u00e9e 2011<\/strong><strong><\/strong><\/p>\n\n\n\n<p><img decoding=\"async\" loading=\"lazy\" width=\"8\" height=\"11\" src=\"\" alt=\"-\">&nbsp;A\u00efdoud A,&nbsp;<strong>Slimani H<\/strong>, &amp; Roz\u00e9 F. 2011&nbsp;: La surveillance \u00e0 long terme des \u00e9cosyst\u00e8mes arides L.) en Alg\u00e9rie. Ecologia Mediterranea, 37 (2), pp&nbsp;: 685-691.<a href=\"http:\/\/www.cnrs.fr\/inee\/recherche\/fichiers\/ecomed.pdf\">http:\/\/www.cnrs.fr\/inee\/recherche\/fichiers\/ecomed.pdf<\/a><\/p>\n\n\n\n<p><img decoding=\"async\" loading=\"lazy\" width=\"8\" height=\"11\" src=\"\" alt=\"-\">\u00a0Hirche A,\u00a0<strong>Boughani A<\/strong>,\u00a0<strong>Nedjraoui D<\/strong>, Slamani M, Hourizi R, &amp; Omari L. 2011. Synth\u00e8se r\u00e9gionale et sous r\u00e9gionale de l\u2019\u00e9tat des Observatoires Africains OSS 2011.\u00a0<br>Boughani A., Sadki N., M\u00e9dail F., Salamani M.\u00a0&amp; Nedjraoui D., 2009. Analyse floristique et phytog\u00e9ographique d\u2019une r\u00e9gion de l\u2019Atlas saharien constantinois, les gorges du Ghouffi (Alg\u00e9rie). Acta Botanica Gallica, 2009, 156.<\/p>\n\n\n\n<p><strong>Ann\u00e9e 2010<\/strong><\/p>\n\n\n\n<p>-Slimani H., A\u00efdoud A., Roze F., 2010. 30 Years of protection and monitoring of a steppic rangeland undergoing desertification . Journal of Arid Environments, 74, 685\u2013691. DOI 10.1016\/j.jaridenv.2009.10.015<br><br><\/p>\n\n\n\n<p><strong>Ann\u00e9e 2008<\/strong><strong><\/strong><\/p>\n\n\n\n<p><img decoding=\"async\" loading=\"lazy\" width=\"8\" height=\"11\" src=\"\" alt=\"-\">&nbsp;Hirche A.,&nbsp;<strong>Boughani A<\/strong>. et Salamani M., 2008. Evolution de pluviosit\u00e9 annuelle dans quelques stations arides alg\u00e9riennes. S\u00e9cheresse. vol. 18, no4, pp. 314-320 [7 page(s) (article)]&nbsp;<a href=\"http:\/\/www.john-libbey-eurotext.fr\/\">http:\/\/www.john-libbey-eurotext.fr\/<\/a><\/p>\n\n\n\n<p><img decoding=\"async\" loading=\"lazy\" width=\"8\" height=\"11\" src=\"\" alt=\"-\">&nbsp;Hirche A., Salamani M., Boughani A.,&nbsp;<strong>Nedjraoui D<\/strong>. et Abdellaoui A., 2008. Contribution \u00e0 l\u2019\u00e9tude de la d\u00e9sertification dans le sud oranais (Alg\u00e9rie). Photogramm\u00e9trie 187-188.&nbsp;<a href=\"http:\/\/www.sft.fr\/\">http:\/\/www.sft.fr\/<\/a><\/p>\n\n\n\n<p><img decoding=\"async\" loading=\"lazy\" width=\"8\" height=\"11\" src=\"\" alt=\"-\">&nbsp;<strong>Nedjraoui D<\/strong>. et Bedrani S., 2008. La d\u00e9sertification dans les steppes alg\u00e9riennes&nbsp;: causes, impacts et actions de lutte. Vertigo, revue en sciences de l\u2019environnement. Vol 8 N\u00b01&nbsp;:<a href=\"http:\/\/vertigo.revues.org\/index5388.html\">http:\/\/vertigo.revues.org\/index5388.html<\/a><\/p>\n\n\n\n<p><strong>Ann\u00e9e 2002<\/strong><strong><\/strong><\/p>\n\n\n\n<p><img decoding=\"async\" loading=\"lazy\" width=\"8\" height=\"11\" src=\"\" alt=\"-\">&nbsp;HIRCHE A., BOUGHANI A.,<strong>&nbsp;NEDJRAOUI D<\/strong>. 2002&nbsp;: Guide m\u00e9thodologique pour l\u2019\u00e9tude de la v\u00e9g\u00e9tation\/ Document technique OSS\/ROSELT,<\/p>\n\n\n\n<p><strong>Ann\u00e9e 199<\/strong>8<\/p>\n\n\n\n<p>&#8211; Aidoud A., Aidoud-Lounis F, Slimani H.,1998.- Effects of grazing on soil and desertification : a view from the southern Mediterranean rim., In : Ecological Basis of Livestock Grazing in Mediterranean, Ecosystems (Ed. V.P.Papanastasis)., 12 p. + fig. H.t.<\/p>\n\n\n\n<p><strong>Ann\u00e9e 199<\/strong>9<\/p>\n\n\n\n<p>&#8211; Aidoud A., Slimani H., Aidoud-Lounis F., Touffet J., 1999.- Changements \u00e9daphiques le long d\u2019un gradient d\u2019intensit\u00e9 de p\u00e2turage dans une steppe d\u2019Alg\u00e9rie., ecologia mediterranea. 25 (2), 163-171.<\/p>\n\n\n\n<p><img decoding=\"async\" loading=\"lazy\" width=\"8\" height=\"11\" src=\"\" alt=\"-\">&nbsp;HIRCHE A., BOUGHANI A.,<strong>&nbsp;NEDJRAOUI D<\/strong>., 1999.- Une nouvelle m\u00e9thode de calcul de la valeur pastorale en zones arides. Symposium International&nbsp;: recherche et d\u00e9veloppement sur les p\u00e2turages, Options mediterran\u00e9ennes, vol 39&nbsp;: 193-197<\/p>\n\n\n\n<p><img decoding=\"async\" loading=\"lazy\" width=\"8\" height=\"11\" src=\"\" alt=\"-\">&nbsp;BESSAH R., ROZE F.,&nbsp;<strong>NEDJRAOUI D<\/strong>., 1999.- Activit\u00e9 cellulolytique in vitro des sols de deux steppes \u00e0 alfa (Stipa tenacissima L.) d\u2019Alg\u00e9rie. Ecologia Mediterranea, 25(2), 185-192.<\/p>\n\n\n\n<p><strong>Ann\u00e9e 1996<\/strong><strong><\/strong><\/p>\n\n\n\n<p><img decoding=\"async\" loading=\"lazy\" width=\"8\" height=\"11\" src=\"\" alt=\"-\">&nbsp;<strong>NEDJRAOUI D<\/strong>., 1996. &#8211; Alfa (Stipa tenacissima L.)&nbsp;: its strategy of adaptation to ecologica1 conditions. In rangelands in a sustainable society for a Managment. Salt Lake City UTAH-USA. 1995. Society of or Range Management. I.S.B.N :1-884930-03-04, 5\u00e8me congr\u00e8s international sur les terres de parcours. pp :391-392.<\/p>\n\n\n\n<p><strong>Ann\u00e9e 1995<\/strong><strong><\/strong><\/p>\n\n\n\n<p>DJELLOULI Y.,&nbsp;<strong>NEDJRAOUI D<\/strong>. 1995 &#8211; Evolution des parcours Mediterraneens. In pastoralisme&nbsp;: troupeaux, espaces et soci\u00e9t\u00e9s. Hatier ed&nbsp;; 449-454.<\/p>\n\n\n\n<p><strong>Ann\u00e9e 1994<\/strong><strong><\/strong><\/p>\n\n\n\n<p><img decoding=\"async\" loading=\"lazy\" width=\"8\" height=\"11\" src=\"\" alt=\"-\">&nbsp;<strong>NEDJRAOUI.D.<\/strong>&nbsp;TOUFFET J., 1994 .- Efficience de l\u2019eau sur la production de l\u2019alfa. Ecologia Mediterranea. (112)&nbsp;; pp:67-75<\/p>\n\n\n\n<p><img decoding=\"async\" loading=\"lazy\" width=\"8\" height=\"11\" src=\"\" alt=\"-\">&nbsp;AIDOUD A.,<strong>&nbsp;NEDJRAOUI D<\/strong>., 1992. &#8211; The steppes of alfa and their utilisation by sheeps in Plant Anhnal Interaction in Mediterraneen ecosystems. Actes du colloque de Cr\u00eate (Gr\u00e8ce) 1991.pp&nbsp;: 2-67<\/p>\n\n\n\n<p><img decoding=\"async\" loading=\"lazy\" width=\"8\" height=\"11\" src=\"\" alt=\"-\">&nbsp;<strong>NEDJRAOUI D<\/strong>. DJELLOULI Y. 1992.- Adaptation \u00e0 la s\u00e9cheresse de Stipa tenacissima dans l\u2019Ouest alg\u00e9rien, Naturalia Monspelliensa, pp :221-230.<\/p>\n\n\n\n<p><strong>Ann\u00e9e 1991<\/strong><strong><\/strong><\/p>\n\n\n\n<p><img decoding=\"async\" loading=\"lazy\" width=\"8\" height=\"11\" src=\"\" alt=\"-\">&nbsp;<strong>NEDJRAOUI D<\/strong>. DJELLOULI Y., 1991 .- Adaptation de l\u2019alfa aux conditions stationnelles. Actes du colloque Plant grow, drought and saliaity in the arab region, le Caire. The egyptian Botanical Society.<\/p>\n\n\n\n<p><strong>Ann\u00e9e 1973<\/strong><strong><\/strong><\/p>\n\n\n\n<p><img decoding=\"async\" loading=\"lazy\" width=\"8\" height=\"11\" src=\"\" alt=\"-\">&nbsp;<strong>DRISS D<\/strong>., TAZAIRT A., SPINNER B., 1973. &#8211; Stabilisation par le coordinat peroxo de l\u2019acide peroxoniobique (V) de tetramethylammonium. C.R Acad. Sc. Paris, t. 277, pp:945 &#8211; 948<\/p>\n","protected":false},"excerpt":{"rendered":"<p>&#8211; Bouchemal A., Slimani H., Djebbar R. , 2022- Antioxidant activities of plant species adapted to coastal dune of zemmouri el bahri (algeria);&#8211; Slimani, H. ; Bencherif, S., 2021- La gestion des espaces pastoraux en Alg\u00e9rie: Dynamique et strat\u00e9gies des <span class=\"readmore\"><a href=\"https:\/\/leve.usthb.dz\/index.php\/publications-internationales-3\/\">Continue Reading<\/a><\/span><\/p>\n","protected":false},"author":1,"featured_media":0,"parent":0,"menu_order":0,"comment_status":"closed","ping_status":"closed","template":"","meta":[],"_links":{"self":[{"href":"https:\/\/leve.usthb.dz\/index.php\/wp-json\/wp\/v2\/pages\/410"}],"collection":[{"href":"https:\/\/leve.usthb.dz\/index.php\/wp-json\/wp\/v2\/pages"}],"about":[{"href":"https:\/\/leve.usthb.dz\/index.php\/wp-json\/wp\/v2\/types\/page"}],"author":[{"embeddable":true,"href":"https:\/\/leve.usthb.dz\/index.php\/wp-json\/wp\/v2\/users\/1"}],"replies":[{"embeddable":true,"href":"https:\/\/leve.usthb.dz\/index.php\/wp-json\/wp\/v2\/comments?post=410"}],"version-history":[{"count":6,"href":"https:\/\/leve.usthb.dz\/index.php\/wp-json\/wp\/v2\/pages\/410\/revisions"}],"predecessor-version":[{"id":483,"href":"https:\/\/leve.usthb.dz\/index.php\/wp-json\/wp\/v2\/pages\/410\/revisions\/483"}],"wp:attachment":[{"href":"https:\/\/leve.usthb.dz\/index.php\/wp-json\/wp\/v2\/media?parent=410"}],"curies":[{"name":"wp","href":"https:\/\/api.w.org\/{rel}","templated":true}]}}