{"id":405,"date":"2023-07-17T14:11:22","date_gmt":"2023-07-17T14:11:22","guid":{"rendered":"http:\/\/193.194.89.177\/leve_wp\/?page_id=405"},"modified":"2023-07-17T14:11:23","modified_gmt":"2023-07-17T14:11:23","slug":"description-des-objectifs-missions-et-activites-de-lequipe-7","status":"publish","type":"page","link":"https:\/\/leve.usthb.dz\/index.php\/description-des-objectifs-missions-et-activites-de-lequipe-7\/","title":{"rendered":"<strong>Description des objectifs, missions et activit\u00e9s de l\u2019\u00e9quipe<\/strong><strong><\/strong>"},"content":{"rendered":"\n<p><strong>Objectifs d\u2019ensemble<\/strong><br>Les objectifs de recherche de l\u2019\u00e9quipe visent \u00e0<\/p>\n\n\n\n<p><img decoding=\"async\" loading=\"lazy\" width=\"8\" height=\"11\" src=\"\" alt=\"-\">&nbsp;l\u2019\u00e9valuation des ressources naturelles, \u00e0 travers une approche m\u00e9thodologique harmonis\u00e9e de collecte, de traitement et d\u2019analyse des donn\u00e9es relatives \u00e0 l\u2019\u00e9valuation et la surveillance des \u00e9cosyst\u00e8mes ou syst\u00e8mes bio-physiques.<\/p>\n\n\n\n<p><img decoding=\"async\" loading=\"lazy\" width=\"8\" height=\"11\" src=\"\" alt=\"-\">&nbsp;au suivi et \u00e0 la connaissance des processus de d\u00e9sertification et la d\u00e9finition d\u2019indicateurs d\u2019\u00e9tat et de pression<\/p>\n\n\n\n<p><img decoding=\"async\" loading=\"lazy\" width=\"8\" height=\"11\" src=\"\" alt=\"-\">&nbsp;\u00e0 l\u2019identification des zones \u00e0 risque, la quantification, la localisation et le suivi des changements survenus par l\u2019utilisation de la t\u00e9l\u00e9d\u00e9tection combin\u00e9e avec une bonne connaissance du terrain.<\/p>\n\n\n\n<p><img decoding=\"async\" loading=\"lazy\" width=\"8\" height=\"11\" src=\"\" alt=\"-\">&nbsp;\u00e0 la mise en place d\u2019un r\u00e9seau d\u2019information g\u00e9ocod\u00e9 n\u00e9cessaire pour le suivi des \u00e9cosyst\u00e8mes steppiques et pr\u00e9sahariens.<\/p>\n\n\n\n<p><img decoding=\"async\" loading=\"lazy\" width=\"8\" height=\"11\" src=\"\" alt=\"-\">&nbsp;au d\u00e9veloppement des outils d\u2019aide \u00e0 la d\u00e9cision par l\u2019\u00e9laboration d\u2019un mod\u00e8le de gestion des ressources naturelles bas\u00e9 sur un \u00e9quilibre entre les ressources biophysiques et les valeurs sociales et qui permettra de d\u00e9finir les conditions n\u00e9cessaires pour la durabilit\u00e9 \u00e9cologique.<\/p>\n\n\n\n<p><strong>Fondements Scientifiques<\/strong><br>Etude fonctionnelle et dynamique des \u00e9cosyst\u00e8mes<br>Analyse de la dynamique des milieux (\u00e9cosyst\u00e8mes steppiques) \u00e0 partir des stations d\u2019observation et du suivi r\u00e9gulier, permettant de pr\u00e9ciser et d\u2019\u00e9tudier les liens entre les luminances spectrales et la phytomasse<br>Essai de mod\u00e9lisation des successions et de la dynamique de v\u00e9g\u00e9tation en vue des changements \u00e9cologiques \u00e0 long terme<\/p>\n\n\n\n<p>Ecophysiologie et \u00e9tude des perturbations<\/p>\n\n\n\n<p>Etude de la r\u00e9sistance aux stress hydriques et salins, aux fortes temp\u00e9ratures, \u00e0 l\u2019\u00e9chelle des individus et des populations,<br>Influence du p\u00e2turage et de l\u2019herbivorie sur les esp\u00e8ces app\u00e9t\u00e9es<\/p>\n\n\n\n<p>Influence de l\u2019ensablement sur les structures de la v\u00e9g\u00e9tation et le comportement biologique des esp\u00e8ces<\/p>\n\n\n\n<p>Evaluation des ressources pastorales<\/p>\n\n\n\n<p>L\u2019objectif de ce th\u00e8me s\u2019inscrit dans le fonctionnement et l\u2019\u00e9valuation des steppes p\u00e2tur\u00e9es pr\u00e9sahariennes du Sud-Est et les hautes plaines steppiques du Sud Ouest , Notamment les formations \u00e0 Stipa tenacissima Artemisia herba alba , Hammada scoparia, Anabasis articulata et Hamada Shmitiana.<\/p>\n\n\n\n<p>Chaque formation sera caract\u00e9ris\u00e9e par sa production primaire actuelle , sa valeur et sa productivit\u00e9 pastorale et sa capacit\u00e9 de charge. Dans ce cadre, seront d\u00e9termin\u00e9s&nbsp;:<\/p>\n\n\n\n<p><img decoding=\"async\" loading=\"lazy\" width=\"8\" height=\"11\" src=\"\" alt=\"-\">&nbsp;la structure horizontale des individus,&nbsp;<br><img decoding=\"async\" loading=\"lazy\" width=\"8\" height=\"11\" src=\"\" alt=\"-\">&nbsp;la ph\u00e9nologie des esp\u00e8ces.&nbsp;<br><img decoding=\"async\" loading=\"lazy\" width=\"8\" height=\"11\" src=\"\" alt=\"-\">&nbsp;l\u2019\u00e9valuation saisonni\u00e8re de la phytomasse,&nbsp;<br><img decoding=\"async\" loading=\"lazy\" width=\"8\" height=\"11\" src=\"\" alt=\"-\">&nbsp;les coefficients de production et d\u2019utilisation,&nbsp;<br><img decoding=\"async\" loading=\"lazy\" width=\"8\" height=\"11\" src=\"\" alt=\"-\">&nbsp;les valeurs \u00e9nerg\u00e9tiques des esp\u00e8ces,&nbsp;<br><img decoding=\"async\" loading=\"lazy\" width=\"8\" height=\"11\" src=\"\" alt=\"-\">&nbsp;la charge effective et potentielle des faci\u00e8s,<\/p>\n\n\n\n<p>Approche de la d\u00e9sertification par t\u00e9l\u00e9d\u00e9tection<\/p>\n\n\n\n<p><img decoding=\"async\" loading=\"lazy\" width=\"8\" height=\"11\" src=\"\" alt=\"-\">&nbsp;approche m\u00e9thodologique sur l\u2019int\u00e9r\u00eat et les limites d\u2019application de la t\u00e9l\u00e9d\u00e9tection spatiale dans l\u2019\u00e9tat de cartes th\u00e9matiques \u00e0 partir des images TM de landsat et XS de SPOT&nbsp;;&nbsp;<br><img decoding=\"async\" loading=\"lazy\" width=\"8\" height=\"11\" src=\"\" alt=\"-\">&nbsp;mesures spectroradiom\u00e9trique portant \u00e0 la fois sur les \u00e9tats de la surface du sol et sur la v\u00e9g\u00e9tation (\u00e0 des stades ph\u00e9nologiques diff\u00e9rents) sur les m\u00eames stations que celles des relev\u00e9s phyto\u00e9cologiques&nbsp;<br><img decoding=\"async\" loading=\"lazy\" width=\"8\" height=\"11\" src=\"\" alt=\"-\">&nbsp;d\u00e9termination des indicateurs du processus&nbsp;<br><img decoding=\"async\" loading=\"lazy\" width=\"8\" height=\"11\" src=\"\" alt=\"-\">&nbsp;Les indicateurs du couvert v\u00e9g\u00e9tal&nbsp;<br><img decoding=\"async\" loading=\"lazy\" width=\"8\" height=\"11\" src=\"\" alt=\"-\">&nbsp;Les indicateurs li\u00e9s aux caract\u00e8res de la surface du sol&nbsp;<br><img decoding=\"async\" loading=\"lazy\" width=\"8\" height=\"11\" src=\"\" alt=\"-\">&nbsp;Les indicateurs socio-\u00e9conomiques<\/p>\n\n\n\n<p><strong><em>Mots-Cl\u00e9s<\/em><\/strong><strong>&nbsp;:<\/strong>&nbsp;Evaluation des ressources, \u00e9cophysiologie, d\u00e9sertification, indicateurs de d\u00e9gradation.<\/p>\n","protected":false},"excerpt":{"rendered":"<p>Objectifs d\u2019ensembleLes objectifs de recherche de l\u2019\u00e9quipe visent \u00e0 &nbsp;l\u2019\u00e9valuation des ressources naturelles, \u00e0 travers une approche m\u00e9thodologique harmonis\u00e9e de collecte, de traitement et d\u2019analyse des donn\u00e9es relatives \u00e0 l\u2019\u00e9valuation et la surveillance des \u00e9cosyst\u00e8mes ou syst\u00e8mes bio-physiques. &nbsp;au suivi <span class=\"readmore\"><a href=\"https:\/\/leve.usthb.dz\/index.php\/description-des-objectifs-missions-et-activites-de-lequipe-7\/\">Continue Reading<\/a><\/span><\/p>\n","protected":false},"author":1,"featured_media":0,"parent":0,"menu_order":0,"comment_status":"closed","ping_status":"closed","template":"","meta":[],"_links":{"self":[{"href":"https:\/\/leve.usthb.dz\/index.php\/wp-json\/wp\/v2\/pages\/405"}],"collection":[{"href":"https:\/\/leve.usthb.dz\/index.php\/wp-json\/wp\/v2\/pages"}],"about":[{"href":"https:\/\/leve.usthb.dz\/index.php\/wp-json\/wp\/v2\/types\/page"}],"author":[{"embeddable":true,"href":"https:\/\/leve.usthb.dz\/index.php\/wp-json\/wp\/v2\/users\/1"}],"replies":[{"embeddable":true,"href":"https:\/\/leve.usthb.dz\/index.php\/wp-json\/wp\/v2\/comments?post=405"}],"version-history":[{"count":1,"href":"https:\/\/leve.usthb.dz\/index.php\/wp-json\/wp\/v2\/pages\/405\/revisions"}],"predecessor-version":[{"id":407,"href":"https:\/\/leve.usthb.dz\/index.php\/wp-json\/wp\/v2\/pages\/405\/revisions\/407"}],"wp:attachment":[{"href":"https:\/\/leve.usthb.dz\/index.php\/wp-json\/wp\/v2\/media?parent=405"}],"curies":[{"name":"wp","href":"https:\/\/api.w.org\/{rel}","templated":true}]}}