{"id":401,"date":"2023-07-17T14:01:29","date_gmt":"2023-07-17T14:01:29","guid":{"rendered":"http:\/\/193.194.89.177\/leve_wp\/?page_id=401"},"modified":"2023-07-17T14:01:30","modified_gmt":"2023-07-17T14:01:30","slug":"projets-de-recherche-3","status":"publish","type":"page","link":"https:\/\/leve.usthb.dz\/index.php\/projets-de-recherche-3\/","title":{"rendered":"<strong>Projets de recherche<\/strong><strong><\/strong>"},"content":{"rendered":"\n<p><strong>Responsabilit\u00e9 de projets<\/strong><\/p>\n\n\n\n<p><img decoding=\"async\" loading=\"lazy\" width=\"8\" height=\"11\" src=\"\" alt=\"-\">&nbsp;Projet avec la chaire UNESCO&nbsp;: Impact du gazoduc sur les nappes alfati\u00e8res effet sur le sol et la v\u00e9g\u00e9tation. D\u00e9veloppement durable de cet \u00e9cosyst\u00e8me.<\/p>\n\n\n\n<p><img decoding=\"async\" loading=\"lazy\" width=\"8\" height=\"11\" src=\"\" alt=\"-\">&nbsp;Projet avec le Minist\u00e8re de l\u2019am\u00e9nagement du territoire et de l\u2019environnement.<br>Bilan de l\u2019\u00e9tat actuel de la flore, de la v\u00e9g\u00e9tation et du milieu en Alg\u00e9rie. R\u00e9alisation et exploitation d\u2019une banque de donn\u00e9es phyto\u00e9cologiques<\/p>\n\n\n\n<p><img decoding=\"async\" loading=\"lazy\" width=\"8\" height=\"11\" src=\"\" alt=\"-\">&nbsp;Projet avec le CRSTRA&nbsp;: Evaluation, protection et r\u00e9habilitation de l\u2019\u00e9cosyst\u00e8me alfatier.<\/p>\n\n\n\n<p><img decoding=\"async\" loading=\"lazy\" width=\"8\" height=\"11\" src=\"\" alt=\"-\">&nbsp;Projet avec le minist\u00e8re de l\u2019enseignement sup\u00e9rieur et de la recherche scientifique&nbsp;: Etat, \u00e9volution et gestion durable de la biodiversit\u00e9.<\/p>\n\n\n\n<p><img decoding=\"async\" loading=\"lazy\" width=\"8\" height=\"11\" src=\"\" alt=\"-\">&nbsp;Projet en cours en commun avec le minist\u00e8re de l\u2019enseignement sup\u00e9rieur et le minist\u00e8re de l\u2019environnement et de l\u2019am\u00e9nagement du territoire&nbsp;: Impact des changements climatiques sur la biodiversit\u00e9 et le sol dans les formations de d\u00e9gradation.<\/p>\n","protected":false},"excerpt":{"rendered":"<p>Responsabilit\u00e9 de projets &nbsp;Projet avec la chaire UNESCO&nbsp;: Impact du gazoduc sur les nappes alfati\u00e8res effet sur le sol et la v\u00e9g\u00e9tation. D\u00e9veloppement durable de cet \u00e9cosyst\u00e8me. &nbsp;Projet avec le Minist\u00e8re de l\u2019am\u00e9nagement du territoire et de l\u2019environnement.Bilan de l\u2019\u00e9tat <span class=\"readmore\"><a href=\"https:\/\/leve.usthb.dz\/index.php\/projets-de-recherche-3\/\">Continue Reading<\/a><\/span><\/p>\n","protected":false},"author":1,"featured_media":0,"parent":0,"menu_order":0,"comment_status":"closed","ping_status":"closed","template":"","meta":[],"_links":{"self":[{"href":"https:\/\/leve.usthb.dz\/index.php\/wp-json\/wp\/v2\/pages\/401"}],"collection":[{"href":"https:\/\/leve.usthb.dz\/index.php\/wp-json\/wp\/v2\/pages"}],"about":[{"href":"https:\/\/leve.usthb.dz\/index.php\/wp-json\/wp\/v2\/types\/page"}],"author":[{"embeddable":true,"href":"https:\/\/leve.usthb.dz\/index.php\/wp-json\/wp\/v2\/users\/1"}],"replies":[{"embeddable":true,"href":"https:\/\/leve.usthb.dz\/index.php\/wp-json\/wp\/v2\/comments?post=401"}],"version-history":[{"count":1,"href":"https:\/\/leve.usthb.dz\/index.php\/wp-json\/wp\/v2\/pages\/401\/revisions"}],"predecessor-version":[{"id":403,"href":"https:\/\/leve.usthb.dz\/index.php\/wp-json\/wp\/v2\/pages\/401\/revisions\/403"}],"wp:attachment":[{"href":"https:\/\/leve.usthb.dz\/index.php\/wp-json\/wp\/v2\/media?parent=401"}],"curies":[{"name":"wp","href":"https:\/\/api.w.org\/{rel}","templated":true}]}}