{"id":397,"date":"2023-07-17T13:59:33","date_gmt":"2023-07-17T13:59:33","guid":{"rendered":"http:\/\/193.194.89.177\/leve_wp\/?page_id=397"},"modified":"2023-07-17T13:59:34","modified_gmt":"2023-07-17T13:59:34","slug":"memoires-de-d-e-s-et-dingeniorat","status":"publish","type":"page","link":"https:\/\/leve.usthb.dz\/index.php\/memoires-de-d-e-s-et-dingeniorat\/","title":{"rendered":"<strong>M\u00e9moires de D.E.S et d\u2019Ing\u00e9niorat<\/strong><strong><\/strong>"},"content":{"rendered":"\n<p><strong>M\u00e9moires de D.E.S<\/strong><\/p>\n\n\n\n<p><img decoding=\"async\" loading=\"lazy\" width=\"8\" height=\"11\" src=\"\" alt=\"-\">&nbsp;Boulahrouz Samira et Saim Nadia. 1988. -Etude phyto\u00e9cologique des formations \u00e0 alfa (Stipa tenacissima L.) sur le transect Nord-Sud&nbsp;: Bibans-Medjez. DES, FSB, U.S.T.H.B&nbsp;<br><img decoding=\"async\" loading=\"lazy\" width=\"8\" height=\"11\" src=\"\" alt=\"-\">&nbsp;<strong>Ihdadd\u00e8ne Akli<\/strong>.1988. -Contribution \u00e0 l\u2019\u00e9tude p\u00e9dologique des groupements \u00e0 ch\u00eane vert du Djurdjura. DES, FSB, U.S.T.H.B<\/p>\n\n\n\n<p><strong>M\u00e9moires d\u2019Ing\u00e9niorat<\/strong><br>.&nbsp;<br><img decoding=\"async\" loading=\"lazy\" width=\"8\" height=\"11\" src=\"\" alt=\"-\">&nbsp;Beghar Bahia et Ba\u00e2li Cherif Naima, 2001. &#8211; Biodiversit\u00e9 des monts des Aur\u00e8s. FSB .USTHB&nbsp;<br><img decoding=\"async\" loading=\"lazy\" width=\"8\" height=\"11\" src=\"\" alt=\"-\">&nbsp;A\u00efssa Mohamed, 2000. &#8211; Etude \u00e9daphique de la touffe d\u2019alfa de l\u2019Alg\u00e9rie.FSB. USTHB.&nbsp;<br><img decoding=\"async\" loading=\"lazy\" width=\"8\" height=\"11\" src=\"\" alt=\"-\">&nbsp;Driza El Hadj et Doudou Brahim. 1999.-Etude phyto\u00e9cologique et pastorale de la touffe d\u2019alfa en Alg\u00e9rie. FSB. USTHB&nbsp;<br><img decoding=\"async\" loading=\"lazy\" width=\"8\" height=\"11\" src=\"\" alt=\"-\">&nbsp;Zerrad Lynda et Meftah Nadia.1996.- Bilan des \u00e9tudes phyto\u00e9cologiques et des actions d\u2019am\u00e9nagement dans les nappes alfati\u00e8res alg\u00e9riennes.FSB. USTHB&nbsp;<br><img decoding=\"async\" loading=\"lazy\" width=\"8\" height=\"11\" src=\"\" alt=\"-\">&nbsp;Kheirredine Rabah, Louardiane Smail et Nasri M\u2019Hamed,1995. -Etude de la d\u00e9gradation de la v\u00e9g\u00e9tation et du sol le long d\u2019un transect Nord-Sud. FSB. U.S.T.H.B.&nbsp;<br><img decoding=\"async\" loading=\"lazy\" width=\"8\" height=\"11\" src=\"\" alt=\"-\">&nbsp;Ghrieb Mouni et Ziouani Hakima, 1993. -Etude phyto\u00e9cologique et pastorale des nappes alfati\u00e8res de la r\u00e9gion de T\u00e9bessa. FSB, U.S.T.H.B.&nbsp;<br><img decoding=\"async\" loading=\"lazy\" width=\"8\" height=\"11\" src=\"\" alt=\"-\">&nbsp;Larabi Fadhila et Moula\u00ef Taoues.1992. -Contribution \u00e0 l\u2019\u00e9tude phyto\u00e9cologique, diachronique et pastorale de la nappe alfati\u00e8re de la r\u00e9gion d\u2019El Bayadh.FSB U.S.T.H.B&nbsp;<br><img decoding=\"async\" loading=\"lazy\" width=\"8\" height=\"11\" src=\"\" alt=\"-\">&nbsp;A\u00eft Chafa Djaouida, Beghdadi Nadia et Karaoui Fatiha. 1991. &#8211; Bilan \u00e9codendrom\u00e9trique du reboisement de Moudjbara (Wilaya de Djelfa).U.S.T.H.B.&nbsp;<br><img decoding=\"async\" loading=\"lazy\" width=\"8\" height=\"11\" src=\"\" alt=\"-\">&nbsp;Saadouni Nadjet, Timesguida Nacera, Yahiaoui Fouzia, Nait Bachir Na\u00efma et Lasloudji Karima. 1990. &#8211; Contribution \u00e0 l\u2019\u00e9valuation phyto\u00e9cologique et pastorale dans une mise en d\u00e9fens dans la r\u00e9gion de A\u00efn Skhouna (Wilaya de Sa\u00efda)., FSB, U.S.T.H.B.&nbsp;<br><img decoding=\"async\" loading=\"lazy\" width=\"8\" height=\"11\" src=\"\" alt=\"-\">&nbsp;Belghanem Taou\u00e8s et Boudjada Samia.1989. &#8211; Etude phyto\u00e9cologique d\u2019une nappe alfati\u00e8re dans la Wilaya de Djelfa. FSB, U.S.T.H.B<\/p>\n","protected":false},"excerpt":{"rendered":"<p>M\u00e9moires de D.E.S &nbsp;Boulahrouz Samira et Saim Nadia. 1988. -Etude phyto\u00e9cologique des formations \u00e0 alfa (Stipa tenacissima L.) sur le transect Nord-Sud&nbsp;: Bibans-Medjez. DES, FSB, U.S.T.H.B&nbsp;&nbsp;Ihdadd\u00e8ne Akli.1988. -Contribution \u00e0 l\u2019\u00e9tude p\u00e9dologique des groupements \u00e0 ch\u00eane vert du Djurdjura. DES, FSB, <span class=\"readmore\"><a href=\"https:\/\/leve.usthb.dz\/index.php\/memoires-de-d-e-s-et-dingeniorat\/\">Continue Reading<\/a><\/span><\/p>\n","protected":false},"author":1,"featured_media":0,"parent":0,"menu_order":0,"comment_status":"closed","ping_status":"closed","template":"","meta":[],"_links":{"self":[{"href":"https:\/\/leve.usthb.dz\/index.php\/wp-json\/wp\/v2\/pages\/397"}],"collection":[{"href":"https:\/\/leve.usthb.dz\/index.php\/wp-json\/wp\/v2\/pages"}],"about":[{"href":"https:\/\/leve.usthb.dz\/index.php\/wp-json\/wp\/v2\/types\/page"}],"author":[{"embeddable":true,"href":"https:\/\/leve.usthb.dz\/index.php\/wp-json\/wp\/v2\/users\/1"}],"replies":[{"embeddable":true,"href":"https:\/\/leve.usthb.dz\/index.php\/wp-json\/wp\/v2\/comments?post=397"}],"version-history":[{"count":1,"href":"https:\/\/leve.usthb.dz\/index.php\/wp-json\/wp\/v2\/pages\/397\/revisions"}],"predecessor-version":[{"id":399,"href":"https:\/\/leve.usthb.dz\/index.php\/wp-json\/wp\/v2\/pages\/397\/revisions\/399"}],"wp:attachment":[{"href":"https:\/\/leve.usthb.dz\/index.php\/wp-json\/wp\/v2\/media?parent=397"}],"curies":[{"name":"wp","href":"https:\/\/api.w.org\/{rel}","templated":true}]}}