{"id":384,"date":"2023-07-17T13:50:42","date_gmt":"2023-07-17T13:50:42","guid":{"rendered":"http:\/\/193.194.89.177\/leve_wp\/?page_id=384"},"modified":"2023-07-17T13:50:43","modified_gmt":"2023-07-17T13:50:43","slug":"publications-internationals","status":"publish","type":"page","link":"https:\/\/leve.usthb.dz\/index.php\/publications-internationals\/","title":{"rendered":"<strong>Publications internationals<\/strong><strong><\/strong>"},"content":{"rendered":"\n<p><strong>Ann\u00e9e 2013<\/strong>&nbsp;<br><img decoding=\"async\" loading=\"lazy\" width=\"8\" height=\"11\" src=\"\" alt=\"-\">&nbsp;Salamani M.,&nbsp;<strong>Kadi Hanifi H<\/strong>, Hirche A. &amp; Nedjraoui D. 2013. \u00c9valuation de la sensibilit\u00e9 \u00e0 la d\u00e9sertification en Alg\u00e9rie. Revue Terre et Vie. Tome 68 n\u00b01&nbsp;<br><a href=\"http:\/\/www.snpn.com\/spip.php?article1901\">http:\/\/www.snpn.com\/spip.php?article1901<\/a><\/p>\n\n\n\n<p><img decoding=\"async\" loading=\"lazy\" width=\"8\" height=\"11\" src=\"\" alt=\"-\">&nbsp;<strong>Ihaddaden A.<\/strong>, Eduardo Velazquez, Jos\u00e9 Maria Rey-Benayas, &amp;&nbsp;<strong>Kadi-Hanifi H<\/strong>. 2013. Climate and vegetation structure determine plant diversity in Quercus ilex woadlands along an aridity and human-use gradient in Northern Algeria.\u201d FLORA, Plant Morphology, Distribution and Functional Ecology. Pp 268-284&nbsp;<br><a href=\"http:\/\/www.sciencedirect.com\/science\/journal\/03672530\/208\/4\">www.sciencedirect.com\/science\/journal\/03672530\/208\/4<\/a><\/p>\n\n\n\n<p><img decoding=\"async\" loading=\"lazy\" width=\"8\" height=\"11\" src=\"\" alt=\"-\">&nbsp;Cortina,. J., Ruiz-Mirazo J., Amat, B.,&nbsp;<strong>Amghar, F.<\/strong>, Susana Bautista, S., Chirino, E., Derak, M., Fuentes, D., Maestre, F.T., Valdecantos, A., &amp; Vilagrosa, A. 2013.\u00ab&nbsp;Les bases de la restauration \u00e9cologique des steppes d\u00b4alfa&nbsp;\u00bb. 34 p UICN<\/p>\n\n\n\n<p><strong>Ann\u00e9e 2012<\/strong>&nbsp;<br><img decoding=\"async\" loading=\"lazy\" width=\"8\" height=\"11\" src=\"\" alt=\"-\">&nbsp;<strong>Amghar F.<\/strong>, Forey E., Margerie P., Langlois E., Brouri L.&amp;&nbsp;<strong>Kadi-Hanifi H.<\/strong>&nbsp;2012. \u2013 Grazing exclosure and plantation&nbsp;: a synchronic study of two restoration techniques improving plant community and soil properties in arid degraded steppes (Algeria). Rev. \u00c9col. (Terre Vie), Vol. 3, 67, 257-270. url&nbsp;:<a href=\"http:\/\/www.snpn.com\/spip.php\">http:\/\/www.snpn.com\/spip.php<\/a>&nbsp;?<\/p>\n\n\n\n<p><strong>Ann\u00e9e 2011<\/strong>&nbsp;<br><img decoding=\"async\" loading=\"lazy\" width=\"8\" height=\"11\" src=\"\" alt=\"-\">&nbsp;<strong>Kadi-Hanifi H.<\/strong>&nbsp;&amp; Dahmani-Megrerouche M., 2011. \u2013 Climate and anthropism impact on the desertification of steppes in Algeria. Proceedings de l\u2019International Conference on Dryland ecosystem functioning and resilience&nbsp;: integrating biophysical assessment with socio-economic issues. Alghero, Italie. Abstract p35&nbsp;; Poster p 27.<br><a href=\"http:\/\/www.uniss.it\/php\/proiettoreTesti.php?cat=492&amp;item=4&amp;xml=\/xml\/testi\/testi14420.xml&amp;pagina=9\">http:\/\/www.uniss.it\/php\/proiettoreTesti.php?cat=492&amp;item=4&amp;xml=\/xml\/testi\/testi14420.xml&amp;pagina=9<\/a><\/p>\n\n\n\n<p><img decoding=\"async\" loading=\"lazy\" width=\"8\" height=\"11\" src=\"\" alt=\"-\">&nbsp;Rabhi S. Aissiou F.,&nbsp;<strong>Kadi-Hanifi H.&nbsp;<\/strong>&amp; Dahmani-Megrerouche M., 2011.- Steppic rangelands evolution in relationship with climate an socioeconomic indicators&nbsp;: case of the region of Moudjbara (Algeria). In proceedings du IX International Rangeland Congress, Ed. SR Feldman&nbsp;; G.E. Oliva &amp; M.B. Sacido, Argentina, p.67.<\/p>\n\n\n\n<p><img decoding=\"async\" loading=\"lazy\" width=\"8\" height=\"11\" src=\"\" alt=\"-\">&nbsp;Benseghir L., Dahmani-Megrerouche M &amp;&nbsp;<strong>Kadi-Hanifi H.&nbsp;<\/strong>2011.-Impact of anthropism and aridity in the algerian landscapes&nbsp;: case of Tadmit station.In proceedings du IX International Rangeland Congress, Ed. SR Feldman&nbsp;; G.E. Oliva &amp; M.B. Sacido, Argentina, p.81<\/p>\n\n\n\n<p><img decoding=\"async\" loading=\"lazy\" width=\"8\" height=\"11\" src=\"\" alt=\"-\">&nbsp;Dahmani-Megrerouche M.&nbsp;&amp;&nbsp;<strong>Kadi-Hanifi H.<\/strong>, 2011. \u2013 Assesment of vegetation and soil response to stress and disturbance in dry eco systems in Algeria. Proceedings de l\u2019International Conference on Dryland ecosystem functioning and resilience&nbsp;: integrating biophysical assessment with socio-economic issues. Alghero, Italie. Abstract p26&nbsp;; Poster p19&nbsp;<a href=\"http:\/\/www.uniss.it\/php\/proiettoreTesti.php?cat=492&amp;item=4&amp;xml=\/xml\/testi\/testi14420.xml&amp;pagina=9\">http:\/\/www.uniss.it\/php\/proiettoreTesti.php?cat=492&amp;item=4&amp;xml=\/xml\/testi\/testi14420.xml&amp;pagina=9<\/a><\/p>\n\n\n\n<p><strong>Ann\u00e9e 2008<\/strong>&nbsp;<br><img decoding=\"async\" loading=\"lazy\" width=\"8\" height=\"11\" src=\"\" alt=\"-\">&nbsp;<strong>Benseghir L., Amghar F., Tazairt K. et Kadi-Hanifi H.<\/strong>, 2008. Effects of drought and anthropism on vegetation and soil elements in the station of Tadmit (Wilaya of Djelfa, Algeria) Options m\u00e9diterran\u00e9ennes, S\u00e9ries A, N\u00b080 pp 87-91.<\/p>\n\n\n\n<p><strong>Ann\u00e9e 2005<\/strong>&nbsp;<br><img decoding=\"async\" loading=\"lazy\" width=\"8\" height=\"11\" src=\"\" alt=\"-\">&nbsp;<strong>Kadi-hanifi H.,. Sadji A et Amghar F.<\/strong>&nbsp;, 2005. The impact of the anthropic action and the aridity on the pastoral production in the Stipa tenacissima L. stepps of Algeria. Options M\u00e9diterran\u00e9ennes N\u00b067 pp 105-110. 2005,<\/p>\n\n\n\n<p><img decoding=\"async\" loading=\"lazy\" width=\"8\" height=\"11\" src=\"\" alt=\"-\">&nbsp;<strong>Amghar F., Kadi-hanifi H et Sadji A.<\/strong>&nbsp;2005. GFA Effect of the fence setting on the pastoral value of five stations of the south Algiers . Options M\u00e9diterran\u00e9ennes N\u00b067 pp 61- 66,<\/p>\n\n\n\n<p><img decoding=\"async\" loading=\"lazy\" width=\"8\" height=\"11\" src=\"\" alt=\"-\">&nbsp;<strong>Kadi-hanifi H., Sadji A. et Amghar F.<\/strong>&nbsp;, 2005. -Diagnose phytosociologique et phyto\u00e9cologique des formations \u00e0 alfa de l\u2019Alg\u00e9rie. Propositions de gestion. Options M\u00e9diterran\u00e9ennes. Vol 62, pp 227-232. 2004,<\/p>\n\n\n\n<p><strong>Ann\u00e9e 2004<\/strong>&nbsp;<br><img decoding=\"async\" loading=\"lazy\" width=\"8\" height=\"11\" src=\"\" alt=\"-\">&nbsp;<strong>Kadi-hanifi H.<\/strong>&nbsp;, 2004. -Typology and degradation of soils of Stipa tenacissima formations in Algeria. Extented Abstracts. 8th International meeting on Soils with Mediterranean type of climate. R. Bouabid, M.&nbsp;Badraoui &amp; A. Bamouh Ads. Maroc. pp 214 \u2013216<\/p>\n\n\n\n<p><img decoding=\"async\" loading=\"lazy\" width=\"8\" height=\"11\" src=\"\" alt=\"-\">&nbsp;<strong>Kadi-hanifi H. et Amghar F.<\/strong>, 2004.- Effet du p\u00e2turage sur la biodiversit\u00e9 et le sol dans les formations \u00e0 Stipa tenacissima de l\u2019Alg\u00e9rie. Options M\u00e9diterran\u00e9ennes.<\/p>\n\n\n\n<p><img decoding=\"async\" loading=\"lazy\" width=\"8\" height=\"11\" src=\"\" alt=\"-\">&nbsp;<strong>Ihaddaden A. et Kadi-hanifi H.<\/strong>&nbsp;, 2004.-Relation sol-v\u00e9g\u00e9tation \u00e0 ch\u00eane vert. Extented Abstracts. 8th International meeting on Soils with Mediterranean type of climate. R. Bouabid, M.&nbsp;Badraoui &amp; A. Bamouh Ads. Maroc. pp 195-200.<\/p>\n\n\n\n<p><img decoding=\"async\" loading=\"lazy\" width=\"8\" height=\"11\" src=\"\" alt=\"-\">&nbsp;<strong>Kadi-hanifi H.<\/strong>&nbsp;and Boussouf L., 2004. -Degradation of steppics soils in Algeria. CD Extented Abstracts. Fourth International Conference on land degradation. Angel Faz, Roque Ortiz, Gregorio Garcia Eds. Spain. 3p.,<\/p>\n\n\n\n<p><strong>Ann\u00e9e 2003<\/strong>&nbsp;<br><img decoding=\"async\" loading=\"lazy\" width=\"8\" height=\"11\" src=\"\" alt=\"-\">&nbsp;<strong>&nbsp;Kadi-hanifi H.<\/strong>&nbsp;et Loisel R, 2003.- Contribution \u00e0 l\u2019\u00e9tude phytosociologique des steppes d\u00e9grad\u00e9es \u00e0 Stipa tenacissima de l\u2019Alg\u00e9rie Documents phytosociologiques&nbsp;\u00bb N\u00b020.<\/p>\n\n\n\n<p><img decoding=\"async\" loading=\"lazy\" width=\"8\" height=\"11\" src=\"\" alt=\"-\">&nbsp;<strong>Kadi-hanifi H.<\/strong>&nbsp;, 2003.- Diversit\u00e9 biologique et phytog\u00e9ographique des formations \u00e0 Stipa tenacissima de l\u2019Alg\u00e9rie. S\u00e9cheresse Septembre, 14(3) 1-10<\/p>\n\n\n\n<p><strong>Ann\u00e9e 1997<\/strong>&nbsp;<br><img decoding=\"async\" loading=\"lazy\" width=\"8\" height=\"11\" src=\"\" alt=\"-\">&nbsp;<strong>&nbsp;Achour kadi-hanfi H.<\/strong>&nbsp;, 1997.-Caract\u00e9ristiques \u00e9daphiques des formations \u00e0 Stipa tenacissima L. de l\u2019Alg\u00e9rie en relation avec la dynamique de la v\u00e9g\u00e9tation. Ecologia mediterranea Universit\u00e9 Aix Marseille III. Tome XXIII, Fasc \u00be, Roger LOISEL.<\/p>\n\n\n\n<p><strong>Ann\u00e9e 1996<\/strong>&nbsp;<br><img decoding=\"async\" loading=\"lazy\" width=\"8\" height=\"11\" src=\"\" alt=\"-\">&nbsp;<strong>Achour Kadi-hanifi H.&nbsp;<\/strong>, 1996.- Phytoecological and phytodynamic studies of the Stipa tenacissima L formations in Algeria. Rangelands in a sustainable biosph\u00e8re. Salt Lake City UTAH-USA. 1995. Society of or Range Management. I.S.B.N :1-884930-03-04, 5\u00e8me congr\u00e8s international sur les terres de parcours. 276-277pp.<\/p>\n\n\n\n<p><strong>Ann\u00e9e 1995<\/strong>&nbsp;<br><img decoding=\"async\" loading=\"lazy\" width=\"8\" height=\"11\" src=\"\" alt=\"-\">&nbsp;<strong>Achour kadi-hanifi H<\/strong>. et Dahmani M.&nbsp;1995.-Etude de la d\u00e9sertification le long d\u2019un transect Nord-Sud en Alg\u00e9rie, possibilit\u00e9s de restauration. L\u2019homme peut-il refaire ce qu\u2019il a d\u00e9fait&nbsp;? 1994. Tunisie. AUPELF-UREF. Sciences et changements plan\u00e9taires \/S\u00e9cheresse. Editions John Libby Eurotext, , Paris. I.S.B.N:2-7420-01018. 355-366 pp.<\/p>\n\n\n\n<p><strong>Ann\u00e9e 1994<\/strong>&nbsp;<br><img decoding=\"async\" loading=\"lazy\" width=\"8\" height=\"11\" src=\"\" alt=\"-\">&nbsp;<strong>&nbsp;Achour kadi-hanifi H.<\/strong>&nbsp;, 1994.-Relation sol \u2013 climat &#8211; v\u00e9g\u00e9tation dans les formations \u00e0 Stipa tenacissima de l\u2019Alg\u00e9rie. Anais do Instituto Superior De Agronomia. Lisboa. Vol XLIV- Fasc 1- . 369-391 pp.<\/p>\n","protected":false},"excerpt":{"rendered":"<p>Ann\u00e9e 2013&nbsp;&nbsp;Salamani M.,&nbsp;Kadi Hanifi H, Hirche A. &amp; Nedjraoui D. 2013. \u00c9valuation de la sensibilit\u00e9 \u00e0 la d\u00e9sertification en Alg\u00e9rie. Revue Terre et Vie. Tome 68 n\u00b01&nbsp;http:\/\/www.snpn.com\/spip.php?article1901 &nbsp;Ihaddaden A., Eduardo Velazquez, Jos\u00e9 Maria Rey-Benayas, &amp;&nbsp;Kadi-Hanifi H. 2013. Climate and vegetation <span class=\"readmore\"><a href=\"https:\/\/leve.usthb.dz\/index.php\/publications-internationals\/\">Continue Reading<\/a><\/span><\/p>\n","protected":false},"author":1,"featured_media":0,"parent":0,"menu_order":0,"comment_status":"closed","ping_status":"closed","template":"","meta":[],"_links":{"self":[{"href":"https:\/\/leve.usthb.dz\/index.php\/wp-json\/wp\/v2\/pages\/384"}],"collection":[{"href":"https:\/\/leve.usthb.dz\/index.php\/wp-json\/wp\/v2\/pages"}],"about":[{"href":"https:\/\/leve.usthb.dz\/index.php\/wp-json\/wp\/v2\/types\/page"}],"author":[{"embeddable":true,"href":"https:\/\/leve.usthb.dz\/index.php\/wp-json\/wp\/v2\/users\/1"}],"replies":[{"embeddable":true,"href":"https:\/\/leve.usthb.dz\/index.php\/wp-json\/wp\/v2\/comments?post=384"}],"version-history":[{"count":1,"href":"https:\/\/leve.usthb.dz\/index.php\/wp-json\/wp\/v2\/pages\/384\/revisions"}],"predecessor-version":[{"id":386,"href":"https:\/\/leve.usthb.dz\/index.php\/wp-json\/wp\/v2\/pages\/384\/revisions\/386"}],"wp:attachment":[{"href":"https:\/\/leve.usthb.dz\/index.php\/wp-json\/wp\/v2\/media?parent=384"}],"curies":[{"name":"wp","href":"https:\/\/api.w.org\/{rel}","templated":true}]}}