{"id":380,"date":"2023-07-17T13:47:17","date_gmt":"2023-07-17T13:47:17","guid":{"rendered":"http:\/\/193.194.89.177\/leve_wp\/?page_id=380"},"modified":"2023-07-17T13:47:18","modified_gmt":"2023-07-17T13:47:18","slug":"description-des-objectifs-missions-et-activites-de-lequipe-6","status":"publish","type":"page","link":"https:\/\/leve.usthb.dz\/index.php\/description-des-objectifs-missions-et-activites-de-lequipe-6\/","title":{"rendered":"<strong>Description des objectifs, missions et activit\u00e9s de l\u2019\u00e9quipe<\/strong><strong><\/strong>"},"content":{"rendered":"\n<p><strong>Objectifs d\u2019ensemble&nbsp;:<\/strong><\/p>\n\n\n\n<p>L\u2019activit\u00e9 humaine ancestrale et les changements climatiques ont profond\u00e9ment modifi\u00e9 les paysages m\u00e9diterran\u00e9ens et leur action s\u2019est dangereusement accentu\u00e9e, ces derni\u00e8res d\u00e9cennies, au niveau des paysages alg\u00e9riens, engendrant souvent un appauvrissement de la biodiversit\u00e9 et du milieu \u00e9daphique.<br>L\u2019\u00e9tude synchronique des s\u00e9ries de v\u00e9g\u00e9tation pr\u00e9cisera ces changements.&nbsp;<br>L\u2019\u00e9tude diachronique permettra de suivre la dynamique de la v\u00e9g\u00e9tation et du sol en vue de pr\u00e9ciser les facteurs anthropiques et\/ou climatiques dans un environnement en perp\u00e9tuel changement.<\/p>\n\n\n\n<p>Dans le cadre de la gestion durable des \u00e9cosyst\u00e8mes et de la valorisation de la biodiversit\u00e9, des op\u00e9rations d\u2019am\u00e9liorations sylvo-agro-pastorales ont \u00e9t\u00e9 tent\u00e9es dans des \u00e9cosyst\u00e8mes fragilis\u00e9s. L\u2019objectif est \u00e9galement de d\u00e9terminer des indicateurs de r\u00e9ponse permettant d\u2019\u00e9valuer l\u2019impact de la gestion sur la biodiversit\u00e9 des communaut\u00e9s v\u00e9g\u00e9tales. Il s\u2019agit d\u2019\u00e9tablir un bilan des actions men\u00e9es de r\u00e9habilitation notamment, la restauration des parcours, les reboisements, la fixation de dunes etc. en vue de tirer des enseignements susceptibles d\u2019\u00eatre utilis\u00e9s dans d\u2019autres zones similaires d\u2019une part&nbsp;;<br>D\u2019autre part d\u2019analyser et de pr\u00e9voir les risques de bioinvasion par les esp\u00e8ces introduites (non autochtones).&nbsp;<\/p>\n\n\n\n<p><strong>Fondements Scientifiques&nbsp;:&nbsp;<\/strong><br><strong>Impact de la gestion des syst\u00e8mes \u00e9cologiques sur la biodiversit\u00e9 et le sol<\/strong>&nbsp;<br><img decoding=\"async\" loading=\"lazy\" width=\"8\" height=\"11\" src=\"\" alt=\"-\">&nbsp;Evaluation des actions de restauration et de r\u00e9habilitation dans la steppe&nbsp;: effet de la mise en d\u00e9fens et de l\u2019introduction des plantes fourrag\u00e8res sur la biodiversit\u00e9, le sol et sa surface.&nbsp;<br><strong>Contribution \u00e0 la compr\u00e9hension du processus de d\u00e9sertification<\/strong>&nbsp;<br><img decoding=\"async\" loading=\"lazy\" width=\"8\" height=\"11\" src=\"\" alt=\"-\">&nbsp;Dynamique synchronique&nbsp;: dynamique de la diversit\u00e9 floristique et du sol dans la s\u00e9rie de d\u00e9gradation du ch\u00eane vert&nbsp;<br><img decoding=\"async\" loading=\"lazy\" width=\"8\" height=\"11\" src=\"\" alt=\"-\">&nbsp;Dynamique diachronique&nbsp;: suivi de la dynamique de la v\u00e9g\u00e9tation, du sol et de sa surface dans des stations steppiques<\/p>\n\n\n\n<p><strong>R\u00e9alisation et exploitation d\u2019une banque de donn\u00e9es floristiques,&nbsp;<\/strong><strong><br><\/strong><strong>\u00e9cologiques et \u00e9daphiques&nbsp;:&nbsp;<\/strong><br>&#8211; Chorologie et auto\u00e9cologie des esp\u00e8ces m\u00e9dicinales, pastorales, end\u00e9miques, rares, en voie de disparition_<br>&#8211; Cartographie des potentialit\u00e9s nutritives des sols.<br>&#8211; Cartographie de la sensibilit\u00e9 \u00e0 la d\u00e9sertification<br><strong>Diversit\u00e9 sp\u00e9cifique<\/strong><br>&#8211; Relation entre syntaxons et les cytotypes de l\u2019alfa \u00e0 travers l\u2019\u00e9tude de la variabilit\u00e9 morphologique, caryologique et biochimique (\u00e9lectrophor\u00e8se de&nbsp;<br>quelques enzymes) de l\u2019halfa (Stipa tenacissima)<\/p>\n\n\n\n<p><strong>Mots-Cl\u00e9s&nbsp;:<\/strong>&nbsp;Biodiversit\u00e9 \u2013 sol \u2013 analyse synchronique \u2013 analyse diachronique \u2013 d\u00e9sertification \u2013 banque de donn\u00e9es<\/p>\n","protected":false},"excerpt":{"rendered":"<p>Objectifs d\u2019ensemble&nbsp;: L\u2019activit\u00e9 humaine ancestrale et les changements climatiques ont profond\u00e9ment modifi\u00e9 les paysages m\u00e9diterran\u00e9ens et leur action s\u2019est dangereusement accentu\u00e9e, ces derni\u00e8res d\u00e9cennies, au niveau des paysages alg\u00e9riens, engendrant souvent un appauvrissement de la biodiversit\u00e9 et du milieu \u00e9daphique.L\u2019\u00e9tude <span class=\"readmore\"><a href=\"https:\/\/leve.usthb.dz\/index.php\/description-des-objectifs-missions-et-activites-de-lequipe-6\/\">Continue Reading<\/a><\/span><\/p>\n","protected":false},"author":1,"featured_media":0,"parent":0,"menu_order":0,"comment_status":"closed","ping_status":"closed","template":"","meta":[],"_links":{"self":[{"href":"https:\/\/leve.usthb.dz\/index.php\/wp-json\/wp\/v2\/pages\/380"}],"collection":[{"href":"https:\/\/leve.usthb.dz\/index.php\/wp-json\/wp\/v2\/pages"}],"about":[{"href":"https:\/\/leve.usthb.dz\/index.php\/wp-json\/wp\/v2\/types\/page"}],"author":[{"embeddable":true,"href":"https:\/\/leve.usthb.dz\/index.php\/wp-json\/wp\/v2\/users\/1"}],"replies":[{"embeddable":true,"href":"https:\/\/leve.usthb.dz\/index.php\/wp-json\/wp\/v2\/comments?post=380"}],"version-history":[{"count":1,"href":"https:\/\/leve.usthb.dz\/index.php\/wp-json\/wp\/v2\/pages\/380\/revisions"}],"predecessor-version":[{"id":382,"href":"https:\/\/leve.usthb.dz\/index.php\/wp-json\/wp\/v2\/pages\/380\/revisions\/382"}],"wp:attachment":[{"href":"https:\/\/leve.usthb.dz\/index.php\/wp-json\/wp\/v2\/media?parent=380"}],"curies":[{"name":"wp","href":"https:\/\/api.w.org\/{rel}","templated":true}]}}