{"id":369,"date":"2023-07-17T13:16:23","date_gmt":"2023-07-17T13:16:23","guid":{"rendered":"http:\/\/193.194.89.177\/leve_wp\/?page_id=369"},"modified":"2023-07-17T13:16:23","modified_gmt":"2023-07-17T13:16:23","slug":"theses-de-doctorat-soutenues-3","status":"publish","type":"page","link":"https:\/\/leve.usthb.dz\/index.php\/theses-de-doctorat-soutenues-3\/","title":{"rendered":"<strong>Th\u00e8ses de Doctorat soutenues<\/strong><strong><\/strong>"},"content":{"rendered":"\n<p><strong>Doctorat classique<\/strong><\/p>\n\n\n\n<p>&nbsp;<strong>MEGHARBI Ahmed<\/strong><br>Intitul\u00e9 de la th\u00e8se&nbsp;: \u00ab&nbsp;Approche syn\u00e9cologique et dynamique des groupements des halophytes des marais de la Macta&nbsp;\u00bb<br>Date de soutenance&nbsp;: le 03 juillet 2017 \u00e0 l\u2019USTHB<\/p>\n\n\n\n<p>&nbsp;<strong>&nbsp;GHENNAM Kamel<\/strong><br>Intitul\u00e9 de la th\u00e8se&nbsp;: \u00ab&nbsp;Biosurveillance sur S.I.G. de la qualit\u00e9 de l\u2019air dans l\u2019Alg\u00e9rois par la biodiversit\u00e9 des lichens et les v\u00e9g\u00e9taux sup\u00e9rieurs&nbsp;\u00bb<br>Date de soutenance&nbsp;: le 13 mai 2017 \u00e0 l\u2019USTHB<\/p>\n\n\n\n<p>&nbsp;<strong>SARMOUM Mohamed&nbsp;<\/strong><br>Intitul\u00e9&nbsp;: Etude de la dynamique des syst\u00e8mes forestiers dans le massif de l\u2019Ouarsenis dans le cadre des changements globaux&nbsp;<br>Date de soutenance&nbsp;: le 24 octobre 2016 \u00e0 l\u2019USTHB<\/p>\n\n\n\n<p><strong>KHEDACHE Zina<\/strong><br>Intitul\u00e9&nbsp;: \u00c9tude \u00e9cologique et fonctionnement de Anabasis aretioides<br>Date de soutenance&nbsp;: le 08 mars 2015 \u00e0 l\u2019USTHB<\/p>\n\n\n\n<p>Th\u00e8ses Doctorat en cours (02)<\/p>\n\n\n\n<p>YAHIA Karima (D classique)<\/p>\n\n\n\n<p>DJELID Amina Selma (LMD)<\/p>\n","protected":false},"excerpt":{"rendered":"<p>Doctorat classique &nbsp;MEGHARBI AhmedIntitul\u00e9 de la th\u00e8se&nbsp;: \u00ab&nbsp;Approche syn\u00e9cologique et dynamique des groupements des halophytes des marais de la Macta&nbsp;\u00bbDate de soutenance&nbsp;: le 03 juillet 2017 \u00e0 l\u2019USTHB &nbsp;&nbsp;GHENNAM KamelIntitul\u00e9 de la th\u00e8se&nbsp;: \u00ab&nbsp;Biosurveillance sur S.I.G. de la qualit\u00e9 de <span class=\"readmore\"><a href=\"https:\/\/leve.usthb.dz\/index.php\/theses-de-doctorat-soutenues-3\/\">Continue Reading<\/a><\/span><\/p>\n","protected":false},"author":1,"featured_media":0,"parent":0,"menu_order":0,"comment_status":"closed","ping_status":"closed","template":"","meta":[],"_links":{"self":[{"href":"https:\/\/leve.usthb.dz\/index.php\/wp-json\/wp\/v2\/pages\/369"}],"collection":[{"href":"https:\/\/leve.usthb.dz\/index.php\/wp-json\/wp\/v2\/pages"}],"about":[{"href":"https:\/\/leve.usthb.dz\/index.php\/wp-json\/wp\/v2\/types\/page"}],"author":[{"embeddable":true,"href":"https:\/\/leve.usthb.dz\/index.php\/wp-json\/wp\/v2\/users\/1"}],"replies":[{"embeddable":true,"href":"https:\/\/leve.usthb.dz\/index.php\/wp-json\/wp\/v2\/comments?post=369"}],"version-history":[{"count":1,"href":"https:\/\/leve.usthb.dz\/index.php\/wp-json\/wp\/v2\/pages\/369\/revisions"}],"predecessor-version":[{"id":371,"href":"https:\/\/leve.usthb.dz\/index.php\/wp-json\/wp\/v2\/pages\/369\/revisions\/371"}],"wp:attachment":[{"href":"https:\/\/leve.usthb.dz\/index.php\/wp-json\/wp\/v2\/media?parent=369"}],"curies":[{"name":"wp","href":"https:\/\/api.w.org\/{rel}","templated":true}]}}