{"id":365,"date":"2023-07-17T13:12:37","date_gmt":"2023-07-17T13:12:37","guid":{"rendered":"http:\/\/193.194.89.177\/leve_wp\/?page_id=365"},"modified":"2023-07-17T13:12:38","modified_gmt":"2023-07-17T13:12:38","slug":"conferences-2","status":"publish","type":"page","link":"https:\/\/leve.usthb.dz\/index.php\/conferences-2\/","title":{"rendered":"<strong>Conf\u00e9rences<\/strong>"},"content":{"rendered":"\n<p><strong>Ann\u00e9e 2017<\/strong><\/p>\n\n\n\n<p>&nbsp;<strong>ABDOUN F<\/strong>., \u00ab&nbsp;Les derni\u00e8res for\u00eats du Sahara&nbsp;\u00bb Exposition \u00ab&nbsp;Sahara Inspire&nbsp;\u00bb Palis des Ra\u00efs (Bastion 23), 4 F\u00e9vrier 2017<\/p>\n\n\n\n<p><strong>Ann\u00e9e 2015<\/strong><\/p>\n\n\n\n<p>&nbsp;<strong>ABDOUN F<\/strong>., \u00ab&nbsp;Les derni\u00e8res for\u00eats du Sahara&nbsp;\u00bb Commission nationale pour l\u2019UNESCO, invit\u00e9e dans le cadre du projet inventaire du patrimoine scientifique universitaire soutenu par l\u2019UNESCO, 11 juin Alger 2015<\/p>\n\n\n\n<p><strong>Ann\u00e9e 2014<\/strong><\/p>\n\n\n\n<p>&nbsp;<strong>ABDOUN F.<\/strong>, \u00ab&nbsp;Tarout&nbsp;\u00bb, invit\u00e9e par la Circonscription des for\u00eats de Djanet&nbsp;: Djanet mars 2014<\/p>\n\n\n\n<p><strong>Ann\u00e9e 2013<\/strong><\/p>\n\n\n\n<p>&nbsp;<strong>ABDOUN F<\/strong>., \u00ab&nbsp;Le cypr\u00e8s du Tassili&nbsp;: du Pluvial \u00e0 la ros\u00e9e&nbsp;\u00bb COLLOQUE \u00ab&nbsp;Le Sahara, impacts de changements environnementaux extr\u00eames sur la biodiversit\u00e9&nbsp;\u00bb Aix-Marseille Universit\u00e9, Technop\u00f4le de l\u2019Arbois, Aix-en-Provence, les 28 et 29 novembre 2013<\/p>\n","protected":false},"excerpt":{"rendered":"<p>Ann\u00e9e 2017 &nbsp;ABDOUN F., \u00ab&nbsp;Les derni\u00e8res for\u00eats du Sahara&nbsp;\u00bb Exposition \u00ab&nbsp;Sahara Inspire&nbsp;\u00bb Palis des Ra\u00efs (Bastion 23), 4 F\u00e9vrier 2017 Ann\u00e9e 2015 &nbsp;ABDOUN F., \u00ab&nbsp;Les derni\u00e8res for\u00eats du Sahara&nbsp;\u00bb Commission nationale pour l\u2019UNESCO, invit\u00e9e dans le cadre du projet inventaire <span class=\"readmore\"><a href=\"https:\/\/leve.usthb.dz\/index.php\/conferences-2\/\">Continue Reading<\/a><\/span><\/p>\n","protected":false},"author":1,"featured_media":0,"parent":0,"menu_order":0,"comment_status":"closed","ping_status":"closed","template":"","meta":[],"_links":{"self":[{"href":"https:\/\/leve.usthb.dz\/index.php\/wp-json\/wp\/v2\/pages\/365"}],"collection":[{"href":"https:\/\/leve.usthb.dz\/index.php\/wp-json\/wp\/v2\/pages"}],"about":[{"href":"https:\/\/leve.usthb.dz\/index.php\/wp-json\/wp\/v2\/types\/page"}],"author":[{"embeddable":true,"href":"https:\/\/leve.usthb.dz\/index.php\/wp-json\/wp\/v2\/users\/1"}],"replies":[{"embeddable":true,"href":"https:\/\/leve.usthb.dz\/index.php\/wp-json\/wp\/v2\/comments?post=365"}],"version-history":[{"count":1,"href":"https:\/\/leve.usthb.dz\/index.php\/wp-json\/wp\/v2\/pages\/365\/revisions"}],"predecessor-version":[{"id":367,"href":"https:\/\/leve.usthb.dz\/index.php\/wp-json\/wp\/v2\/pages\/365\/revisions\/367"}],"wp:attachment":[{"href":"https:\/\/leve.usthb.dz\/index.php\/wp-json\/wp\/v2\/media?parent=365"}],"curies":[{"name":"wp","href":"https:\/\/api.w.org\/{rel}","templated":true}]}}