{"id":352,"date":"2023-07-17T13:00:27","date_gmt":"2023-07-17T13:00:27","guid":{"rendered":"http:\/\/193.194.89.177\/leve_wp\/?page_id=352"},"modified":"2023-07-17T13:00:28","modified_gmt":"2023-07-17T13:00:28","slug":"communications-nationales-4","status":"publish","type":"page","link":"https:\/\/leve.usthb.dz\/index.php\/communications-nationales-4\/","title":{"rendered":"<strong>Communications nationales<\/strong>"},"content":{"rendered":"\n<p>Cherifi K., Toumi M. et <strong>Abdoun F.<\/strong>, 2022. Conservation d\u2019un \u00e9cosyst\u00e8me montagneux saharien class\u00e9. International Conference Mediterranean forests : state of play and prospects, Khenchla 15-16 mars 2022<\/p>\n\n\n\n<p>Lameche H. &amp; <strong>Abdoun <\/strong>F., 2021. Plaidoyer pour un arbuste d\u00e9nigr\u00e9 mais d\u2019int\u00e9r\u00eat certain : <em>Calotropis procera<\/em>. 1er S\u00e9minaire international \u00ab webinaire\u00bb Nouvelles visions sur l\u02b9amortissement durable de la biodiversit\u00e9 des zones incertaines 07\u201008 Avril 2021\u20102021<\/p>\n\n\n\n<p>Sarmoum M., Navarro\u2010Cerrilo R., Guibal F., <strong>Abdoun F<\/strong>., 2020. R\u00e9ponses du pin d\u2019Alep et du c\u00e8dre de l\u2019Atlas aux changements climatiques dans le massif de l\u2019Ouarsenis (Alg\u00e9rie Occidentale). Conf\u00e9rence internationale virtuelle \u00ab M\u00e9diterran\u00e9e : l\u2019expertise scientifique pour les d\u00e9cideurs. La recherche sur le climat et l\u2019environnement au service des objectifs du d\u00e9veloppement durable \u00bb : 16\u201017\u201018 novembre 2020. <strong>med2020.sciencesconf.org\/<\/strong><\/p>\n\n\n\n<p>Sarmoum M., Navarro\u2010Cirrillo R., Guibal F. et <strong>Abdoun F<\/strong>., 2020. Typology, productivity and dynamics of Alleppo pine stands in the Ouarsenis massif (Algeria). XI International Scientific Agriculture Symposium \u201cAGROSYM 2020\u201d 8\u20109 octobre 2020. (<a href=\"http:\/\/agrosym.ues.rs.ba\">http:\/\/agrosym.ues.rs.ba<\/a>)<\/p>\n\n\n\n<p>Ifticene-Habani N. et Abdoun F., 2022. Evaluation des relations cerne-climat des populations \u00e0 Pistacia atlantica dans le parc national de Theniet el Had. 1<sup>er<\/sup> webinaire national sant\u00e9 et environnement 9-10 nov 2022 Univ M\u2019Hamed Bougara Boumerd\u00e8s<\/p>\n\n\n\n<p>Sarmoum M. et <strong>Abdoun F<\/strong>., 2022. Ev\u00e9nements climatiques extr\u00eames enregistr\u00e9s dans les cernes du c\u00e8dre de l\u2019Atlas dans le parc national de Theniet El Had (Alg\u00e9rie). premi\u00e8re \u00e9dition du S\u00e9minaire et Salon Nationaux de la Climatologie(SSCN), USTHB<\/p>\n\n\n\n<p><strong>Ann\u00e9e 2017<\/strong><\/p>\n\n\n\n<p>&nbsp;<strong>SARMOUM M<\/strong>.,<strong>&nbsp;ABDOUN F<\/strong>., GUIBAL F., 2017. Etude de la dynamique des syst\u00e8mes forestiers du parc national de Theniet El Had dans le contexte des changements globaux. S\u00e9minaire national&nbsp;: biodiversit\u00e9 et gestion des bioressources en zone semi-arides et arides. Centre universitaire de Naama 10-11 avril 2017.<br>2016<\/p>\n\n\n\n<p>&nbsp;<strong>GHENNAM K<\/strong>.,<strong>&nbsp;ABDOUN F.<\/strong>, Utilisation et usage de la biodiversit\u00e9 lich\u00e9nique. 3\u00e8me Exposition d\u2019Ethnobotanique et 4\u00e8me Atelier d\u2019initiation \u00e0 la phytoth\u00e9rapie, Jardin d\u2019Essai du HAmma, Alger, le 15 mai 2016.<\/p>\n\n\n\n<p><strong>Ann\u00e9e 2014<\/strong><strong><\/strong><\/p>\n\n\n\n<p>&nbsp;<strong>Sarmoum M., Abdoun F.<\/strong>, Messaoudene M.&nbsp;&amp; Guibal F.,2014.- Etat de sant\u00e9 actuel et r\u00e9trospectif de la c\u00e9draie de Theniet El Had. Etude dendro\u00e9cologique. Forum National Agrov\u00e9t\u00e9rinaire. Universit\u00e9 de Tiaret, 13 au 15 mai 2014.<\/p>\n\n\n\n<p>&nbsp;<strong>Abdoun F.<\/strong>, Cupressac\u00e9es mediterran\u00e9nnes&nbsp;: \u00e9cologie et g\u00e9ographie. Journ\u00e9es Scientifiques du 40\u00e8me anniversaire de l\u2019USTHB, 20-24 avril 2014.<br>Merrouche Y., Milati i.,&nbsp;<strong>Abdoun F.<\/strong>&nbsp;2014,- Suivi Des Plantations Conservatoires D\u2019une Espece En Danger D\u2019extinction. Cas De Bordj El-Emir Khaled.Journ\u00e9es Scientifiques du 40\u00e8me anniversaire de l\u2019USTHB, 20-24 avril 2014.<\/p>\n\n\n\n<p>&nbsp;Milati i., Merrouche Y.,&nbsp;<strong>Abdoune F.<\/strong>, 2014.- plantation de Cupressus dupreziana dans le cadre du barrage vert. Cas de Moudjbara. Journ\u00e9es Scientifiques du 40\u00e8me anniversaire de l\u2019USTHB, 20-24 avril 2014<\/p>\n\n\n\n<p>&nbsp;<strong>GHENNAM K<\/strong>., IMBULA M., AGUMYA E.&nbsp;<strong>ABDOUN F<\/strong>., Biosurveillance de la qualit\u00e9 de l\u2019air par les lichens. Cas de la partie fran\u00e7aise du jardin d\u2019essai d\u2019El Hamma. Journ\u00e9es scientifiques du 40 \u00e8me anniversaire de l\u2019USTHB, 20-24 avril 2014<\/p>\n\n\n\n<p>&nbsp;<strong>GHENNAM K<\/strong>.,&nbsp;<strong>ABDOUN F<\/strong>. et SAHMOUNE F., Diversit\u00e9 lich\u00e9nique et qualit\u00e9 de l\u2019air sur un gradient d\u2019anthropisation croissante dans la r\u00e9gion d\u2019Alger. Journ\u00e9es scientifiques du 40 \u00e8me anniversaire de l\u2019USTHB, 20-24 avril 2014<br>Ann\u00e9e 2013<\/p>\n\n\n\n<p>&nbsp;Boukendakdji A.&nbsp;<strong>Kecha\u00efri R<\/strong>.,&nbsp;<strong>Abdoun F.<\/strong>, 2013.- Etude biom\u00e9trique sur des graines d\u2019Arganier de Tindouf. Journ\u00e9es scientifiques du 39\u00e8me anniversaire de l\u2019USTHB, 21-25 avril 2013<\/p>\n\n\n\n<p><strong>Ann\u00e9e 2012<\/strong><strong><\/strong><\/p>\n\n\n\n<p>&nbsp;A\u00eft hamouda T.,&nbsp;<strong>Abdoun F.<\/strong>, Bendou S., 2012, caract\u00e9risation \u00e9codendrom\u00e9trique de l\u2019arganier de la hamada de Tindouf. Festivit\u00e9s du 38\u00e8me anniversaire de l\u2019USTHB 22 au 26 avril 2012<\/p>\n\n\n\n<p>&nbsp;Bendou S.,<strong>&nbsp;Abdoun F.<\/strong>&amp; A\u00eft hamouda T., 2012, Diversit\u00e9 arbor\u00e9e et arbustive de l\u2019arganeraie de Oued El-Ma (Tindouf, Alg\u00e9rie \u00ab&nbsp;Cartographie&nbsp;\u00bb, Festivit\u00e9s du 38\u00e8me anniversaire de l\u2019USTHB 22 au 26 avril 2012<\/p>\n\n\n\n<p>&nbsp;Bensmain L.,&nbsp;<strong>Abdoun F.<\/strong>, Rebbouh A. et Djebbar R., 2012, Exemple d\u2019application de l\u2019analyse des donn\u00e9es dans recherche de liaison entre la pollution atmosph\u00e9rique et les param\u00e8tres m\u00e9t\u00e9orologiques. Cas d\u2019Alger centre. Festivit\u00e9s du 38\u00e8me anniversaire de l\u2019USTHB 22 au 26 avril 2012<\/p>\n\n\n\n<p>&nbsp;<strong>Ghennam K., Abdoun F.<\/strong>, 2012, Utilisation du gradient de biodiversit\u00e9 lich\u00e9nique dans la sensibilisation environnementale. Festivit\u00e9s du 38\u00e8me anniversaire de l\u2019USTHB 22 au 26 avril 2012<\/p>\n\n\n\n<p><strong>Ann\u00e9e 2011<\/strong><strong><\/strong><\/p>\n\n\n\n<p>&nbsp;<strong>Abdoun F. &amp; Sadki N.<\/strong>&nbsp;2011.- Gartoufa et Wazwaza&nbsp;: entre confusion syst\u00e9matique et utilisation m\u00e9dicinale. S\u00e9minaire national sur la Pr\u00e9servation et Valorisation des Ressources Phytog\u00e9n\u00e9tiques \u00e0 Int\u00e9r\u00eat Aromatique et m\u00e9dicinal, Chlef, 29 et 30 novembre 2011<\/p>\n\n\n\n<p>&nbsp;<strong>Abdoun F.<\/strong>, 2011, l\u2019Arganier&nbsp;: \u00e9cologie et g\u00e9ographie. Journ\u00e9e d\u2019\u00e9tude sur \u00ab&nbsp;l\u2019arganier, vecteur int\u00e9grateur de d\u00e9veloppement durable&nbsp;\u00bb. MATE, Alger, 5 juin 2011<\/p>\n\n\n\n<p>&nbsp;<strong>Abdoun F.<\/strong>, 2011, Quel pass\u00e9 pour quel avenir de l\u2019arganeraie de Tindouf&nbsp;? S\u00e9minaire national sur la pr\u00e9servation et la valorisation de l\u2019arganier, Tindouf, du 9-11 avril 2011<\/p>\n\n\n\n<p>&nbsp;A\u00eft Hamouda T., Bendou S.,&nbsp;<strong>Abdoun F.<\/strong>&nbsp;&amp; Nedjraoui D., 2011, pluralit\u00e9 de l\u2019\u00e9cosyst\u00e8me \u00e0 arganier dans la hamada de Tindouf. S\u00e9minaire national sur la pr\u00e9servation et la valorisation de l\u2019arganier, Tindouf, du 9-11 avril 2011<\/p>\n\n\n\n<p>&nbsp;Bendou S., A\u00eft Hamouda T.,<strong>&nbsp;Abdoun F.<\/strong>&nbsp;&amp; Nedjraoui D., 2011, diversit\u00e9 arbor\u00e9e et arbustive de l\u2019arganeraie de oued El-ma, Tindouf. S\u00e9minaire national sur la pr\u00e9servation et la valorisation de l\u2019arganier, Tindouf, du 9-11 avril 2011<\/p>\n\n\n\n<p>&nbsp;A\u00eft Hamouda T., Bendou S.,&nbsp;<strong>Abdoun F.<\/strong>, 2011, Evaluation de la diversit\u00e9 \u00e9cologique des \u00e9cosyst\u00e8mes \u00e0 arganier dans la hamada de Tindouf. Journ\u00e9es de festivit\u00e9s de l\u2019USTHB, les 24-28 avril 2011<\/p>\n\n\n\n<p>&nbsp;<strong>Abdoun F.<\/strong>, 2011, Botanique saharienne et rigueur scientifique. Journ\u00e9e de comm\u00e9moration du 10\u00e8me anniversaire de la mort de Kouider Mediouni. LEVE\/FSB\/USTHB et la soci\u00e9t\u00e9 alg\u00e9rienne de phytosociologie, \u00e0 l\u2019USTHB, le 24 janvier 2011.<\/p>\n\n\n\n<p><strong>Ann\u00e9e 2010<\/strong><strong><\/strong><\/p>\n\n\n\n<p>&nbsp;<strong>Abdoun F.<\/strong>, 2010.- Le cypr\u00e8s du Tassili (Cupressus dupreziana A. Camus) face aux climats saharien et m\u00e9diterran\u00e9en. ATELIER \u00ab&nbsp;changement climatique et d\u00e9veloppement durable&nbsp;\u00bb, UNESCO\/ PGS\/FSB-USTHB, 17 mars 2010.<\/p>\n\n\n\n<p>&nbsp;<strong>Sarmoum M<\/strong>., Messaoudene M.&nbsp;&amp;&nbsp;<strong>Abdoun F.<\/strong>, 2010.- Changements climatiques et d\u00e9p\u00e9rissement forestier. Cas de la c\u00e9draie de Theniet El Had. Journ\u00e9es de festivit\u00e9s du 36\u00e8me anniversaire de l\u2019USTHB.<\/p>\n\n\n\n<p><strong>Ann\u00e9e 2008<\/strong><strong><\/strong><\/p>\n\n\n\n<p><br>&nbsp;<strong>Abdoun F.<\/strong>, 2008.-Paysages du Sahara Central. Journ\u00e9es de festivit\u00e9s du 34\u00e8me anniversaire de l\u2019USTHB.<\/p>\n\n\n\n<p><strong>Ann\u00e9e 2006<\/strong><strong><\/strong><\/p>\n\n\n\n<p>&nbsp;<strong>Abdoun F.<\/strong>, 2006.-Evolution de l\u2019aire g\u00e9ographique de Pistacia atlantica au Sahara Central. S\u00e9minaire National sur les esp\u00e8ces de faune et de flore menac\u00e9es d\u2019extinction en Alg\u00e9rie, INA-El-Harrach, mai 2006<\/p>\n\n\n\n<p>&nbsp;<strong>Abdoun F.<\/strong>, 2006.- Le Tassili. Journ\u00e9e de sensibilisation et d\u2019information sur les d\u00e9serts, C\u00e9l\u00e9bration de la journ\u00e9e mondiale de l\u2019Environnement, USTHB, juin 2006<\/p>\n\n\n\n<p><strong>Ann\u00e9e 2005<\/strong><strong><\/strong><\/p>\n\n\n\n<p>&nbsp;<strong>Abdoun F.<\/strong>, 2005.- le cypr\u00e8s du Tassili, t\u00e9moin des temps pr\u00e9historiques. Journ\u00e9es de festivit\u00e9s du 31\u00e8me anniversaire de l\u2019USTHB, avril 2005<\/p>\n\n\n\n<p>&nbsp;<strong>Abdoun F.<\/strong>, 2005.- Le Cypr\u00e8s du Tassili&nbsp;: du Pluvial \u00e0 la ros\u00e9e. Journ\u00e9e de comm\u00e9moration de l\u2019Anniversaire de la mort de K. Mediouni, FSB, USTHB &amp; Soci\u00e9t\u00e9 de phytosociologie, USTHB, f\u00e9vrier 2005<\/p>\n\n\n\n<p><strong>Ann\u00e9e 1995<\/strong><strong><\/strong><\/p>\n\n\n\n<p>&nbsp;<strong>Abdoun F.<\/strong>,1995.- La v\u00e9g\u00e9tation de la r\u00e9gion du M\u00e9guid\u00e8ne (sud d\u2019El-Gol\u00e9a). S\u00e9minaire sur la d\u00e9sertification et la s\u00e9cheresse, Direction G\u00e9n\u00e9rale de l\u2019Environnement, Gharda\u00efa 1995<\/p>\n\n\n\n<p>&nbsp;<strong>Abdoun F.<\/strong>, 1995.- Etude climatique de la r\u00e9gion de Gharda\u00efa, El-Gol\u00e9a et Timimoun (Sahara septentrional). S\u00e9minaire sur la d\u00e9sertification et la s\u00e9cheresse, Direction G\u00e9n\u00e9rale de l\u2019Environnement, Gharda\u00efa 1995<\/p>\n","protected":false},"excerpt":{"rendered":"<p>Cherifi K., Toumi M. et Abdoun F., 2022. Conservation d\u2019un \u00e9cosyst\u00e8me montagneux saharien class\u00e9. International Conference Mediterranean forests : state of play and prospects, Khenchla 15-16 mars 2022 Lameche H. &amp; Abdoun F., 2021. Plaidoyer pour un arbuste d\u00e9nigr\u00e9 mais <span class=\"readmore\"><a href=\"https:\/\/leve.usthb.dz\/index.php\/communications-nationales-4\/\">Continue Reading<\/a><\/span><\/p>\n","protected":false},"author":1,"featured_media":0,"parent":0,"menu_order":0,"comment_status":"closed","ping_status":"closed","template":"","meta":[],"_links":{"self":[{"href":"https:\/\/leve.usthb.dz\/index.php\/wp-json\/wp\/v2\/pages\/352"}],"collection":[{"href":"https:\/\/leve.usthb.dz\/index.php\/wp-json\/wp\/v2\/pages"}],"about":[{"href":"https:\/\/leve.usthb.dz\/index.php\/wp-json\/wp\/v2\/types\/page"}],"author":[{"embeddable":true,"href":"https:\/\/leve.usthb.dz\/index.php\/wp-json\/wp\/v2\/users\/1"}],"replies":[{"embeddable":true,"href":"https:\/\/leve.usthb.dz\/index.php\/wp-json\/wp\/v2\/comments?post=352"}],"version-history":[{"count":1,"href":"https:\/\/leve.usthb.dz\/index.php\/wp-json\/wp\/v2\/pages\/352\/revisions"}],"predecessor-version":[{"id":354,"href":"https:\/\/leve.usthb.dz\/index.php\/wp-json\/wp\/v2\/pages\/352\/revisions\/354"}],"wp:attachment":[{"href":"https:\/\/leve.usthb.dz\/index.php\/wp-json\/wp\/v2\/media?parent=352"}],"curies":[{"name":"wp","href":"https:\/\/api.w.org\/{rel}","templated":true}]}}