{"id":326,"date":"2023-07-17T11:56:18","date_gmt":"2023-07-17T11:56:18","guid":{"rendered":"http:\/\/193.194.89.177\/leve_wp\/?page_id=326"},"modified":"2023-07-17T11:56:19","modified_gmt":"2023-07-17T11:56:19","slug":"encadrements-d-e-s-ingeniorat-et-master","status":"publish","type":"page","link":"https:\/\/leve.usthb.dz\/index.php\/encadrements-d-e-s-ingeniorat-et-master\/","title":{"rendered":"Encadrements &nbsp;D.E.S , Ing\u00e9niorat et master"},"content":{"rendered":"\n<h3><strong>M\u00e9moires de D.E.S.<\/strong><\/h3>\n\n\n\n<p><img decoding=\"async\" loading=\"lazy\" width=\"8\" height=\"11\" src=\"\" alt=\"-\">&nbsp;Kheddouci \u2013 Belkebir F., 1988.- Contribution \u00e0 l\u2019\u00e9tude phyto\u00e9cologique des groupements \u00e0 ch\u00eane vert du Djurdjura. M\u00e9m. D.E.S. U.S.T.H.B., Alger, 50p + ann.<\/p>\n\n\n\n<h3><strong>M\u00e9moires d\u2019ing\u00e9niorat<\/strong><\/h3>\n\n\n\n<p><img decoding=\"async\" loading=\"lazy\" width=\"8\" height=\"11\" src=\"\" alt=\"-\">&nbsp;Madi S. et Bellout Y. 2004. -Etude de l\u2019influence de la pollution atmosph\u00e9rique sur la croissance du pin d\u2019Alep dans l\u2019alg\u00e9rois. (encadr\u00e9 en co-direction avec Messaoudene M.)<\/p>\n\n\n\n<p><img decoding=\"async\" loading=\"lazy\" width=\"8\" height=\"11\" src=\"\" alt=\"-\">&nbsp;Bouder et Kheloufi N., 2001.-Contribution \u00e0 l\u2019\u00e9tude de la diversit\u00e9 biologique des formations foresti\u00e8res du massif des Babors. M\u00e9m. Ing., U.S.T.H.B. , Alger,<\/p>\n\n\n\n<p><img decoding=\"async\" loading=\"lazy\" width=\"8\" height=\"11\" src=\"\" alt=\"-\">&nbsp;Boumazouza S. et Gourgache K., 2000.- Contribution \u00e0 l\u2019\u00e9tude de la diversit\u00e9 biologique des formations foresti\u00e8res du massif du Djurdjura. M\u00e9m. Ing., U.S.T.H.B. , Alger,<\/p>\n\n\n\n<p><img decoding=\"async\" loading=\"lazy\" width=\"8\" height=\"11\" src=\"\" alt=\"-\">&nbsp;<strong>Merbah F.<\/strong>, 1999.- Contribution \u00e0 l\u2019\u00e9tude de la diversit\u00e9 biologique de quelques formations foresti\u00e8res de l\u2019Atlas blid\u00e9en. M\u00e9m. Ing., U.S.T.H.B., Alger,170 p.<\/p>\n\n\n\n<p><img decoding=\"async\" loading=\"lazy\" width=\"8\" height=\"11\" src=\"\" alt=\"-\">&nbsp;Boutaleb N., 1998.- Contribution \u00e0 l\u2019\u00e9tude de la diversit\u00e9 biologique de quelques formations foresti\u00e8res de l\u2019Atlas blid\u00e9en. M\u00e9m. Ing., U.S.T.H.B. , Alger, 120 p.<\/p>\n\n\n\n<p><img decoding=\"async\" loading=\"lazy\" width=\"8\" height=\"11\" src=\"\" alt=\"-\">&nbsp;Bouarour M.&nbsp;et Cherif A., 1996.- Typologie des ch\u00eanaies vertes foresti\u00e8res et pr\u00e9foresti\u00e8res en Alg\u00e9rie. M\u00e9m. Ing., U.S.T.H.B., Alger, 146p + ann.<\/p>\n\n\n\n<p><img decoding=\"async\" loading=\"lazy\" width=\"8\" height=\"11\" src=\"\" alt=\"-\">&nbsp;Mani Z., Megroun N. et Benramoul S., 1992.- Etude phyto\u00e9cologique et \u00e9codendrom\u00e9trique des ch\u00eanaies vertes dans l\u2019Atlas blid\u00e9en. M\u00e9m. Ing., U.S.T.H.B., Alger, 120p + 3 cartes.<\/p>\n\n\n\n<p><img decoding=\"async\" loading=\"lazy\" width=\"8\" height=\"11\" src=\"\" alt=\"-\">&nbsp;Aktouche W., Bounar R., Latreche S. et Barkat F., 1991.- Contribution \u00e0 la connaissance des groupements v\u00e9g\u00e9taux et des ressources pastorales du Parc National de Taza&nbsp;: Wilaya de Jijel ( cartes phyto\u00e9cologiques et pastorales au 1\/10 000 et propositions d\u2019am\u00e9nagement ). M\u00e9m. Ing., U.S.T.H.B., Alger, p. + 3 cartes.<\/p>\n\n\n\n<p><img decoding=\"async\" loading=\"lazy\" width=\"8\" height=\"11\" src=\"\" alt=\"-\">&nbsp;Belaid S., Chenouf N. et Nemra S., 1990.- Contribution \u00e0 l\u2019\u00e9tude phyto\u00e9cologique et \u00e0 l\u2019\u00e9valuation de la sensibilit\u00e9 \u00e0 l\u2019\u00e9rosion du bassin versant du Hamiz (r\u00e9gion d\u2019Alger ). M\u00e9m. Ing., U.S.T.H.B., Alger, 122p + ann.+ 7 cartes.<\/p>\n\n\n\n<p><img decoding=\"async\" loading=\"lazy\" width=\"8\" height=\"11\" src=\"\" alt=\"-\">&nbsp;Bouderba Dj., 1989.- Contribution \u00e0 la connaissance du fonctionnement du taillis de ch\u00eane vert&nbsp;: biomasse, production et reg\u00e9n\u00e9ration. M\u00e9m. Ing., U.S.T.H.B., Alger, 52p.<\/p>\n\n\n\n<ul>\n<li>Bokretaoui F., Dahmam M.&nbsp;et Hachi A., 1989.- Cartographie de l\u2019occupation des terres et des risques d\u2019incendies \u00e0 l\u2019\u00e9chelle du 1\/10 000 des for\u00eats de Arbaatache, B\u00e9ni-Khelfoun et Mizrana, dans la wilaya de Boumerdes. M\u00e9m. Ing., U.S.T.H.B., Alger, 82p + 9 cartes.<\/li>\n\n\n\n<li><strong>M\u00e9moires &nbsp;Master<\/strong><\/li>\n<\/ul>\n\n\n\n<ul>\n<li><strong>ASSAL M\u00e9lissa, 2020<\/strong>&nbsp;: Am\u00e9nagement des espaces verts au niveau du campus de l\u2019U.S.T.H.B. <em>M\u00e9m. Master II.USTHB<\/em>.<em>103p.<\/em><\/li>\n<\/ul>\n\n\n\n<ul>\n<li><strong>BENRAIS Soumia &amp; GHALYOUN Razane, 2021<\/strong>., \u00ab&nbsp;Int\u00e9r\u00eat patrimonial (cas des esp\u00e8ces m\u00e9dicinales) de la v\u00e9g\u00e9tation de quelques stations de la r\u00e9gion de Chr\u00e9a&nbsp;\u00bb. M\u00e9moire Master II, FSB, USTHB, 70 p + Ann.<\/li>\n<\/ul>\n\n\n\n<ul>\n<li><strong>BOUAOUINA Loubna &amp;&nbsp; SOUIDI Nihad F\u00e9riel, 2021.<\/strong>,&nbsp;\u00ab&nbsp;Am\u00e9nagement des espaces verts au niveau du campus universitaire de l\u2019USTHB&nbsp;\u00bb. M\u00e9moire BEVE Master II, FSB, USTHB, 88 p + Ann.<\/li>\n<\/ul>\n\n\n\n<ul>\n<li><strong>AIT GANA Aziza &amp; LAIDI FOURAR Loubna, 2023&nbsp;;<\/strong>&nbsp;\u00ab&nbsp;Mise en \u00e9vidence de la valeur patrimoniale de quelques stations de chr\u00e9a, cas des plantes m\u00e9dicinales. <em>M\u00e9m. BEVE Master II. USTHB.44p.<\/em><\/li>\n<\/ul>\n\n\n\n<ul>\n<li><strong>BUKASA Chadrack &amp; SAIDI Loubha, 2023<\/strong>&nbsp;: \u00ab&nbsp;Mise en \u00e9vidence de la valeur patrimoniale de quelques stations de chr\u00e9a, cas des plantes end\u00e9miques. <em>M\u00e9m.BEVE. Master II. USTHB.44p.<\/em><\/li>\n\n\n\n<li><strong>BEGHIDJA Maroua, LOUNICI ALI Chahinez et ROUABAH Loubna, 2023&nbsp;: <\/strong>Etats des lieux des laboratoires et des blocs p\u00e9dagogiques au niveau des facult\u00e9s de L\u2019U.S.T.H.B vis-\u00e0-vis des normes H.S.E. <em>M\u00e9moire PE Master II.USTHB. 49 p<\/em>.<\/li>\n<\/ul>\n\n\n\n<ul>\n<li><strong>MOUZAOUI Yasmine &amp; ZOBIR Amira, 2023<\/strong>&nbsp;:\u00ab&nbsp;La Gestion Post Covid des d\u00e9chets au niveau du campus de l\u2019U.S.T.H.B&nbsp;\u00bb<em> M\u00e9moire PE Master II.USTHB. 49 p<\/em>.<\/li>\n<\/ul>\n\n\n\n<ul>\n<li>Boussaa Nadia, Hattab Amina, 2017.-Analyses physico-chimiques des eaux us\u00e9es en amont et en aval de la station d\u2019\u00e9puration de Baraki. M\u00e9moire de Master,USTHB, FSB, 30p. Master soutenu en juin 2017. Promoteur Atroune\u2013Azira F.<\/li>\n\n\n\n<li>&nbsp;<\/li>\n\n\n\n<li>Ladjnef Fatima &amp; Titri Melissa Nahida, 2018&nbsp;: \u00ab&nbsp;Suivi de la dynamique de la r\u00e9g\u00e9n\u00e9ration du c\u00e8dre de l\u2019atlas \u00ab&nbsp;<em>Cedrus atlantica<\/em> Manetti&nbsp;\u00bb au niveau de trois stations du massif de Chr\u00e9a&nbsp;\u00bb. FSB\/USTHB.84p. Promoteur Addar A.<\/li>\n\n\n\n<li>&nbsp;<\/li>\n\n\n\n<li>Ahmedi Lyes &amp; Arbaoui El Hadi, 2018 : Contribution&nbsp; au Suivi De La R\u00e9g\u00e9n\u00e9ration Naturelle Du C\u00e8dre De L\u2019atlas (<em>Cedrus AtlanticaManneti.<\/em>) Dans La Station De Tala Rana, Massif De Lalla Khedidja (Djurdjura).Fsb\/Usthb.94p. Promoteur Addar A.<\/li>\n\n\n\n<li>&nbsp;<\/li>\n\n\n\n<li>Mahtout Fa\u00efrouz &amp; Messous Amira, 2018- Contribution A L\u2019\u00e9tude structurale et ecologique des formations \u00e0 <em>Juniperus thurifera <\/em>L. Des Aur\u00e8s. Promoteur Yahi&nbsp; N.<\/li>\n\n\n\n<li>&nbsp;<\/li>\n\n\n\n<li>Hadedoum Souad ; Lamaouche Farah &amp; Messaoudi Lydia, 2019: \u00ab&nbsp;Suivi De La Dynamique De La R\u00e9g\u00e9n\u00e9ration Du C\u00e8dre De L\u2019atlas \u00ab&nbsp;<em>Cedrus Atlantica<\/em> Manetti&nbsp;\u00bb Au Niveau De Trois Stations Du Massif De Chr\u00e9a, Atlas Blid\u00e9en&nbsp;\u00bb. Fsb\/Usthb.84p. Promoteur Addar A.<\/li>\n\n\n\n<li>&nbsp;<\/li>\n\n\n\n<li>Merzouk&nbsp; Lilia et Meziani&nbsp; Lila 2020- Espaces verts urbains : \u00e9volution spatiale et place sociale. Cas de la commune d\u2019El Biar (Alger). Master en Protection des Ecosyst\u00e8mes- Promoteur Yahi N.<\/li>\n\n\n\n<li>Chaher Meriem&nbsp; , Zitouni Manal, 2020.-Etude d\u2019impact du forage p\u00e9trolier d\u2019exploration (Draa AL Adaou-1Ter) sur l\u2019environnement dans le p\u00e9rim\u00e8tre de Hassi Messaoud II. M\u00e9moire de master,USTHB, FSB, 61p.Promoteur Atroune F.<\/li>\n\n\n\n<li>Mahani Sarah, Medjdoub Zakaria ,2020.-Impact de la production de ciment sur la sant\u00e9 humaine et l\u2019environnement&nbsp;;Cas de la Cimenterie SCAL de Rais Hamidou- M\u00e9moire de master,USTHB, FSB, 61p.Promoteur Atroune F.<\/li>\n\n\n\n<li>&nbsp;<\/li>\n\n\n\n<li>Bousba Abdelhak &amp;Houas Atmane, 2020.- Contribution \u00e0 l\u2019\u00e9tude de la diversit\u00e9 floristique et faunistique au sein d\u2019habitats naturels \u00e0 <em>Cedrus atlantica<\/em>, (Endl). Carri\u00e8re : cas du parc national de Chr\u00e9a (Atlas blid\u00e9en). Master en biodiversit\u00e9 et \u00e9cologie v\u00e9g\u00e9tale . Promoteur Yahi N.<\/li>\n\n\n\n<li>\u00b7&nbsp;&nbsp;&nbsp;&nbsp;&nbsp;&nbsp;&nbsp;&nbsp; &nbsp;<\/li>\n\n\n\n<li>Boulghalegh Bouchra et Chakali-Mekhalfia Amina., 2021-Evaluation des services \u00e9cosyst\u00e9miques au sein des espaces verts d\u2019Alger (lien social et implications). Cas du jardin d\u2019essai du Hamma. 68 p. + ann. FSB, USTHB. Promoteur Yahi N.<\/li>\n\n\n\n<li>&nbsp;<\/li>\n\n\n\n<li>Omari Ahlam et Bachiri Loubna, 2022- Contribution \u00e0 la connaissance des habitats littoraux du Sahel alg\u00e9rois et diagnostic des menaces&nbsp;\u00bb. Soutenu en juin 2022. FSB, USTHB. Promoteur Yahi N.<\/li>\n\n\n\n<li>&nbsp;<\/li>\n\n\n\n<li>Guemour Assia et Eulmi Mohamed Fadi, 2022- Ville et biodiversit\u00e9&nbsp;: essai de caract\u00e9risation des ilots de chaleur urbains. FSB, USTHB. Promoteur Yahi N.<\/li>\n\n\n\n<li>&nbsp;<\/li>\n<\/ul>\n\n\n\n<p>Amir Asma et Zerrouki Nouha, 2022- Espaces de nature et dynamique urbaine&nbsp;: Cas des communes de Bordj El Bahri et Bordj El Kiffan (Alger). Promoteur Yahi N<\/p>\n","protected":false},"excerpt":{"rendered":"<p>M\u00e9moires de D.E.S. &nbsp;Kheddouci \u2013 Belkebir F., 1988.- Contribution \u00e0 l\u2019\u00e9tude phyto\u00e9cologique des groupements \u00e0 ch\u00eane vert du Djurdjura. M\u00e9m. D.E.S. U.S.T.H.B., Alger, 50p + ann. M\u00e9moires d\u2019ing\u00e9niorat &nbsp;Madi S. et Bellout Y. 2004. -Etude de l\u2019influence de la pollution <span class=\"readmore\"><a href=\"https:\/\/leve.usthb.dz\/index.php\/encadrements-d-e-s-ingeniorat-et-master\/\">Continue Reading<\/a><\/span><\/p>\n","protected":false},"author":1,"featured_media":0,"parent":0,"menu_order":0,"comment_status":"closed","ping_status":"closed","template":"","meta":[],"_links":{"self":[{"href":"https:\/\/leve.usthb.dz\/index.php\/wp-json\/wp\/v2\/pages\/326"}],"collection":[{"href":"https:\/\/leve.usthb.dz\/index.php\/wp-json\/wp\/v2\/pages"}],"about":[{"href":"https:\/\/leve.usthb.dz\/index.php\/wp-json\/wp\/v2\/types\/page"}],"author":[{"embeddable":true,"href":"https:\/\/leve.usthb.dz\/index.php\/wp-json\/wp\/v2\/users\/1"}],"replies":[{"embeddable":true,"href":"https:\/\/leve.usthb.dz\/index.php\/wp-json\/wp\/v2\/comments?post=326"}],"version-history":[{"count":1,"href":"https:\/\/leve.usthb.dz\/index.php\/wp-json\/wp\/v2\/pages\/326\/revisions"}],"predecessor-version":[{"id":328,"href":"https:\/\/leve.usthb.dz\/index.php\/wp-json\/wp\/v2\/pages\/326\/revisions\/328"}],"wp:attachment":[{"href":"https:\/\/leve.usthb.dz\/index.php\/wp-json\/wp\/v2\/media?parent=326"}],"curies":[{"name":"wp","href":"https:\/\/api.w.org\/{rel}","templated":true}]}}