{"id":292,"date":"2023-07-17T10:28:48","date_gmt":"2023-07-17T10:28:48","guid":{"rendered":"http:\/\/193.194.89.177\/leve_wp\/?page_id=292"},"modified":"2023-07-17T10:28:48","modified_gmt":"2023-07-17T10:28:48","slug":"description-des-objectifs-missions-et-activites-de-lequipe-4","status":"publish","type":"page","link":"https:\/\/leve.usthb.dz\/index.php\/description-des-objectifs-missions-et-activites-de-lequipe-4\/","title":{"rendered":"<strong>Description des objectifs, missions et activit\u00e9s de l\u2019\u00e9quipe<\/strong><strong><\/strong>"},"content":{"rendered":"\n<p><strong>Objectifs d\u2019ensemble<\/strong><\/p>\n\n\n\n<p>Dans le contexte international et national actuel o\u00f9 la conservation de la biodiversit\u00e9 et le d\u00e9veloppement durable constituent des enjeux majeurs, une contribution \u00e0 l\u2019\u00e9valuation de la biodiversit\u00e9 des \u00e9cosyst\u00e8mes et paysages d\u2019Alg\u00e9rie est entreprise de fa\u00e7on \u00e0 d\u00e9terminer les sites, communaut\u00e9s et esp\u00e8ces d\u2019int\u00e9r\u00eat patrimonial, rares ou menac\u00e9s, identifier les facteurs responsables, fournir des indicateurs et des \u00e9l\u00e9ments pour une gestion raisonn\u00e9e de la biodiversit\u00e9 et constituer une base de donn\u00e9es g\u00e9o r\u00e9f\u00e9renc\u00e9es. L\u2019\u00e9valuation est r\u00e9alis\u00e9e \u00e0 diff\u00e9rentes \u00e9chelles spatio-temporelles. Les changements dans les modes d\u2019utilisations de ces syst\u00e8mes \u00e9cologiques et leur impact sur la biodiversit\u00e9 sont \u00e9galement abord\u00e9s \u00e0 l\u2019\u00e9chelle des communaut\u00e9s et des paysages. Leurs r\u00e9ponses aux perturbations et stress sont appr\u00e9ci\u00e9es par la prise en compte des attributs vitaux des v\u00e9g\u00e9taux.&nbsp;<br>Nous envisageons dans le cadre de ce projet, une contribution \u00e0 une meilleure compr\u00e9hension des m\u00e9canismes d\u2019\u00e9volution des \u00e9cosyst\u00e8mes en mettant l\u2019accent sur le r\u00f4le des esp\u00e8ces structurantes. L\u2019approche consistera, en plus du suivi de la dynamique naturelle des peuplements, \u00e0 mettre en place des dispositifs d\u2019observation continue des \u00e9cosyst\u00e8mes. Les r\u00e9sultats permettront la mise au point de mod\u00e8les pr\u00e9dictifs. L\u2019impact des changements climatiques sur le d\u00e9p\u00e9rissement d\u2019esp\u00e8ces foresti\u00e8res est bien mis en \u00e9vidence chez le c\u00e8dre de l\u2019Atlas. La question est de savoir si cet impact se manifeste \u00e9galement au niveau de la biodiversit\u00e9 et de la dynamique d\u2019autres syst\u00e8mes forestiers.<\/p>\n\n\n\n<p>Axes de recherche de l\u2019\u00e9quipe<\/p>\n\n\n\n<ul>\n<li>Habitats remarquables. Caract\u00e9risation et enjeux de conservation.<\/li>\n\n\n\n<li>Ecologie, syst\u00e9matique et dynamique d\u00e9mographique des populations des esp\u00e8ces \u00e0 valeur patrimoniale (end\u00e9miques, rares et\/ou menac\u00e9es).<\/li>\n\n\n\n<li>Evaluation et valorisation de la biodiversit\u00e9 du littoral et des \u00e9cosyst\u00e8mes forestiers et preforestiers.<\/li>\n\n\n\n<li>Conservation <em>ex situ<\/em>, <em>in situ<\/em>.<\/li>\n\n\n\n<li>Utilisation traditionnelle des plantes m\u00e9dicinales (ethnobotanique).<\/li>\n\n\n\n<li>Phytodynamique, r\u00e9g\u00e9neration, restauration et valorisation des c\u00e9draies, changements globaux, mesures de conservation.<\/li>\n\n\n\n<li>Am\u00e9nagement forestier et urbain,<\/li>\n\n\n\n<li>Dynamique et enjeux de la biodiversit\u00e9 urbaine (Alger et ses environs). Lien social et repr\u00e9sentation spatiale.<\/li>\n<\/ul>\n\n\n\n<p><strong>Fondements Scientifiques<\/strong><\/p>\n\n\n\n<p><strong>Th\u00e8me 1&nbsp;: Biodiversit\u00e9 et \u00e9cologie des paysages<\/strong>&nbsp;<br><img decoding=\"async\" loading=\"lazy\" width=\"8\" height=\"11\" src=\"\" alt=\"-\">&nbsp;Evaluation de la diversit\u00e9 \u00e9cologique, sp\u00e9cifique, \u00e9cosyst\u00e9mique et paysag\u00e8re<\/p>\n\n\n\n<p><img decoding=\"async\" loading=\"lazy\" width=\"8\" height=\"11\" src=\"\" alt=\"-\">&nbsp;Etude de la structure et de la dynamique de populations d\u2019esp\u00e8ces rares en Alg\u00e9rie&nbsp;: \u00e9l\u00e9ments pour leur conservation<\/p>\n\n\n\n<p><img decoding=\"async\" loading=\"lazy\" width=\"8\" height=\"11\" src=\"\" alt=\"-\">&nbsp;Typologie des grands types d\u2019\u00e9cosyst\u00e8mes forestiers montagnards d\u2019Alg\u00e9rie et de leur fonctionnement dynamique ( cas de la c\u00e9draie&nbsp;; cas de l\u2019\u00e9rabli\u00e8re&nbsp;; cas des matorrals,\u2026)<\/p>\n\n\n\n<p><img decoding=\"async\" loading=\"lazy\" width=\"8\" height=\"11\" src=\"\" alt=\"-\">&nbsp;Etude de la zonation altitudinale de la v\u00e9g\u00e9tation des montagnes d\u2019Alg\u00e9rie du Nord<\/p>\n\n\n\n<p><strong>Th\u00e8me 2&nbsp;: Fonctionnement et dynamique des syst\u00e8mes \u00e9cologiques<\/strong>&nbsp;<br><img decoding=\"async\" loading=\"lazy\" width=\"8\" height=\"11\" src=\"\" alt=\"-\">&nbsp;Mise en \u00e9vidence des processus diachroniques de dynamique de la v\u00e9g\u00e9tation&nbsp;: cas de la c\u00e9draie<\/p>\n\n\n\n<p><img decoding=\"async\" loading=\"lazy\" width=\"8\" height=\"11\" src=\"\" alt=\"-\">&nbsp;Analyse des r\u00e9ponses fonctionnelles des communaut\u00e9s aux perturbations :Cas des cordons dunaires littoraux de l\u2019Alg\u00e9rois<\/p>\n\n\n\n<p><img decoding=\"async\" loading=\"lazy\" width=\"8\" height=\"11\" src=\"\" alt=\"-\">&nbsp;Impact des perturbations et des modes d\u2019utilisation sur la biodiversit\u00e9 et le fonctionnement des \u00e9cosyst\u00e8mes<\/p>\n\n\n\n<p><strong>Th\u00e8me 3&nbsp;: Biosurveillance, conservation et valorisation<\/strong>&nbsp;<br><img decoding=\"async\" loading=\"lazy\" width=\"8\" height=\"11\" src=\"\" alt=\"-\">&nbsp;Bio-indication et biosurveillance environnementale<\/p>\n\n\n\n<p><img decoding=\"async\" loading=\"lazy\" width=\"8\" height=\"11\" src=\"\" alt=\"-\">&nbsp;Conservation, am\u00e9lioration&nbsp;: Essais d\u2019am\u00e9liorations sylvo-pastorales&nbsp;; Evaluation patrimoniale de sites forestiers et gestion conservatoire<\/p>\n\n\n\n<p><img decoding=\"async\" loading=\"lazy\" width=\"8\" height=\"11\" src=\"\" alt=\"-\">&nbsp;Valorisation&nbsp;: Etude de plantes m\u00e9dicinales end\u00e9miques en Alg\u00e9rie&nbsp;: \u00e9cologie, structure, biologie et valeur th\u00e9rapeutique<\/p>\n\n\n\n<p><strong><em>Mots-Cl\u00e9s<\/em><\/strong><strong>&nbsp;:<\/strong>&nbsp;Syst\u00e8mes \u00e9cologiques, Biodiversit\u00e9&nbsp;: \u00e9valuation, \u00e9volution, fonctionnement,<\/p>\n","protected":false},"excerpt":{"rendered":"<p>Objectifs d\u2019ensemble Dans le contexte international et national actuel o\u00f9 la conservation de la biodiversit\u00e9 et le d\u00e9veloppement durable constituent des enjeux majeurs, une contribution \u00e0 l\u2019\u00e9valuation de la biodiversit\u00e9 des \u00e9cosyst\u00e8mes et paysages d\u2019Alg\u00e9rie est entreprise de fa\u00e7on \u00e0 <span class=\"readmore\"><a href=\"https:\/\/leve.usthb.dz\/index.php\/description-des-objectifs-missions-et-activites-de-lequipe-4\/\">Continue Reading<\/a><\/span><\/p>\n","protected":false},"author":1,"featured_media":0,"parent":0,"menu_order":0,"comment_status":"closed","ping_status":"closed","template":"","meta":[],"_links":{"self":[{"href":"https:\/\/leve.usthb.dz\/index.php\/wp-json\/wp\/v2\/pages\/292"}],"collection":[{"href":"https:\/\/leve.usthb.dz\/index.php\/wp-json\/wp\/v2\/pages"}],"about":[{"href":"https:\/\/leve.usthb.dz\/index.php\/wp-json\/wp\/v2\/types\/page"}],"author":[{"embeddable":true,"href":"https:\/\/leve.usthb.dz\/index.php\/wp-json\/wp\/v2\/users\/1"}],"replies":[{"embeddable":true,"href":"https:\/\/leve.usthb.dz\/index.php\/wp-json\/wp\/v2\/comments?post=292"}],"version-history":[{"count":1,"href":"https:\/\/leve.usthb.dz\/index.php\/wp-json\/wp\/v2\/pages\/292\/revisions"}],"predecessor-version":[{"id":294,"href":"https:\/\/leve.usthb.dz\/index.php\/wp-json\/wp\/v2\/pages\/292\/revisions\/294"}],"wp:attachment":[{"href":"https:\/\/leve.usthb.dz\/index.php\/wp-json\/wp\/v2\/media?parent=292"}],"curies":[{"name":"wp","href":"https:\/\/api.w.org\/{rel}","templated":true}]}}