{"id":283,"date":"2023-07-13T13:40:52","date_gmt":"2023-07-13T13:40:52","guid":{"rendered":"http:\/\/193.194.89.177\/leve_wp\/?page_id=283"},"modified":"2023-07-13T13:40:53","modified_gmt":"2023-07-13T13:40:53","slug":"communications-nationales-2","status":"publish","type":"page","link":"https:\/\/leve.usthb.dz\/index.php\/communications-nationales-2\/","title":{"rendered":"<strong>Communications nationales<\/strong>"},"content":{"rendered":"\n<p>Ann\u00e9e 2022 :<\/p>\n\n\n\n<ul>\n<li><strong>Debieb Ahlem, Kadik Leila ; 2022.- <\/strong>Synth\u00e8se sur l\u2019effet du changement climatiques sur les incendies de for\u00eats en r\u00e9gions m\u00e9diterran\u00e9ennes. 1er S\u00e9minaire et Salon Nationaux de la Climatologie<\/li>\n<\/ul>\n\n\n\n<p>&#8211; 24 au 26 octobre 2022 &#8211; USTHB, Alger.<\/p>\n\n\n\n<ul>\n<li><strong>Mekideche Sihem, Boukhari Dounia, Kaci Soumia, Madani Zineb ; 2022.- <\/strong>Evaluation et cartographie du risque d\u2019incendie de for\u00eat dans la partie centrale de l\u2019Atlas Blid\u00e9en. 1er S\u00e9minaire et Salon Nationaux de la Climatologie &#8211; 24 au 26 octobre 2022 &#8211; USTHB, Alger.<\/li>\n<\/ul>\n\n\n\n<p>Ann\u00e9e 2021 :<\/p>\n\n\n\n<ul>\n<li><strong>Kadik Leila, Debieb Ahlem, Melouani Naziha, Boutaleb Amel, Mekideche Sihem, Ouadah <\/strong><strong>Nadia, Berrached Rachda, Brakchi Lila, 2021.- <\/strong>Les Incendies en Alg\u00e9rie : cas de l\u2019Atlas blid\u00e9en. 1er Atelier sur l\u2019Evaluation et la Gestion des Ressources Environnementales, 14 Juillet 2021, Alger, Alg\u00e9rie.<\/li>\n\n\n\n<li><strong>Debieb Ahlem, Kadik Leila ; 2021.- <\/strong>Contribution \u00e0 l\u2019\u00e9tude de l\u2019impact des Incendies sur la structure de la v\u00e9g\u00e9tation d\u2019une sub\u00e9raie dans le Parc National de Chr\u00e9a. 1er Atelier sur l\u2019Evaluation et la Gestion des Ressources Environnementales, 14 Juillet 2021, Alger, Alg\u00e9rie.<\/li>\n<\/ul>\n\n\n\n<ul>\n<li><strong>Debieb Ahlem, Kadik Leila, Bounekta Amira, Mohammedi Sabrina, Abderrahmani Ghania ; <\/strong><strong>2021.- <\/strong>Contribution \u00e0 l\u2019\u00e9tude de l\u2019impact des Incendies sur la structure de la v\u00e9g\u00e9tation d\u2019une sub\u00e9raie dans le Parc National de Chr\u00e9a. S\u00e9minaire National \u00ab Ressources v\u00e9g\u00e9tales, Produits Naturels et Sant\u00e9 \u00bbLE 9-10-11 Juin 2021 \u00e0 Blida, Alg\u00e9rie.<\/li>\n<\/ul>\n\n\n\n<ul>\n<li><strong>Mekideche Sihem, Kadik Leila ; 2021.- <\/strong>Contribution \u00e0 l\u2019\u00e9valuation de l\u2019\u00e9tat de conservation des ressources foresti\u00e8res de l\u2019Atlas Blid\u00e9en. 1er Atelier sur l\u2019Evaluation et la Gestion des Ressources Environnementales. 14 Juillet 2021, Alger, Alg\u00e9rie.<\/li>\n<\/ul>\n\n\n\n<ul>\n<li><strong>Mekideche Sihem, Rebah-Bekai Fatma, Kadik Leila ; 2021.- <\/strong>Impact du ph\u00e9nom\u00e8ne de matorralisation sur la diversit\u00e9 paysag\u00e8re de l\u2019Atlas Blid\u00e9en. 1er s\u00e9minaire National sur les Ressources Naturelles Face aux Contraintes d\u2019Usage et du Changement Climatique (SENACUC). Juillet 2021, Mila, Alg\u00e9rie.<\/li>\n<\/ul>\n\n\n\n<ul>\n<li><strong>Souffi Ibtissam, Kadik Leila, Bouderbala Rachida ; 2021.- <\/strong>L\u2019impact d&#8217;une plantation fourrag\u00e8re \u00e0 base d&#8217;<em>Atriplex canescens <\/em>sur la diversit\u00e9 floristique dans la r\u00e9gion de Sebgag Wilaya de Laghouat. 1er Atelier sur l\u2019Evaluation et la Gestion des Ressources Environnementales, 14 Juillet 2021, Alger, Alg\u00e9rie.<\/li>\n\n\n\n<li><strong>Sassoui Amel, Kadik Leila ; 2021.- <\/strong>Etat de la biodiversit\u00e9 dans les \u00e9cosyst\u00e8mes forestiers de la r\u00e9gion de Djelfa. 1er Atelier sur l\u2019Evaluation et la Gestion des Ressources Environnementales, 14 Juillet 2021, Alger, Alg\u00e9rie.<\/li>\n<\/ul>\n\n\n\n<p>Ann\u00e9e 2019 :<\/p>\n\n\n\n<ul>\n<li><strong>Mekideche Sihem, Brakchi-Ouakour Lila, Kadik Leila ; 2019.- <\/strong>Analyse de la flore vasculaire de l\u2019Atlas Blid\u00e9en : Esp\u00e8ces \u00e0 valeur patrimoniale et \u00e0 int\u00e9r\u00eat socio\u00e9conomique. Communication affich\u00e9e. \u00ab 1er S\u00e9minaire National d\u2019Ethnobotanique et de Valorisation des Substances Naturelles \u00bb. Universit\u00e9 Alger 1, Alger, 10 Octobre 2019.<\/li>\n<\/ul>\n\n\n\n<p>Ann\u00e9e 2018 :<\/p>\n\n\n\n<ul>\n<li><strong>Djerrad Zineb, Djouahri Abderrahamne, Kadik Leila; 2018.- <\/strong>Changes in essential oil composition of Pinus halepensis Mill. collected from different locations in Algeria and incidence on the biological activities. Journ\u00e9es Ecologie et Environnement J\u00e9e : 14-15 mai 2018 &#8211; Facult\u00e9 des sciences biologiques, USTHB\/Alg\u00e9rie.<\/li>\n<\/ul>\n\n\n\n<ul>\n<li><strong>Akkouche Saida, Kadik Leila ; 2018.- <\/strong>Etude de la biodiversit\u00e9 des dunes fix\u00e9es a Djelfa. Journ\u00e9es Ecologie et Environnement J\u00e9e: 14-15 mai 2018 &#8211; Facult\u00e9 des sciences biologiques, USTHB\/Alg\u00e9rie.<\/li>\n<\/ul>\n\n\n\n<ul>\n<li><strong>Brakchi Lila, Mekideche Sihem, Kadik Leila ; 2018.- <\/strong>\u00c9tude des param\u00e8tres de la diversit\u00e9 sp\u00e9cifique et \u00e9tude comparative de l\u2019approche fonctionnelle entre deux secteurs phytog\u00e9ographiques (alg\u00e9rois et oranais). Journ\u00e9es Ecologie et Environnement J\u00e9e : 14-15 mai 2018 &#8211; Facult\u00e9 des sciences biologiques, USTHB\/Alg\u00e9rie.<\/li>\n<\/ul>\n\n\n\n<ul>\n<li><strong>Bouderbala Rachida, Kadik Leila ; 2018.- <\/strong>Valorisation de la diversit\u00e9 biologique de quelques dayas \u00e0 <em>Pistacia atlantica <\/em>Desf. dans le sud Alg\u00e9rois \u00ab Messaad, Djelfa \u00bb. Journ\u00e9es Ecologie et Environnement J\u00e9e : 14-15 mai 2018 &#8211; Facult\u00e9 des sciences biologiques, USTHB\/Alg\u00e9rie.<\/li>\n<\/ul>\n\n\n\n<ul>\n<li><strong>Daoud Nassera, Mekious Scherazed, Khemkham A., Belhadj Safia, Kadik Leila; 2018 .- <\/strong>Evaluation du statut de menace du Pistachier de l\u2019Atlas (<em>Pistacia atlantica <\/em>Desf.) dans quelques dayas au sud de Djelfa (Alg\u00e9rie). Premi\u00e8re Journ\u00e9e Nationale Agropastorale. Djelfa le 19 d\u00e9cembre 2018.<\/li>\n<\/ul>\n\n\n\n<ul>\n<li><strong>Debieb Ahlem, Kadik Leila ; 2018.- <\/strong>Impact des incendies sur la v\u00e9g\u00e9tation : cas d\u2019une garrigue \u00e0 <em>Quercus coccifera<\/em>. Journ\u00e9es Ecologie et Environnement J\u00e9e : 14-15 mai 2018 &#8211; Facult\u00e9 des sciences biologiques, USTHB\/Alg\u00e9rie.<\/li>\n<\/ul>\n\n\n\n<ul>\n<li><strong>Daoui Yaqot, Kadik Leila ; 2018.- <\/strong>Variabilit\u00e9 ph\u00e9nologique au sein d\u2019une esp\u00e8ce d\u2019orchid\u00e9e <em>Ophrys tenthredinifera <\/em>du Parc National de Chr\u00e9a (Blida). Journ\u00e9es Ecologie et Environnement J\u00e9e : 14-15 mai 2018 &#8211; Facult\u00e9 des sciences biologiques, USTHB\/Alg\u00e9rie.<\/li>\n<\/ul>\n\n\n\n<ul>\n<li><strong>Guerrache Nassima, Kadik Leila ; 2018.- <\/strong>Etude des attributs vitaux d\u2019un projet de r\u00e9habilitation au niveau du cordon dunaire de Djelfa \u2013Bousaada. (Alg\u00e9rie). Journ\u00e9es Ecologie et Environnement J\u00e9e : 14-15 mai 2018 &#8211; Facult\u00e9 des sciences biologiques, USTHB\/Alg\u00e9rie.<\/li>\n<\/ul>\n\n\n\n<ul>\n<li><strong>Mekideche Sihem, Kadik Leila, Brakchi Leila ; 2018.- <\/strong>Impact des incendies sur la diversit\u00e9 v\u00e9g\u00e9tale de quelques \u00e9cosyst\u00e8mes de l\u2019Atlas blid\u00e9en (nord de l\u2019Alg\u00e9rie). Journ\u00e9es Ecologie et Environnement J\u00e9e : 14-15 mai 2018 &#8211; Facult\u00e9 des sciences biologiques, USTHB\/Alg\u00e9rie.<\/li>\n<\/ul>\n\n\n\n<ul>\n<li><strong>Melouani Naziha, Kadik Leila ; 2018.- <\/strong>Dynamique des \u00e9cosyst\u00e8mes forestiers perturb\u00e9s : Cas de l\u2019Atlas Blideen. Journ\u00e9es Ecologie et Environnement J\u00e9e : 14-15 mai 2018 &#8211; Facult\u00e9 des sciences biologiques, USTHB\/Alg\u00e9rie.<\/li>\n<\/ul>\n\n\n\n<ul>\n<li><strong>Ouadah Nadia, Kadik Leila ; 2018.- <\/strong>Contribution des donn\u00e9es radiom\u00e9triques issues des instruments \u00abAlsat\u00bb dans le suivi et la gestion des incendies de for\u00eats en Alg\u00e9rie. Journ\u00e9es Ecologie et Environnement J\u00e9e : 14-15 mai 2018 &#8211; Facult\u00e9 des sciences biologiques, USTHB\/Alg\u00e9rie.<\/li>\n\n\n\n<li><strong>Souffi Ibtissem, Kadik Leila ; 2018.- <\/strong>Impact d&#8217;une plantation fourrag\u00e8re \u00e0 base d&#8217;<em>Atriplex canescens <\/em>sur la diversit\u00e9 floristique dans la r\u00e9gion de Sebgag, Wilaya de Laghouat. Journ\u00e9es Ecologie et Environnement J\u00e9e : 14-15 mai 2018 &#8211; Facult\u00e9 des sciences biologiques, USTHB\/Alg\u00e9rie<strong>\u00a0<\/strong><\/li>\n\n\n\n<li><strong>Ann\u00e9e 2017<\/strong><\/li>\n<\/ul>\n\n\n\n<p><img decoding=\"async\" loading=\"lazy\" width=\"8\" height=\"11\" src=\"\" alt=\"-\">&nbsp;<strong>Djerrad Z., A.Djouahri et L.Kadik<\/strong>&nbsp;2017-chemical variability of Pinus halepensis essential oil according to phenological stage-43\u00e8me anniversaire de la cr\u00e9ation de l\u2019USTHB<\/p>\n\n\n\n<p><strong>-Djerrad Z., A.Djouahri et L.Kadik<\/strong>&nbsp;2017- Impact of phenological stage and chemical composition and antioxidant activities of Pinus halepensis Mill needles essential oil&nbsp;; premi\u00e8re journ\u00e9e nationale sur l\u2019agroalimentaire Engeneering et Environnement Universit\u00e9 de Boumerd\u00e8s<\/p>\n\n\n\n<p><img decoding=\"async\" loading=\"lazy\" width=\"8\" height=\"11\" src=\"\" alt=\"-\">&nbsp;<strong>Djerrad Z., A.Djouahri et L.Kadik<\/strong>&nbsp;2017- Essential oils variability of Pinus halepensis Mill during vegetative cycle 4\u00e9me exposition d\u2019ethnobotanique et 5\u00e8me atelier d\u2019initiation \u00e0 la phytoth\u00e9rapie ENSA Alger<\/p>\n\n\n\n<p><strong>Ann\u00e9e 2016<\/strong><\/p>\n\n\n\n<p><img decoding=\"async\" loading=\"lazy\" width=\"8\" height=\"11\" src=\"\" alt=\"-\">&nbsp;<strong>Melouani N., Kadik L.<\/strong>&nbsp;2016-La phyto\u00e9cologie des v\u00e9g\u00e9taux apr\u00e8s incendie dans l\u2019Atlas blid\u00e9en 42 \u00e8me anniversaire de la cr\u00e9ation de l\u2019USTHB&nbsp;; avril 2016<\/p>\n\n\n\n<p><img decoding=\"async\" loading=\"lazy\" width=\"8\" height=\"11\" src=\"\" alt=\"-\">&nbsp;<strong>Djerrad Z., Kadik L<\/strong>. . 2016-Etude de la variabilit\u00e9 chimique des provenances de Pinus halepensis Mill., dans l\u2019\u00e9tage bioclimatique semi-aride 42 \u00e8me anniversaire de la cr\u00e9ation de l\u2019USTHB&nbsp;; avril 2016<\/p>\n\n\n\n<p><img decoding=\"async\" loading=\"lazy\" width=\"8\" height=\"11\" src=\"\" alt=\"-\">&nbsp;<strong>Djerrad, Z &amp; Kadik, L<\/strong>. . 2016- \u00c9tude phytochimique de Pinus halepensis Mill. Dans l\u2019\u00e9tage bioclimatique semi-aride de l\u2019Alg\u00e9rie. 15 Mai 2016, Jardin d\u2019essais du Hamma, Alger.<\/p>\n\n\n\n<p><strong>Ann\u00e9e 2015<\/strong><\/p>\n\n\n\n<p><strong>&#8211; Kadik L.,2015<\/strong>&#8211; Richesse et valorisation de la diversit\u00e9 floristique du Parc National de Chr\u00e9a&nbsp;: pr\u00e9sentation des principales esp\u00e8ces m\u00e9dicinales&nbsp;; TROISIEME ATELIER NATIONAL SUR LES RESERVES DE BIOSPHERE ENSA, El-Harrach, Alger, le 23, 24 &amp; 25 novembre 2015<\/p>\n\n\n\n<p><strong>-Kadik L.,2015<\/strong>&#8211; Menaces sur la Biodiversit\u00e9 \u2013 Association CIDRA journ\u00e9e d\u2019\u00e9tude Centre Culturel Belouizdad Belcourt&nbsp;; 26 mars 2015<\/p>\n\n\n\n<p><strong>Ann\u00e9e 2012<\/strong><\/p>\n\n\n\n<p><img decoding=\"async\" loading=\"lazy\" width=\"8\" height=\"11\" src=\"\" alt=\"-\">&nbsp;Daoud N. &amp;&nbsp;<strong>Kadik Achoubi L<\/strong>.. 2012 -Contribution \u00e0 l\u2019\u00e9tude de la Biodiversit\u00e9 d\u2019une zone pr\u00e9saharienne&nbsp;:(Sud de la Wilaya de Djelfa) 38\u00e8me anniversaire de l\u2019USTHB. Avril 2012. Alger<\/p>\n\n\n\n<p><img decoding=\"async\" loading=\"lazy\" width=\"8\" height=\"11\" src=\"\" alt=\"-\">&nbsp;<strong>Brakchi-Ouakour L.&nbsp;<\/strong>. 2012. &#8211; Etude de la diversit\u00e9 biologique des groupements \u00e0 pin d\u2019Alep (Pinus halepensis Mill) du littoral et sub littoral alg\u00e9rois 38\u00e8me anniversaire de l\u2019USTHB. Avril 2012. Alger<\/p>\n\n\n\n<p><img decoding=\"async\" loading=\"lazy\" width=\"8\" height=\"11\" src=\"\" alt=\"-\">&nbsp;<strong>Bouderbala R, Guerrache N.&amp; Kadik L.<\/strong>. 2012- Etude floristique des dayas a Pistacia atlantica des hautes plaines du sud alg\u00e9rois \u00ab&nbsp;messaad&nbsp;\u00bb (saharien). 38\u00e8me anniversaire de l\u2019USTHB. Avril 2012. Alger<\/p>\n\n\n\n<p><img decoding=\"async\" loading=\"lazy\" width=\"8\" height=\"11\" src=\"\" alt=\"-\">&nbsp;<strong>Ouadah-Benkheira N<\/strong>. 2012 &#8211; La restauration \u00e9cologique au secours des \u00e9cosyst\u00e8mes d\u00e9grad\u00e9s 38\u00e8me anniversaire de l\u2019USTHB. Avril 2012. Alger<\/p>\n\n\n\n<p><img decoding=\"async\" loading=\"lazy\" width=\"8\" height=\"11\" src=\"\" alt=\"-\">&nbsp;<strong>Guerrache N, Kadik L &amp;&nbsp;: Akkouche S.&nbsp;<\/strong>2012 &#8211; Etude de l\u2019evolution des parametres edaphiques des dunes fixees par Retama retam. Webb, Tamarix gallica. L et Tamarix aphylla (L.) Karst dans le cordon dunaire d\u2019el-mesrane (w. Djelfa).<\/p>\n\n\n\n<p><strong>Ann\u00e9e 2011<\/strong><\/p>\n\n\n\n<p><img decoding=\"async\" loading=\"lazy\" width=\"8\" height=\"11\" src=\"\" alt=\"-\">&nbsp;<strong>Kadik L, &amp; Mekid\u00e8che S.&nbsp;<\/strong>. 2011- Diversit\u00e9 v\u00e9g\u00e9tale d\u2019un paysage de l\u2019Atlas Blid\u00e9en (Wilaya de Blida) FSB, 37\u00e8me anniversaire de l\u2019USTHB. Avril 2011. Alger.<\/p>\n\n\n\n<p><img decoding=\"async\" loading=\"lazy\" width=\"8\" height=\"11\" src=\"\" alt=\"-\">&nbsp;<strong>Berrached R.&nbsp;<\/strong>., Amara N., Amghar F. &amp;&nbsp;<strong>. <\/strong><strong>Kadik L.&nbsp;<\/strong>. 2011- Contribution \u00e0 l\u2019\u00e9tude de la flore steppique et \u00e9laboration d\u2019une base de donn\u00e9es&nbsp;; 37\u00e8me anniversaire de l\u2019USTHB. Avril 2011. Alger.<\/p>\n\n\n\n<p><img decoding=\"async\" loading=\"lazy\" width=\"8\" height=\"11\" src=\"\" alt=\"-\">&nbsp;Gueddouche N., Bensaid S. &amp;<strong>&nbsp;Kadik L.&nbsp;<\/strong>. 2011-Analyse et syhth\u00e8se de la carte de v\u00e9g\u00e9tation et \u00e9tude de la dynamique des peuplements d\u2019Acacia raddiana dans les monts d\u2019Ougarta (Beni Abb\u00e8s) par l\u2019utilisation d\u2019information g\u00e9ographique&nbsp;; 37\u00e8me anniversaire de l\u2019USTHB. Avril 2011. Alger<\/p>\n\n\n\n<p><img decoding=\"async\" loading=\"lazy\" width=\"8\" height=\"11\" src=\"\" alt=\"-\">&nbsp;Bouayad, N,&nbsp;<strong>Ait Mouheb H, Kadik L<\/strong>. &amp; Han\u00e8che M.&nbsp;2011, Le cordon dunaire de Mesrane, contribution \u00e0 l\u2019\u00e9tude phyto\u00e9cologique et biologique dans deux stations&nbsp;; Comm\u00e9moration du 10\u00e8me anniversaire du d\u00e9c\u00e8s de Monsieur M\u00e9diouni Kouider.<\/p>\n\n\n\n<p><strong>Ann\u00e9e 2010<\/strong><\/p>\n\n\n\n<p><strong>-Guerrache N et Kadik L.&nbsp;<\/strong>. 2010. -Etude comparative de la v\u00e9g\u00e9tation et du sol des dunes fix\u00e9es par Retama retam, Tamarix gallica et Tamarix aphylla dans la r\u00e9gion d\u2019El mesrane&nbsp;: FSB, 36\u00e8me anniversaire de l\u2019USTHB. Avril 2010. Alger<\/p>\n\n\n\n<p><img decoding=\"async\" loading=\"lazy\" width=\"8\" height=\"11\" src=\"\" alt=\"-\">&nbsp;<strong>Souffi I. et Kadik L.&nbsp;<\/strong>. 2010. -Incidence de plantation d\u2019Atriplex canescens sur les Steppes \u00e0 Lygeum spartum dans la r\u00e9gion de Laghouat&nbsp;: FSB, 36\u00e8me anniversaire de l\u2019USTHB. Avril 2010. Alger<\/p>\n\n\n\n<p><strong>-Kadik L.et Bouderbala R.&nbsp;<\/strong>. 2010. -.Etude diachronique des parcours \u00e0 alfa dans le sud alg\u00e9rios au niveau de la region de Tadmit (Wilaya de Djelfa), 36\u00e8me anniversaire de l\u2019USTHB. Avril 2010. Alger<\/p>\n\n\n\n<p><strong>-Kadik L., Guerrache N.et Akkouche S.&nbsp;<\/strong>., 2010- Contribution \u00e0 l\u2019\u00e9tude de l\u2019\u00e9volution de la croissance de trois esp\u00e8ces fixatrices des dunes ( Retam retam, Tamarix aphylla et Tamarix gallica) et de la dynamique de la v\u00e9g\u00e9tation dans&nbsp;<br>dans la r\u00e9gion d\u2019El Mesrane w. Djelfa , 36\u00e8me anniversaire de l\u2019USTHB. Avril 2010. Alger<\/p>\n\n\n\n<p><strong>-Kadik L.&nbsp;<\/strong>. 2010- A propos du changement climatique spatio-temporel&nbsp;; ATELIER PGS 17 MARS 2010&nbsp;: le changement climatique et le d\u00e9veloppement durable<\/p>\n\n\n\n<p><strong>-Kadik L.&nbsp;<\/strong>. 2010. &#8211; Biodiversit\u00e9 des paysages de l\u2019Atlas saharien&nbsp;; FSB, 36\u00e8me anniversaire de l\u2019USTHB. Avril 2010. Alger<\/p>\n\n\n\n<p><strong>Ann\u00e9e 2009<\/strong><\/p>\n\n\n\n<p><strong>-Kadik L.&nbsp;<\/strong>.. 2009. \u2013 Etude syntaxonomique des formations \u00e0 pin d\u2019Alep du semi-aride alg\u00e9rien FSB, 35\u00e8me anniversaire de l\u2019USTHB. Alger<\/p>\n\n\n\n<p><strong>-Kadik L.&nbsp;<\/strong>.. 2009. \u2013 R\u00e9sultats des travaux de recherche de quelques syst\u00e8mes \u00e9cologiques 2005-2009) FSB, 35\u00e8me anniversaire de l\u2019USTHB. Avril 2009. Alger<\/p>\n\n\n\n<p><strong>. -Brakchi L.&nbsp;<\/strong>., 2009. Etude de l\u2019association Erico arboreae &#8211; Pinetum halepensis des groupements pr\u00e9forestiers du sublittoral alg\u00e9rois. 35\u00e8me anniversaire de l\u2019USTHB.<\/p>\n\n\n\n<p><strong>Ann\u00e9e 2008<\/strong><\/p>\n\n\n\n<p><strong>-Kadik L., Guerrache N, Slimani A<\/strong>., 2008. \u2013 Contribution \u00e0 l\u2019\u00e9tude de l\u2019\u00e9volution de la croissance de cinq esp\u00e8ces fixatrices des dunes Retama retam,Tamarix gallica, Tamarix aphylla,Lycium arabicum et Eleagnus angustifolia., Journ\u00e9e de la FSB, 34\u00e8me anniversaire de l\u2019USTHB. 19-24 Avril 2008. Alger<\/p>\n\n\n\n<p><strong>-Kadik L., Guerrache N., Slimani A.&nbsp;<\/strong>., 2008. Contribution \u00e0 l\u2019\u00e9tude de l\u2019\u00e9volution de la croissance de cinq esp\u00e8ces fixatrices des dunes Retama retam,Tamarix gallica, Tamarix aphylla, Lycium arabicum et Eleagnus angustifolia. Journ\u00e9e de la FSB, 34\u00e8me anniversaire de l\u2019USTHB. 19-24 Avril 2008. Alger<\/p>\n\n\n\n<p><strong>-Kadik L.&nbsp;<\/strong>., 2008. Biodiversit\u00e9 v\u00e9g\u00e9tale. Conf\u00e9rence pr\u00e9sent\u00e9 \u00e0 l\u2019occasion des journ\u00e9es sur l\u2019\u00e9cologie v\u00e9g\u00e9tale&nbsp;; USTHB, juin 2008<\/p>\n\n\n\n<p><strong>Ann\u00e9e 2007<\/strong><\/p>\n\n\n\n<p><strong>-Kadik L.&nbsp;<\/strong>. &#8211; 2007. \u2013 Biodiversit\u00e9 des paysages des Hauts Plateaux du sud alg\u00e9rois, Journ\u00e9e de la FSB, 33\u00e8me anniversaire de l\u2019USTHB. 21-26 Avril 2007. Alger<\/p>\n\n\n\n<p><strong>-Brakchi L.&nbsp;<\/strong>. -2007 \u00ab&nbsp;Impact de deux Esp\u00e8ces envahissantes dans la v\u00e9g\u00e9tation ripisylve de l\u2019alg\u00e9rois)&nbsp;\u00bb. Journ\u00e9e de la FSB, 33\u00e8me anniversaire de l\u2019USTHB. 21-26 Avril 2007. Alger<\/p>\n\n\n\n<p><img decoding=\"async\" loading=\"lazy\" width=\"8\" height=\"11\" src=\"\" alt=\"-\">&nbsp;<strong>Kadik L.&nbsp;<\/strong>. 2007. Les peuplements v\u00e9g\u00e9taux de la partie centrale et orientale de l\u2019atlas saharien alg\u00e9rien menac\u00e9s de disparition. 1er S\u00e9minaire International sur la Biodiversit\u00e9, l\u2019Environnement et la Sant\u00e9 12-14 Novembre 2007 El Tarf, Alg\u00e9rie<\/p>\n\n\n\n<p><strong>Ann\u00e9e 2006<\/strong><\/p>\n\n\n\n<p><strong>KADIK L<\/strong>.., 2006 &#8211; richesse de la biodiversite des formations vegetales algeriennes- 32\u00e8me anniversaire de l\u2019USTHB.<\/p>\n\n\n\n<p><strong>Ann\u00e9e 2005<\/strong><\/p>\n\n\n\n<p><img decoding=\"async\" loading=\"lazy\" width=\"8\" height=\"11\" src=\"\" alt=\"-\">&nbsp;<strong>Kadik L.<\/strong>&nbsp;, 2005 -1er Forum National de la Recherche Scientifique FORED 21, 22 &amp; 23 mai 23 mai 2005 Exposition de 8 cartes d\u2019occupation des terres&nbsp;: produit scientifique s\u00e9lectionn\u00e9 par l\u2019Agence Nationale de Valorisation des R\u00e9sultats de la Recherche Scientifique et du D\u00e9veloppement Technologique (ANVRDT)<\/p>\n\n\n\n<p><img decoding=\"async\" loading=\"lazy\" width=\"8\" height=\"11\" src=\"\" alt=\"-\">&nbsp;<strong>Kadik L.&nbsp;<\/strong>2005 \u00ab&nbsp;Pr\u00e9sentation de l\u2019Observatoire des Hautes Plaines Sud Alg\u00e9roises. R\u00e9seau National d\u2019Observatoires de Surveillance de la D\u00e9sertification&nbsp;\u00bb, CRSTRA, Djelfa 26-28 septembre 2005.<\/p>\n\n\n\n<p><img decoding=\"async\" loading=\"lazy\" width=\"8\" height=\"11\" src=\"\" alt=\"-\">&nbsp;<strong>Kadik L<\/strong>.. , 2005 &#8211; Les pin\u00e8des du semi-aride alg\u00e9rien. Journ\u00e9e de Phytosociologie- 31 mai 2005 FSB- USTHB<\/p>\n\n\n\n<p><strong>Ann\u00e9e 1999<\/strong><img decoding=\"async\" loading=\"lazy\" width=\"8\" height=\"11\" src=\"\" alt=\"-\"><strong>Kadik L.<\/strong>, 1999.- Typologie foresti\u00e8re dans l\u2019\u00e9tage bioclimatique alg\u00e9rien, S\u00e9minaire sur la d\u00e9sertification, Alger, 23p<\/p>\n","protected":false},"excerpt":{"rendered":"<p>Ann\u00e9e 2022 : &#8211; 24 au 26 octobre 2022 &#8211; USTHB, Alger. Ann\u00e9e 2021 : Ann\u00e9e 2019 : Ann\u00e9e 2018 : &nbsp;Djerrad Z., A.Djouahri et L.Kadik&nbsp;2017-chemical variability of Pinus halepensis essential oil according to phenological stage-43\u00e8me anniversaire de la cr\u00e9ation <span class=\"readmore\"><a href=\"https:\/\/leve.usthb.dz\/index.php\/communications-nationales-2\/\">Continue Reading<\/a><\/span><\/p>\n","protected":false},"author":1,"featured_media":0,"parent":0,"menu_order":0,"comment_status":"closed","ping_status":"closed","template":"","meta":[],"_links":{"self":[{"href":"https:\/\/leve.usthb.dz\/index.php\/wp-json\/wp\/v2\/pages\/283"}],"collection":[{"href":"https:\/\/leve.usthb.dz\/index.php\/wp-json\/wp\/v2\/pages"}],"about":[{"href":"https:\/\/leve.usthb.dz\/index.php\/wp-json\/wp\/v2\/types\/page"}],"author":[{"embeddable":true,"href":"https:\/\/leve.usthb.dz\/index.php\/wp-json\/wp\/v2\/users\/1"}],"replies":[{"embeddable":true,"href":"https:\/\/leve.usthb.dz\/index.php\/wp-json\/wp\/v2\/comments?post=283"}],"version-history":[{"count":1,"href":"https:\/\/leve.usthb.dz\/index.php\/wp-json\/wp\/v2\/pages\/283\/revisions"}],"predecessor-version":[{"id":285,"href":"https:\/\/leve.usthb.dz\/index.php\/wp-json\/wp\/v2\/pages\/283\/revisions\/285"}],"wp:attachment":[{"href":"https:\/\/leve.usthb.dz\/index.php\/wp-json\/wp\/v2\/media?parent=283"}],"curies":[{"name":"wp","href":"https:\/\/api.w.org\/{rel}","templated":true}]}}