{"id":274,"date":"2023-07-13T13:20:16","date_gmt":"2023-07-13T13:20:16","guid":{"rendered":"http:\/\/193.194.89.177\/leve_wp\/?page_id=274"},"modified":"2023-07-13T13:20:17","modified_gmt":"2023-07-13T13:20:17","slug":"memoires-dingeniorat","status":"publish","type":"page","link":"https:\/\/leve.usthb.dz\/index.php\/memoires-dingeniorat\/","title":{"rendered":"<strong>M\u00e9moires d\u2019ing\u00e9niorat<\/strong>"},"content":{"rendered":"\n<p><img decoding=\"async\" loading=\"lazy\" width=\"8\" height=\"11\" src=\"\" alt=\"-\">&nbsp;<strong>Mahieddine Nafissa &amp; Zenati M<\/strong>., 2009. &#8211; Contribution \u00e0 l\u2019inventaire et l\u2019\u00e9tude des plantes m\u00e9dicinales de la partie centrale du Parc National de Chr\u00e9a (Cas de Beni Ali, Ouad Blat et Hakou Feraoun)<\/p>\n\n\n\n<p><img decoding=\"async\" loading=\"lazy\" width=\"8\" height=\"11\" src=\"\" alt=\"-\">&nbsp;<strong>Balit S. &amp; Kernaout F.<\/strong>, 2009. &#8211; Plantes m\u00e9dicinales de 2 zones de la Wilaya de Djelfa<\/p>\n\n\n\n<p><img decoding=\"async\" loading=\"lazy\" width=\"8\" height=\"11\" src=\"\" alt=\"-\">&nbsp;<strong>Bouneffouf &amp; Haider<\/strong>, 2009.- Plantes m\u00e9dicinales de la zone d\u2019EL HAMDANIA (Parc National de Chr\u00e9a)<\/p>\n\n\n\n<p><img decoding=\"async\" loading=\"lazy\" width=\"8\" height=\"11\" src=\"\" alt=\"-\">&nbsp;<strong>Kheneg M.&nbsp;et Yacine<\/strong>., 2009- Etude de la dynamique de la V\u00e9g\u00e9taion apr\u00e8s incendie dans 2 stations du Parc National de Chr\u00e9a<\/p>\n\n\n\n<p><img decoding=\"async\" loading=\"lazy\" width=\"8\" height=\"11\" src=\"\" alt=\"-\">&nbsp;<strong>Belarbi Lyes &amp; Bounaga Mustapha<\/strong>, 2009- Incidence de la chenille processionnaire sur les syst\u00e8mes \u00e9cologiques de la c\u00e9draie de Chr\u00e9a.<\/p>\n\n\n\n<p><img decoding=\"async\" loading=\"lazy\" width=\"8\" height=\"11\" src=\"\" alt=\"-\">&nbsp;<strong>Bouayed N., Ait Mouheb H., Hanachi A.<\/strong>&nbsp;2008. &#8211; Etude de la Biodiversit\u00e9 des peuplements du cordon dunaire (Mesrane)<\/p>\n\n\n\n<p><img decoding=\"async\" loading=\"lazy\" width=\"8\" height=\"11\" src=\"\" alt=\"-\">&nbsp;<strong>Drif A &amp; Meknaci N<\/strong>. 2008. &#8211; Etude de la v\u00e9g\u00e9tation de la for\u00eat Kahla (Boudouaw)<\/p>\n\n\n\n<p><img decoding=\"async\" loading=\"lazy\" width=\"8\" height=\"11\" src=\"\" alt=\"-\">&nbsp;<strong>Aissani M.&amp; Touati S<\/strong>. 2008. &#8211; Etude phyto g\u00e9ographique des pin\u00e8des d\u2019Alg\u00e9rie<\/p>\n\n\n\n<p><strong>-Ait Rabah S, Djabali K, Neggazi F<\/strong>. 2007. &#8211; Inventaire des espaces naturels et des propositions d\u2019am\u00e9nagement de la r\u00e9gion de Bab Ezzouar<\/p>\n\n\n\n<p><strong>-Garici M., Laifaoui L<\/strong>. 2007. -Etude de la Biodiversit\u00e9 des peuplements d\u2019EL HAMDANIA (Parc National de CHREA)<\/p>\n\n\n\n<p><strong>-Benemla M.&nbsp;&amp; Dani F<\/strong>. 2007. &#8211; Etude de la v\u00e9g\u00e9tation naturelle apr\u00e8s abandon des cultures dans la MITIDJA<\/p>\n\n\n\n<p><strong>-Boukerche R., Akrour A.&amp; Boutaloula H<\/strong>.2006- Etude de la Biodiversit\u00e9 dans le PN de CHREA (r\u00e9gion de HAKOU FERAOUN).<\/p>\n\n\n\n<p><strong>-Abderrahim R. &amp; Kassab S<\/strong>.2006- Contribution \u00e0 la constitution d\u2019une base de donn\u00e9es de l\u2019Atlas blid\u00e9en (PN de Chr\u00e9a)<\/p>\n\n\n\n<p><img decoding=\"async\" loading=\"lazy\" width=\"8\" height=\"11\" src=\"\" alt=\"-\">&nbsp;<strong>Idir A., Baouche F.&amp; Othmani D<\/strong>.2006- Etude phyto-\u00e9cologique et pastorale des syst\u00e8mes halophiles en vue de leur exploitation rationnelle de la r\u00e9gion des Zahrez Gharbi (wilaya de Djelfa)<\/p>\n\n\n\n<p><img decoding=\"async\" loading=\"lazy\" width=\"8\" height=\"11\" src=\"\" alt=\"-\">&nbsp;<strong>Zemmouri C., Nadri W. &amp; Bernou H<\/strong>.2006- Comportement des plantations d\u2019Atriplex (\u00e9tude qualitative et quantitative) dans la r\u00e9gion de Mesrane (Wilaya de Djelfa).<\/p>\n\n\n\n<p><\/p>\n\n\n\n<p><img decoding=\"async\" loading=\"lazy\" width=\"8\" height=\"11\" src=\"\" alt=\"-\">&nbsp;<strong>Hazerchi A. &amp; Akacha T<\/strong>., 2005. -Etude de la diversit\u00e9 floristique de 3 stations \u00e0 ALFA au Sud de DJELFA.<\/p>\n\n\n\n<p><img decoding=\"async\" loading=\"lazy\" width=\"8\" height=\"11\" src=\"\" alt=\"-\">&nbsp;<strong>Slimani A. &amp; Takilalet N<\/strong>. 2005. -Etude \u00e9codendrom\u00e9trique diachronique des esp\u00e8ces fixatrices de dunes \u00e0 MESRANE&nbsp;: Eliagnus angustifolia, Lycium arabicum, Opuntia SP. et incidence sur la reprise de v\u00e9g\u00e9tation.<\/p>\n\n\n\n<p><img decoding=\"async\" loading=\"lazy\" width=\"8\" height=\"11\" src=\"\" alt=\"-\">&nbsp;<strong>Guerrache N. &amp; Akkouche S.<\/strong>, 2005. -Comportement de 3 esp\u00e8ces fixatrices de dunes pour lutter contre la d\u00e9sertification&nbsp;: Tamarix gallica, Retama retam, Tamarix aphylla.<\/p>\n\n\n\n<p><img decoding=\"async\" loading=\"lazy\" width=\"8\" height=\"11\" src=\"\" alt=\"-\">&nbsp;<strong>Dafal A. &amp; Rahali A.<\/strong>, 2005. -Application d\u2019indices math\u00e9matiques \u00e0 des donn\u00e9es phyto-\u00e9cologiques du semi-aride alg\u00e9rien en vue du d\u00e9veloppement durable.<\/p>\n\n\n\n<p><img decoding=\"async\" loading=\"lazy\" width=\"8\" height=\"11\" src=\"\" alt=\"-\">&nbsp;<strong>Benharket N., Amarouche A., Guittoun B<\/strong>. 2005. -Comportement des plantations d\u2019Atriplex (\u00e9tude qualitative et quantitative) dans la r\u00e9gion de Zaafrane (Wilaya de Djelfa).<\/p>\n\n\n\n<p><img decoding=\"async\" loading=\"lazy\" width=\"8\" height=\"11\" src=\"\" alt=\"-\">&nbsp;<strong>Moussaoui N., Tahraoui M.&nbsp;&amp; Souffi I<\/strong>. 2005. &#8211; Etude phyto-\u00e9cologique et pastorale des syst\u00e8mes halophiles en vue de leur exploitation rationnelle de la r\u00e9gion des Zahrez Gharbi (wilaya de Djelfa).<\/p>\n\n\n\n<p><img decoding=\"async\" loading=\"lazy\" width=\"8\" height=\"11\" src=\"\" alt=\"-\">&nbsp;<strong>Adem A &amp; Cherati M<\/strong>, 2004. -Diagnostic phyto\u00e9cologique d\u2019une for\u00eat incendi\u00e9e dans le parc de Chr\u00e9a en vue d\u2019une r\u00e9habilitation<\/p>\n\n\n\n<p><img decoding=\"async\" loading=\"lazy\" width=\"8\" height=\"11\" src=\"\" alt=\"-\">&nbsp;<strong>Boudaoud R &amp; Koulougli H<\/strong>, 2004. -.Incidence des facteurs \u00e9cologiques dans la croissance du c\u00e8dre et \u00e9tude \u00e9codendrom\u00e9trique du reboisement de Ghelai<\/p>\n\n\n\n<p><strong>-Chambi N. &amp; Cherbal M<\/strong>&nbsp;, 2003.-Sc\u00e9narios de r\u00e9habilitation en vue d\u2019un d\u00e9veloppement durable dans les zones foresti\u00e8res et pr\u00e9 foresti\u00e8res du semi-aride alg\u00e9rien ( cartographie de sensibilit\u00e9 \u00e0 la d\u00e9sertification feuille f. de Batna et de Khenchela )<\/p>\n\n\n\n<p><strong>-Sadi S<\/strong>., 2003. &#8211; Sc\u00e9narios de r\u00e9habilitation en vue d\u2019un d\u00e9veloppement durable dans les zones foresti\u00e8res et pr\u00e9foresti\u00e8res du semi-aride alg\u00e9rien&nbsp;: cas du S\u00e9nalba par S. SADI&nbsp;; Septembre 2003.<\/p>\n\n\n\n<p><strong>-Kerboui A. &amp; Oukhaf N<\/strong>., 2002 Etude phyto-\u00e9cologique des formations v\u00e9g\u00e9tales de la partie centrale du Parc National de Chr\u00e9a.<\/p>\n\n\n\n<p><img decoding=\"async\" loading=\"lazy\" width=\"8\" height=\"11\" src=\"\" alt=\"-\">&nbsp;<strong>Abdou G<\/strong>., 2002- Etude phyto\u00e9cologique des formations v\u00e9g\u00e9tales de Hakou F\u00e9raoun ( Parc National de Chr\u00e9a) et proposition d\u2019am\u00e9nagement par l\u2019\u00e9tude de quelques esp\u00e8ces rustiques<\/p>\n\n\n\n<p><img decoding=\"async\" loading=\"lazy\" width=\"8\" height=\"11\" src=\"\" alt=\"-\">&nbsp;<strong>Khiari W<\/strong>., 2001-Contribution \u00e0 l\u2019\u00e9tude dendrom\u00e9trique de quatre esp\u00e8ces introduites dans le centre cyn\u00e9g\u00e9tique de Z\u00e9ralda (Pinus pinea L., Pinus canariensis SMITH., Cupressus sempervirens LINN, Taxodium distichum ).<\/p>\n\n\n\n<p><img decoding=\"async\" loading=\"lazy\" width=\"8\" height=\"11\" src=\"\" alt=\"-\">&nbsp;<strong>Bennefissa D.,Chambi M., Habel N<\/strong>., 2000-Synth\u00e8se cartographique au 1\/200.000 des formations foresti\u00e8res et pr\u00e9-foresti\u00e8res de l\u2019\u00e9tage bioclimatique semi-aride alg\u00e9rien en vue de la r\u00e9habilitation de ces \u00e9cosyst\u00e8mes (partie centrale de l\u2019Atlas saharien).<\/p>\n\n\n\n<p><strong>-Mechalik N,.Madani L., Ramdani Z<\/strong>., 1998- Etude phyto-\u00e9cologique et cartographie de l\u2019occupation des terres au 1\/20 000 d\u2019une zone steppique dans la r\u00e9gion de ZAAFRANE ( Wilaya de DJELFA).<\/p>\n\n\n\n<p><img decoding=\"async\" loading=\"lazy\" width=\"8\" height=\"11\" src=\"\" alt=\"-\">&nbsp;<strong>Tougoute K<\/strong>., 1997- Biodiversit\u00e9 dans les for\u00eats de Pin d\u2019Alep du semi-aride alg\u00e9rien.<\/p>\n\n\n\n<p><img decoding=\"async\" loading=\"lazy\" width=\"8\" height=\"11\" src=\"\" alt=\"-\">&nbsp;<strong>Foudi A.<\/strong>, 1996- Etude diachronique avec cartographie durant les p\u00e9riodes&nbsp;: 1955-1993-1996 et proposition d\u2019am\u00e9nagement du jardin Anglais.<\/p>\n\n\n\n<p><strong>-Abdellaoui S., Ghili G<\/strong>., 1995-Etude descriptive et comparative entre deux inventaires botaniques r\u00e9alis\u00e9s en 1955 et en 1993 du Jardin d\u2019Essai.<\/p>\n\n\n\n<p><img decoding=\"async\" loading=\"lazy\" width=\"8\" height=\"11\" src=\"\" alt=\"-\">&nbsp;<strong>Draou N., Yahia K.<\/strong>, 1994- Contribution \u00e0 une \u00e9tude phyto-\u00e9cologique de la r\u00e9g\u00e9n\u00e9ration naturelle du C\u00e8dre \u00e0 KERACH (Parc National de CHREA).<\/p>\n\n\n\n<p><strong>-Harrad N., Ouziala C., Rouabah S.<\/strong>, 1994 -Contribution l\u2019\u00e9tude comparative de trois essences foresti\u00e8res&nbsp;: Pinus halepensis, Pinus pinea, Pinus canariensis dans le Tell central.<\/p>\n\n\n\n<p><img decoding=\"async\" loading=\"lazy\" width=\"8\" height=\"11\" src=\"\" alt=\"-\">&nbsp;<strong>MEFTAHI L<\/strong>. 1993- Etude phyto-\u00e9cologique du thuya dans le Sub-humide doux alg\u00e9rien.<\/p>\n\n\n\n<p><img decoding=\"async\" loading=\"lazy\" width=\"8\" height=\"11\" src=\"\" alt=\"-\">&nbsp;<strong>Abdelhak S., Meftahi N<\/strong>., 1992 -Contribution \u00e0 l\u2019\u00e9tude du Pin d\u2019Alep&nbsp;: cartographie et propositions d\u2019am\u00e9nagement du SENALBA CHERGUI.<\/p>\n\n\n\n<p><img decoding=\"async\" loading=\"lazy\" width=\"8\" height=\"11\" src=\"\" alt=\"-\">&nbsp;<strong>Charikh H., Doumi M.&nbsp;, Oudjehani H<\/strong>.1991- Etude \u00e9co-dendrom\u00e9trique du Pin d\u2019Alep et proposition d\u2019Am\u00e9nagement de la for\u00eat de KEF MDOUAR dans le semi-aride alg\u00e9rien.<\/p>\n\n\n\n<p><img decoding=\"async\" loading=\"lazy\" width=\"8\" height=\"11\" src=\"\" alt=\"-\">&nbsp;<strong>Mezouari F<\/strong>. 1989 \u2013Etude \u00e9co-dendrom\u00e9trique de la for\u00eat de Pin d\u2019Alep de KHODIDA(massif de TELAGH) et proposition d\u2019un sch\u00e9ma d\u2019am\u00e9nagement.<\/p>\n\n\n\n<p><img decoding=\"async\" loading=\"lazy\" width=\"8\" height=\"11\" src=\"\" alt=\"-\">&nbsp;<strong>Abdelouahab M.<\/strong>&nbsp;1988 \u2013Etude d\u2019une for\u00eat incendi\u00e9e du littoral alg\u00e9rois.<\/p>\n","protected":false},"excerpt":{"rendered":"<p>&nbsp;Mahieddine Nafissa &amp; Zenati M., 2009. &#8211; Contribution \u00e0 l\u2019inventaire et l\u2019\u00e9tude des plantes m\u00e9dicinales de la partie centrale du Parc National de Chr\u00e9a (Cas de Beni Ali, Ouad Blat et Hakou Feraoun) &nbsp;Balit S. &amp; Kernaout F., 2009. &#8211; <span class=\"readmore\"><a href=\"https:\/\/leve.usthb.dz\/index.php\/memoires-dingeniorat\/\">Continue Reading<\/a><\/span><\/p>\n","protected":false},"author":1,"featured_media":0,"parent":0,"menu_order":0,"comment_status":"closed","ping_status":"closed","template":"","meta":[],"_links":{"self":[{"href":"https:\/\/leve.usthb.dz\/index.php\/wp-json\/wp\/v2\/pages\/274"}],"collection":[{"href":"https:\/\/leve.usthb.dz\/index.php\/wp-json\/wp\/v2\/pages"}],"about":[{"href":"https:\/\/leve.usthb.dz\/index.php\/wp-json\/wp\/v2\/types\/page"}],"author":[{"embeddable":true,"href":"https:\/\/leve.usthb.dz\/index.php\/wp-json\/wp\/v2\/users\/1"}],"replies":[{"embeddable":true,"href":"https:\/\/leve.usthb.dz\/index.php\/wp-json\/wp\/v2\/comments?post=274"}],"version-history":[{"count":1,"href":"https:\/\/leve.usthb.dz\/index.php\/wp-json\/wp\/v2\/pages\/274\/revisions"}],"predecessor-version":[{"id":276,"href":"https:\/\/leve.usthb.dz\/index.php\/wp-json\/wp\/v2\/pages\/274\/revisions\/276"}],"wp:attachment":[{"href":"https:\/\/leve.usthb.dz\/index.php\/wp-json\/wp\/v2\/media?parent=274"}],"curies":[{"name":"wp","href":"https:\/\/api.w.org\/{rel}","templated":true}]}}