{"id":270,"date":"2023-07-13T13:17:38","date_gmt":"2023-07-13T13:17:38","guid":{"rendered":"http:\/\/193.194.89.177\/leve_wp\/?page_id=270"},"modified":"2023-07-13T13:17:39","modified_gmt":"2023-07-13T13:17:39","slug":"theses-de-magister","status":"publish","type":"page","link":"https:\/\/leve.usthb.dz\/index.php\/theses-de-magister\/","title":{"rendered":"<strong>Th\u00e8ses de Magister<\/strong>"},"content":{"rendered":"\n<p><\/p>\n\n\n\n<p><strong>Ann\u00e9e 2010<\/strong><\/p>\n\n\n\n<p><strong>-Guerrache N<\/strong>.2010. &#8211; \u00ab&nbsp;Etude comparative de la v\u00e9g\u00e9tation et du sol des dunes fix\u00e9es par Retama retam, Tamarix gallica et Tamarix aphylla dans la r\u00e9gion d\u2019El mesrane&nbsp;\u00bb M\u00e9m :Magister, FSB,USTHB.<\/p>\n\n\n\n<p><strong>-SAHKI R<\/strong>., 2010. &#8211; Contribution \u00e0 l\u2019\u00e9tude phyto-\u00e9cologique et inventaire des plantes m\u00e9dicinales du Sahara central (AHAGGAR) feuille d\u2019ASSEKREM au 1\/200.000). M\u00e9m :Magister, FSB,USTHB.<\/p>\n\n\n\n<p><img decoding=\"async\" loading=\"lazy\" width=\"8\" height=\"11\" src=\"\" alt=\"-\">&nbsp;<strong>Zitouni W<\/strong>. 2010.- Etude de la diversit\u00e9 floristique le long d\u2019un transect au sud de Djelfa (r\u00e9gion de Djellal Gherbi) , M\u00e9m :Magister, FSB,USTHB.<\/p>\n\n\n\n<p><strong>-Macheroum A<\/strong>. 2010.- Effets des am\u00e9nagements pastoraux sur la recolonisation de l\u2019espace d\u00e9grad\u00e9 par la v\u00e9g\u00e9tation dans la Wilaya de T\u00e9bessa. M\u00e9m :Magister, FSB,USTHB.<\/p>\n\n\n\n<p><strong>Ann\u00e9e 2009<\/strong><\/p>\n\n\n\n<p><strong>Mekideche S.<\/strong>, 2009.- Etude de la sensibilit\u00e9 aux incendies&nbsp;: Recherche d\u2019indicateurs des risques de ruissellement et d\u2019\u00e9rosion sur les principaux sols dans les zones incendi\u00e9es de l\u2019Atlas blid\u00e9en., M\u00e9m :Magister, FSB-USTHB<\/p>\n\n\n\n<p><strong>Ann\u00e9e 2008<\/strong><\/p>\n\n\n\n<p><img decoding=\"async\" loading=\"lazy\" width=\"8\" height=\"11\" src=\"\" alt=\"-\">&nbsp;<strong>Ch\u00e9rabi Khadidja<\/strong>, 2008. -Etude de la Biodiversit\u00e9 des syst\u00e8mes sahariens d\u2019El Oued.<\/p>\n\n\n\n<p><img decoding=\"async\" loading=\"lazy\" width=\"8\" height=\"11\" src=\"\" alt=\"-\">&nbsp;<strong>Taibaoui B<\/strong>., 2008.- Carte d\u2019occupation des terres d\u2019une steppe \u00e0 armoise au 1\/20.000e de la coop\u00e9rative de Yahyaoui&nbsp;: \u00e9tude diachronique.,M\u00e9m. Magister FSB-USTHB<\/p>\n\n\n\n<p><strong>Ann\u00e9e1998<\/strong><\/p>\n\n\n\n<p><strong>Brakchi L.<\/strong>, 1998- Etude phyto-\u00e9cologique et phytosociologique du Pin d\u2019Alep dans le secteur alg\u00e9rois. M\u00e9m :Magister, FSB,USTHB.<\/p>\n\n\n\n<p><strong>M\u00e9moires de D.E.S et d\u2019Ing\u00e9niorat<\/strong><\/p>\n\n\n\n<p>Submitted by&nbsp;site_leve&nbsp;on&nbsp;Mon, 01\/03\/2022 &#8211; 13:46<\/p>\n\n\n\n<p><strong>M\u00e9moires de DES<\/strong><\/p>\n\n\n\n<p><strong>Ann\u00e9e 1989<\/strong><\/p>\n\n\n\n<p><img decoding=\"async\" loading=\"lazy\" width=\"8\" height=\"11\" src=\"\" alt=\"-\">&nbsp;<strong>Bourouba&nbsp;<\/strong>L. 1989 \u2013Etude \u00e9co-dendrom\u00e9trique et approche m\u00e9thodologique sur le fonctionnement d\u2019un \u00e9cosyst\u00e8me \u00e0 Pin d\u2019Alep en zone littorale.<\/p>\n\n\n\n<p><strong>Ann\u00e9e 1987<\/strong><\/p>\n\n\n\n<p><strong>-Brakchi L<\/strong>. 1987 -Approche phyto-\u00e9cologique des for\u00eats \u00e0 Pin d\u2019Alep Pinus halepensis Mill des for\u00eats de BENI-IMLOUL<br>.&nbsp;<br><img decoding=\"async\" loading=\"lazy\" width=\"8\" height=\"11\" src=\"\" alt=\"-\">&nbsp;<strong>Rahili G.<\/strong>&nbsp;1987- Approche phyto-\u00e9cologique des for\u00eats \u00e0 Pin d\u2019Alep Pinus halepensis Mill des mots de BENI-YAGOUB et incidence des facteurs \u00e9cologiques sur la r\u00e9g\u00e9n\u00e9ration.<\/p>\n\n\n\n<p><img decoding=\"async\" loading=\"lazy\" width=\"8\" height=\"11\" src=\"\" alt=\"-\">&nbsp;<strong>Safar W<\/strong>. 1987- Approche phyto-\u00e9cologique des diff\u00e9rentes formations v\u00e9g\u00e9tales des Monts de HARACTA.<\/p>\n","protected":false},"excerpt":{"rendered":"<p>Ann\u00e9e 2010 -Guerrache N.2010. &#8211; \u00ab&nbsp;Etude comparative de la v\u00e9g\u00e9tation et du sol des dunes fix\u00e9es par Retama retam, Tamarix gallica et Tamarix aphylla dans la r\u00e9gion d\u2019El mesrane&nbsp;\u00bb M\u00e9m :Magister, FSB,USTHB. -SAHKI R., 2010. &#8211; Contribution \u00e0 l\u2019\u00e9tude phyto-\u00e9cologique <span class=\"readmore\"><a href=\"https:\/\/leve.usthb.dz\/index.php\/theses-de-magister\/\">Continue Reading<\/a><\/span><\/p>\n","protected":false},"author":1,"featured_media":0,"parent":0,"menu_order":0,"comment_status":"closed","ping_status":"closed","template":"","meta":[],"_links":{"self":[{"href":"https:\/\/leve.usthb.dz\/index.php\/wp-json\/wp\/v2\/pages\/270"}],"collection":[{"href":"https:\/\/leve.usthb.dz\/index.php\/wp-json\/wp\/v2\/pages"}],"about":[{"href":"https:\/\/leve.usthb.dz\/index.php\/wp-json\/wp\/v2\/types\/page"}],"author":[{"embeddable":true,"href":"https:\/\/leve.usthb.dz\/index.php\/wp-json\/wp\/v2\/users\/1"}],"replies":[{"embeddable":true,"href":"https:\/\/leve.usthb.dz\/index.php\/wp-json\/wp\/v2\/comments?post=270"}],"version-history":[{"count":1,"href":"https:\/\/leve.usthb.dz\/index.php\/wp-json\/wp\/v2\/pages\/270\/revisions"}],"predecessor-version":[{"id":272,"href":"https:\/\/leve.usthb.dz\/index.php\/wp-json\/wp\/v2\/pages\/270\/revisions\/272"}],"wp:attachment":[{"href":"https:\/\/leve.usthb.dz\/index.php\/wp-json\/wp\/v2\/media?parent=270"}],"curies":[{"name":"wp","href":"https:\/\/api.w.org\/{rel}","templated":true}]}}