{"id":263,"date":"2023-07-13T13:11:51","date_gmt":"2023-07-13T13:11:51","guid":{"rendered":"http:\/\/193.194.89.177\/leve_wp\/?page_id=263"},"modified":"2023-07-13T13:11:52","modified_gmt":"2023-07-13T13:11:52","slug":"encadrement","status":"publish","type":"page","link":"https:\/\/leve.usthb.dz\/index.php\/encadrement\/","title":{"rendered":"<strong>Encadrement<\/strong>"},"content":{"rendered":"\n<p><\/p>\n\n\n\n<p><strong>Master<\/strong><\/p>\n\n\n\n<p><strong>Ann\u00e9e 2017<\/strong><\/p>\n\n\n\n<p><img decoding=\"async\" loading=\"lazy\" width=\"8\" height=\"11\" src=\"\" alt=\"-\">&nbsp; Debieb Ahlem, Ben Belgacem Nawel et Sidi Moussa Sara. 2017- Contribution \u00e0 l\u2019\u00e9tude de la M\u00e9sofaune et de la Macrofaune de la r\u00e9gion de Dhaia (Parc National de Chr\u00e9a)<\/p>\n\n\n\n<p><img decoding=\"async\" loading=\"lazy\" width=\"8\" height=\"11\" src=\"\" alt=\"-\">&nbsp; BEN MEBKHOUT Narimane et ZAHRA Amina 2017- Contribution \u00e0 l\u2019\u00e9tude de la diversit\u00e9 v\u00e9g\u00e9tale post-incendie du Parc National du Chr\u00e9a (Atlas Blid\u00e9en)<\/p>\n\n\n\n<p><img decoding=\"async\" loading=\"lazy\" width=\"8\" height=\"11\" src=\"\" alt=\"-\">&nbsp; Ziari Abderrahmane, 2017- diversit\u00e9 floristique de quelques stations foresti\u00e8res de l\u2019Atlas blid\u00e9en<\/p>\n\n\n\n<p><strong>Ann\u00e9e 2016<\/strong><\/p>\n\n\n\n<p><img decoding=\"async\" loading=\"lazy\" width=\"8\" height=\"11\" src=\"\" alt=\"-\">&nbsp; Ben kessira Amel, Sadouki Sihem et Toumi Ibtissem, 2016- Inventaire taxonomique et biodiversit\u00e9 de quelques biotopes steppiques dans la wilaya de Djelfa<\/p>\n\n\n\n<p><img decoding=\"async\" loading=\"lazy\" width=\"8\" height=\"11\" src=\"\" alt=\"-\">&nbsp;Harir\u00e8che Maroua, 2016- Inventaire taxonomique et biodiversit\u00e9 de quelques biotopes de l\u2019atlas blid\u00e9en (Parc National de Chr\u00e9a)<\/p>\n\n\n\n<p><img decoding=\"async\" loading=\"lazy\" width=\"8\" height=\"11\" src=\"\" alt=\"-\">&nbsp; Mouffok Sara, Guerbai Saliha et Kadiri Hiba, 2016- Impacts de l\u2019anthropisation dans le Parc National de Th\u00e9niet el Had et \u00e9tude syst\u00e9matique de quelques bioindicateurs (oligoch\u00e8tes)<\/p>\n\n\n\n<p><img decoding=\"async\" loading=\"lazy\" width=\"8\" height=\"11\" src=\"\" alt=\"-\">&nbsp; Guerroudj Oussama, 2016- Cartographie et biodiversit\u00e9 des formations foresti\u00e8res \u00e0 pin d\u2019Alep de Saida<\/p>\n\n\n\n<p><img decoding=\"async\" loading=\"lazy\" width=\"8\" height=\"11\" src=\"\" alt=\"-\">&nbsp; Younsi Karima,2016- Etude de la Biodiversit\u00e9 de 3 stations de la partie centrale du Parc National de Chr\u00e9a en vue d\u2019une r\u00e9habilitation<\/p>\n\n\n\n<p><img decoding=\"async\" loading=\"lazy\" width=\"8\" height=\"11\" src=\"\" alt=\"-\">&nbsp; Bouzergouta Messoud et Ouguissi ali 2016&nbsp;: Analyse des variations climatiques sur la v\u00e9g\u00e9tation dans les for\u00eats naturelles de Djelfa.<\/p>\n\n\n\n<p><img decoding=\"async\" loading=\"lazy\" width=\"8\" height=\"11\" src=\"\" alt=\"-\">&nbsp; Kouidri Ismail et Botma Ahmed 2016&nbsp;: Contribution \u00e0 l\u2019\u00e9tude de l\u2019effet de la d\u00e9sertification sur le d\u00e9veloppement du pin d\u2019Alep dans la for\u00eat naturelle de S\u00e9nalba Chergui (Djelfa)<\/p>\n\n\n\n<p><img decoding=\"async\" loading=\"lazy\" width=\"8\" height=\"11\" src=\"\" alt=\"-\">&nbsp; Fillali Fatna et Bousri Souad 2016&nbsp;: Contribution \u00e0 l\u2019\u00e9tude de l\u2019effet de la d\u00e9sertification sur le d\u00e9veloppement du pin d\u2019Alep dans la for\u00eat naturelle de S\u00e9nalba Gharbi (Djelfa)<\/p>\n\n\n\n<p><img decoding=\"async\" loading=\"lazy\" width=\"8\" height=\"11\" src=\"\" alt=\"-\">&nbsp; Guedim Abderrahman et Chabira Nadjet 2016&nbsp;: Analyse de la diversit\u00e9 \u00e9daphique li\u00e9e aux groupements \u00e0 pin d\u2019Alep dans la for\u00eat naturelle de S\u00e9nalba Chergui (Djelfa)<\/p>\n\n\n\n<p><img decoding=\"async\" loading=\"lazy\" width=\"8\" height=\"11\" src=\"\" alt=\"-\">&nbsp; Kidar Saadia et Zahout Chahrazed 2016&nbsp;: Contribution \u00e0 l\u2019\u00e9tude de la biodiversit\u00e9 dans la for\u00eat de S\u00e9nalba Chergui<\/p>\n\n\n\n<p><img decoding=\"async\" loading=\"lazy\" width=\"8\" height=\"11\" src=\"\" alt=\"-\">&nbsp;RAHOU farah El-Batoul et HABBAZ Boubekeur 2016&nbsp;: Suivi de la r\u00e9g\u00e9n\u00e9ration naturelle du c\u00e8dre de l\u2019Atlas dans la station de Tala Rana (Parc National du Djudjura).<\/p>\n\n\n\n<p><img decoding=\"async\" loading=\"lazy\" width=\"8\" height=\"11\" src=\"\" alt=\"-\">&nbsp;DJAFOUR Hassan 2016&nbsp;: Etude de la biodiversit\u00e9 des groupements d\u2019adventices dans le Secteur Biog\u00e9ographique alg\u00e9rois.<\/p>\n\n\n\n<p>-SEKLAOUI Houria 2016&nbsp;: Valorisation et gestion durable de la ferme exp\u00e9rimentale de l\u2019Universit\u00e9 de Blida 1.<\/p>\n\n\n\n<p><img decoding=\"async\" loading=\"lazy\" width=\"8\" height=\"11\" src=\"\" alt=\"-\">&nbsp; Hellalba Naima&nbsp;; Makhloufi Fatima 2016&nbsp;: Etude comparative du sol et de la v\u00e9g\u00e9tation d\u2019une plantation d\u2019Atriplex canescens et hors plantation dans la r\u00e9gion de Sebgag (Wilaya de Laghouat).<\/p>\n\n\n\n<p>&nbsp;:&nbsp;<br><img decoding=\"async\" loading=\"lazy\" width=\"8\" height=\"11\" src=\"\" alt=\"-\">&nbsp; Abbache Zahia , Boudjelloul Rahma , Naili Eddouaouda Fouzia 2016-<br>Contribution \u00e0 l\u2019\u00e9tude de la valorisation (r\u00e9utilisation ) des eaux \u00e9pur\u00e9es de la station d\u2019\u00e9puration des eaux us\u00e9es de Boumerdes. \u00ab&nbsp;Utilisation des biotest&nbsp;\u00bb.<\/p>\n\n\n\n<p><img decoding=\"async\" loading=\"lazy\" width=\"8\" height=\"11\" src=\"\" alt=\"-\">&nbsp; Gamaz Nassima et Kais Meryem 2016-<br>Effet de la diversit\u00e9 floristique sur quelques propri\u00e9t\u00e9s physicochimiques des sols sous les plantations au niveau des dunes fix\u00e9es du cordon dunaire de Djelfa.<\/p>\n\n\n\n<p><strong>Ann\u00e9e 2015<\/strong><\/p>\n\n\n\n<p><img decoding=\"async\" loading=\"lazy\" width=\"8\" height=\"11\" src=\"\" alt=\"-\">&nbsp; Bouchicha L., Kalouache R. et Lil Ilhem.,2015- Contribution \u00e0 l\u2019\u00e9tude phyto\u00e9cologique et la variabilit\u00e9 ph\u00e9notypique de l\u2019Armoise blanche (Artemisia herba alba Asso.) dans la r\u00e9gion des hautes plaines du sud alg\u00e9rois (w.Djelfa)<\/p>\n\n\n\n<p><img decoding=\"async\" loading=\"lazy\" width=\"8\" height=\"11\" src=\"\" alt=\"-\">&nbsp; Hachemi H. Igueroufa F. et Laouar A, 2015- Impact de la salinit\u00e9 sur la v\u00e9g\u00e9tation du chott el gharbi<\/p>\n\n\n\n<p><img decoding=\"async\" loading=\"lazy\" width=\"8\" height=\"11\" src=\"\" alt=\"-\">&nbsp; Barhoumi R. et Alalga S., 2015- \u00e9tude de la diversit\u00e9 floristique de la r\u00e9gion de Laghouat<\/p>\n\n\n\n<p><img decoding=\"async\" loading=\"lazy\" width=\"8\" height=\"11\" src=\"\" alt=\"-\">&nbsp; BENBOUDJEMA Meriem BENOUAR Naziha 2015-&nbsp;: Quantification physique et estimation \u00e9conomique d\u2019un produit forestier non ligneux (arbouses) en vue de son int\u00e9gration dans un sch\u00e9ma d\u2019exploitation rationnelle.<\/p>\n\n\n\n<p><img decoding=\"async\" loading=\"lazy\" width=\"8\" height=\"11\" src=\"\" alt=\"-\">&nbsp;BOUTELBA Im\u00e8ne 2015-&nbsp;: Estimation \u00e9conomique des services \u00e9cosyt\u00e9miques&nbsp;: cas de la purification de l\u2019eau du bassin versant de l\u2019Oued Chiffa (Parc National de Chr\u00e9a)<\/p>\n\n\n\n<p><img decoding=\"async\" loading=\"lazy\" width=\"8\" height=\"11\" src=\"\" alt=\"-\">&nbsp;BENKACIMI Sara et BENDJEDDA Nadjiba&nbsp;: 2015- Evaluation de effets de la surfr\u00e9quentation touristique sur la viabilit\u00e9 \u00e9cologique du singe magot (Macacasylvanus) dans la r\u00e9gion de la Chiffa et proposition d\u2019un mod\u00e8le d\u2019\u00e9cotourisme durable.<\/p>\n\n\n\n<p><img decoding=\"async\" loading=\"lazy\" width=\"8\" height=\"11\" src=\"\" alt=\"-\">&nbsp; Bisker Rahil et BenSalem Radhia 2015.&nbsp;: Essai d\u2019estimation de la biodiversit\u00e9 v\u00e9g\u00e9tale de la for\u00eat de S\u00e9nalba Gharbi<\/p>\n\n\n\n<p><img decoding=\"async\" loading=\"lazy\" width=\"8\" height=\"11\" src=\"\" alt=\"-\">&nbsp; BenYahia Fatima et Kazoula Fatima 2015.&nbsp;: Les indicateurs de la d\u00e9sertification dans la for\u00eat de S\u00e9nalba Cherghi (Djelfa).<\/p>\n\n\n\n<p><img decoding=\"async\" loading=\"lazy\" width=\"8\" height=\"11\" src=\"\" alt=\"-\">&nbsp; Abdellaoui Djamila et Belloua Hamza 2015.&nbsp;: Etude des groupements \u00e0 Pin d\u2019Alep dans la for\u00eat de S\u00e9nalba.<\/p>\n\n\n\n<p><img decoding=\"async\" loading=\"lazy\" width=\"8\" height=\"11\" src=\"\" alt=\"-\">&nbsp; Kidar Saadia et Zahout Chahrazed 2015.&nbsp;: Essai d\u2019estimation de la biodiversit\u00e9 v\u00e9g\u00e9tale de la for\u00eat de S\u00e9nalba Cherghi ( Djelfa). Soutenance<\/p>\n","protected":false},"excerpt":{"rendered":"<p>Master Ann\u00e9e 2017 &nbsp; Debieb Ahlem, Ben Belgacem Nawel et Sidi Moussa Sara. 2017- Contribution \u00e0 l\u2019\u00e9tude de la M\u00e9sofaune et de la Macrofaune de la r\u00e9gion de Dhaia (Parc National de Chr\u00e9a) &nbsp; BEN MEBKHOUT Narimane et ZAHRA Amina <span class=\"readmore\"><a href=\"https:\/\/leve.usthb.dz\/index.php\/encadrement\/\">Continue Reading<\/a><\/span><\/p>\n","protected":false},"author":1,"featured_media":0,"parent":0,"menu_order":0,"comment_status":"closed","ping_status":"closed","template":"","meta":[],"_links":{"self":[{"href":"https:\/\/leve.usthb.dz\/index.php\/wp-json\/wp\/v2\/pages\/263"}],"collection":[{"href":"https:\/\/leve.usthb.dz\/index.php\/wp-json\/wp\/v2\/pages"}],"about":[{"href":"https:\/\/leve.usthb.dz\/index.php\/wp-json\/wp\/v2\/types\/page"}],"author":[{"embeddable":true,"href":"https:\/\/leve.usthb.dz\/index.php\/wp-json\/wp\/v2\/users\/1"}],"replies":[{"embeddable":true,"href":"https:\/\/leve.usthb.dz\/index.php\/wp-json\/wp\/v2\/comments?post=263"}],"version-history":[{"count":1,"href":"https:\/\/leve.usthb.dz\/index.php\/wp-json\/wp\/v2\/pages\/263\/revisions"}],"predecessor-version":[{"id":265,"href":"https:\/\/leve.usthb.dz\/index.php\/wp-json\/wp\/v2\/pages\/263\/revisions\/265"}],"wp:attachment":[{"href":"https:\/\/leve.usthb.dz\/index.php\/wp-json\/wp\/v2\/media?parent=263"}],"curies":[{"name":"wp","href":"https:\/\/api.w.org\/{rel}","templated":true}]}}