{"id":257,"date":"2023-07-13T13:03:50","date_gmt":"2023-07-13T13:03:50","guid":{"rendered":"http:\/\/193.194.89.177\/leve_wp\/?page_id=257"},"modified":"2023-07-13T13:03:50","modified_gmt":"2023-07-13T13:03:50","slug":"conferences","status":"publish","type":"page","link":"https:\/\/leve.usthb.dz\/index.php\/conferences\/","title":{"rendered":"<strong>Conf\u00e9rences<\/strong>"},"content":{"rendered":"\n<p><strong>Ann\u00e9e 2017<\/strong><\/p>\n\n\n\n<p><strong>-Kadik L<\/strong>., Un regard sur la Biodiversit\u00e9 en Alg\u00e9rie. 2017 Journ\u00e9e sur la Biodiversit\u00e9 Association Ecologique de Boumerd\u00e8s 2 fevrier 2017<\/p>\n\n\n\n<p><strong>Ann\u00e9e 2015<\/strong><\/p>\n\n\n\n<p><strong>-Kadik Achoubi Leila*, Akkouche Saida**, Bouderbala Rachida, Guerrache Nassima ET Ait Mouheb Hocine 2015<\/strong>&#8211; IDENTIFICATION DE QUELQUES BIOTOPES MENACES DANS LE SUD ALGEROIS&nbsp;; 41me anniversaire USTHB, Alger 21 avril 2015<\/p>\n\n\n\n<p><strong>&#8211; Kadik L<\/strong>.,2015- Richesse et valorisation de la diversit\u00e9 floristique du Parc National de Chr\u00e9a&nbsp;: pr\u00e9sentation des principales esp\u00e8ces m\u00e9dicinales&nbsp;; TROISIEME ATELIER NATIONAL SUR LES RESERVES DE BIOSPHERE ENSA, El-Harrach, Alger, le 23, 24 &amp; 25 novembre 2015<\/p>\n\n\n\n<p><strong>-Kadik L<\/strong>.,2015- Menaces sur la Biodiversit\u00e9 \u2013 Association CIDRA journ\u00e9e d\u2019\u00e9tude Centre Culturel Belouizdad Belcourt&nbsp;; 26 mars 2015<\/p>\n","protected":false},"excerpt":{"rendered":"<p>Ann\u00e9e 2017 -Kadik L., Un regard sur la Biodiversit\u00e9 en Alg\u00e9rie. 2017 Journ\u00e9e sur la Biodiversit\u00e9 Association Ecologique de Boumerd\u00e8s 2 fevrier 2017 Ann\u00e9e 2015 -Kadik Achoubi Leila*, Akkouche Saida**, Bouderbala Rachida, Guerrache Nassima ET Ait Mouheb Hocine 2015&#8211; IDENTIFICATION <span class=\"readmore\"><a href=\"https:\/\/leve.usthb.dz\/index.php\/conferences\/\">Continue Reading<\/a><\/span><\/p>\n","protected":false},"author":1,"featured_media":0,"parent":0,"menu_order":0,"comment_status":"closed","ping_status":"closed","template":"","meta":[],"_links":{"self":[{"href":"https:\/\/leve.usthb.dz\/index.php\/wp-json\/wp\/v2\/pages\/257"}],"collection":[{"href":"https:\/\/leve.usthb.dz\/index.php\/wp-json\/wp\/v2\/pages"}],"about":[{"href":"https:\/\/leve.usthb.dz\/index.php\/wp-json\/wp\/v2\/types\/page"}],"author":[{"embeddable":true,"href":"https:\/\/leve.usthb.dz\/index.php\/wp-json\/wp\/v2\/users\/1"}],"replies":[{"embeddable":true,"href":"https:\/\/leve.usthb.dz\/index.php\/wp-json\/wp\/v2\/comments?post=257"}],"version-history":[{"count":1,"href":"https:\/\/leve.usthb.dz\/index.php\/wp-json\/wp\/v2\/pages\/257\/revisions"}],"predecessor-version":[{"id":259,"href":"https:\/\/leve.usthb.dz\/index.php\/wp-json\/wp\/v2\/pages\/257\/revisions\/259"}],"wp:attachment":[{"href":"https:\/\/leve.usthb.dz\/index.php\/wp-json\/wp\/v2\/media?parent=257"}],"curies":[{"name":"wp","href":"https:\/\/api.w.org\/{rel}","templated":true}]}}