{"id":243,"date":"2023-07-13T12:46:00","date_gmt":"2023-07-13T12:46:00","guid":{"rendered":"http:\/\/193.194.89.177\/leve_wp\/?page_id=243"},"modified":"2023-07-13T12:46:01","modified_gmt":"2023-07-13T12:46:01","slug":"publications-internationales","status":"publish","type":"page","link":"https:\/\/leve.usthb.dz\/index.php\/publications-internationales\/","title":{"rendered":"Publications internationales"},"content":{"rendered":"\n<p><\/p>\n\n\n\n<p>Ann\u00e9e 2022 :<\/p>\n\n\n\n<ul>\n<li><strong>Debieb Ahlem, Kadik Leila, Godron Michel; 2022.- <\/strong>Effects of fire on plant biodiversity in a cork oak forest in the blidean atlas (Algeria). <a href=\"https:\/\/www.aloki.hu\/indvol21_1.htm\">https:\/\/www.aloki.hu\/indvol21_1.htm.<\/a> (DOI: <a href=\"http:\/\/dx.doi.org\/10.15666\/aeer\/2101_351371\">http:\/\/dx.doi.org\/10.15666\/aeer\/2101_351371<\/a>).<\/li>\n<\/ul>\n\n\n\n<ul>\n<li><strong>Melouani Naziha, Kadik Leila ; 2022.- <\/strong>Ecosystem dynamics after forest fire. Blideen atlas case. <a href=\"https:\/\/territorium.riscos.pt\/numeros-publicados\/\">https:\/\/territorium.riscos.pt\/numeros-publicados\/.<\/a> (DOI: DOI: <a href=\"https:\/\/doi.org\/10.14195\/1647-7723_29-1_6\">https:\/\/doi.org\/10.14195\/1647-<\/a> <a href=\"https:\/\/doi.org\/10.14195\/1647-7723_29-1_6\">7723_29-1_6<\/a>).<\/li>\n<\/ul>\n\n\n\n<ul>\n<li><strong>Macheroum Amale, Chenchouni Haroun; 2022.- <\/strong>Short-term land degradation driven by livestock grazing does not affect soil properties in semiarid steppe rangelands. <a href=\"https:\/\/www.frontiersin.org\/articles\/10.3389\/fenvs.2022.846045\/full\">https:\/\/www.frontiersin.org\/articles\/10.3389\/fenvs.2022.846045\/full.<\/a>&nbsp;&nbsp;&nbsp;&nbsp;&nbsp;&nbsp;&nbsp;&nbsp;&nbsp;&nbsp;&nbsp;&nbsp;&nbsp;&nbsp;&nbsp;&nbsp;&nbsp;&nbsp;&nbsp;&nbsp;&nbsp;&nbsp;&nbsp;&nbsp;&nbsp;&nbsp;&nbsp;&nbsp;&nbsp;&nbsp;&nbsp;&nbsp;&nbsp;&nbsp;&nbsp;&nbsp;&nbsp;&nbsp;&nbsp;&nbsp;&nbsp; (DOI: 10.3389\/fenvs.2022.846045).<\/li>\n<\/ul>\n\n\n\n<p>Ann\u00e9e 2021 :<\/p>\n\n\n\n<ul>\n<li><strong>Macheroum Amale, Kadik Leila, Neffar Souad, Chenchouni Haroun; 2021.- <\/strong>Environmental drivers of taxonomic and phylogenetic diversity patterns of plant communities in semi-arid steppe rangelands of North Africa. <a href=\"https:\/\/www.sciencedirect.com\/science\/article\/pii\/S1470160X21009444\">https:\/\/www.sciencedirect.com\/science\/article\/pii\/S1470160X21009444<\/a>. (DOI: <a href=\"https:\/\/doi.org\/10.1016\/j.ecolind.2021.108279\">https:\/\/doi.org\/10.1016\/j.ecolind.2021.108279<\/a>)<strong>.<\/strong><\/li>\n<\/ul>\n\n\n\n<p>Ann\u00e9e 2019 :<\/p>\n\n\n\n<ul>\n<li><strong>Guerrache Nassima, Kadik Leila, Akkouche Saida, Bouderbala Rachida; 2019- <\/strong>Study of Certain Vital Attributes of a Rehabilitation Project at The Dunes Cord of Djelfa \u2013Bousaada in Algeria, Volume 34,&nbsp;&nbsp;&nbsp;&nbsp;&nbsp;&nbsp; Issue&nbsp;&nbsp;&nbsp;&nbsp;&nbsp;&nbsp;&nbsp;&nbsp;&nbsp;&nbsp;&nbsp;&nbsp;&nbsp;&nbsp;&nbsp;&nbsp;&nbsp;&nbsp;&nbsp;&nbsp;&nbsp;&nbsp;&nbsp;&nbsp; No.&nbsp;&nbsp;&nbsp;&nbsp;&nbsp;&nbsp;&nbsp;&nbsp;&nbsp;&nbsp;&nbsp; 1;&nbsp;&nbsp;&nbsp;&nbsp;&nbsp;&nbsp;&nbsp;&nbsp;&nbsp;&nbsp;&nbsp;&nbsp;&nbsp;&nbsp;&nbsp;&nbsp;&nbsp; Int.&nbsp;&nbsp;&nbsp;&nbsp;&nbsp;&nbsp;&nbsp;&nbsp;&nbsp;&nbsp;&nbsp;&nbsp; J.&nbsp;&nbsp;&nbsp;&nbsp;&nbsp;&nbsp;&nbsp;&nbsp;&nbsp;&nbsp;&nbsp;&nbsp; Ecol.&nbsp;&nbsp;&nbsp;&nbsp;&nbsp;&nbsp;&nbsp;&nbsp;&nbsp; Dev. <a href=\"http:\/\/www.ceser.in\/ceserp\/index.php\/ijed\/article\/view\/5986\">http:\/\/www.ceser.in\/ceserp\/index.php\/ijed\/article\/view\/5986.<\/a><\/li>\n<\/ul>\n\n\n\n<ul>\n<li><strong>Bekai Fatma, Kadik Leila, Nedjimi Bouzid; 2019. &#8211; <\/strong>Effects of deferring grazing on the floristic diversity of <em>Stipa tenacissima <\/em>Loefl. ex L. rangelands in central Algerian steppe. African journal of ecology:&nbsp;&nbsp;&nbsp;&nbsp;&nbsp;&nbsp;&nbsp;&nbsp;&nbsp;&nbsp;&nbsp;&nbsp;&nbsp;&nbsp;&nbsp;&nbsp;&nbsp;&nbsp;&nbsp;&nbsp;&nbsp;&nbsp;&nbsp;&nbsp;&nbsp;&nbsp;&nbsp;&nbsp;&nbsp;&nbsp;&nbsp;&nbsp;&nbsp;&nbsp; <a href=\"https:\/\/onlinelibrary.wiley.com\/doi\/abs\/10.1111\/aje.12614\">https:\/\/onlinelibrary.wiley.com\/doi\/abs\/10.1111\/aje.12614.<\/a>&nbsp;&nbsp;&nbsp;&nbsp;&nbsp;&nbsp;&nbsp;&nbsp;&nbsp;&nbsp;&nbsp;&nbsp;&nbsp;&nbsp;&nbsp;&nbsp;&nbsp;&nbsp;&nbsp;&nbsp;&nbsp;&nbsp; (DOI: <a href=\"https:\/\/doi.org\/10.1111\/aje.12614\">https:\/\/doi.org\/10.1111\/aje.12614<\/a>).<\/li>\n<\/ul>\n\n\n\n<p>Ann\u00e9e 2018 :<\/p>\n\n\n\n<ul>\n<li><strong>Mekideche Sihem, Brakchi-Ouakour Lila, Kadik Leila ; 2018<\/strong>.- Impact des perturbations anthropiques sur la diversit\u00e9 v\u00e9g\u00e9tale de la sub\u00e9raie de Chr\u00e9a, au nord de l\u2019Alg\u00e9rie. Bois et For\u00eats des Tropiques, 337 : 53-66. (DOI : <a href=\"https:\/\/doi.org\/10.19182\/bft2018.337.a31633\">https:\/\/doi.org\/10.19182\/bft2018.337.a31633<\/a>).<\/li>\n<\/ul>\n\n\n\n<p>&nbsp;<strong><u>Ann\u00e9e 2017 :<\/u><\/strong><strong><\/strong><\/p>\n\n\n\n<ul>\n<li><strong>Djerrad Zineb, Djouahri Abderrahmane, Kadik Leila ; 2017.- <\/strong>Variability of <em>Pinus halepensis <\/em>Mill. Essential Oils and Their Antioxidant Activities Depending on the Stage of Growth during Vegetative Cycle. <a href=\"https:\/\/onlinelibrary.wiley.com\/doi\/abs\/10.1002\/cbdv.201600340\">https:\/\/onlinelibrary.wiley.com\/doi\/abs\/10.1002\/cbdv.201600340 <\/a>&#8211;<\/li>\n<\/ul>\n\n\n\n<p>(DOI: 10.1002\/cbdv.201600340).<\/p>\n\n\n\n<ul>\n<li><strong>Kadik-Achoubi Leila; 2017.- <\/strong>Retour sur EuroMab 2017, Alg\u00e9rie. Euromab revue UNESCO France.&nbsp;&nbsp;&nbsp;&nbsp;&nbsp;&nbsp;&nbsp;&nbsp;&nbsp;&nbsp;&nbsp;&nbsp;&nbsp;&nbsp;&nbsp;&nbsp;&nbsp;&nbsp;&nbsp;&nbsp;&nbsp; <a href=\"https:\/\/www.mab-france.org\/fr\/actualite-et-publication\/retour-sur-euromab-2017-leila-kadik-alg%C3%A9rie\/\">https:\/\/www.mab-france.org\/fr\/actualite-et-publication\/retour-sur-euromab-2017-leila-<\/a> <a href=\"https:\/\/www.mab-france.org\/fr\/actualite-et-publication\/retour-sur-euromab-2017-leila-kadik-alg%C3%A9rie\/\">kadik-alg\u00e9rie\/.<\/a><\/li>\n<\/ul>\n\n\n\n<ul>\n<li><strong>Akkouche Saida, Kadik Leila, Guerrache Nassima, Bouderbala Rachida ; 2017.- <\/strong>Characterizing the fixation of dunes at the region of Djelfa in Algeria. Volume 32, Issue No. 3; Int. J. Ecol. Dev. <a href=\"http:\/\/www.ceser.in\/ceserp\/index.php\/ijed\/article\/view\/4975\">http:\/\/www.ceser.in\/ceserp\/index.php\/ijed\/article\/view\/4975.<\/a><\/li>\n<\/ul>\n\n\n\n<ul>\n<li><strong>Ait Mouheb Hocine, Kadik Leila, Albert C\u00e9cile H\u00e9l\u00e8ne, Berrached Rachda, Andreas Prinzing ; 2017.- <\/strong>How do steppe plants follow their optimal environmental conditions or persist under suboptimal&nbsp;&nbsp;&nbsp;&nbsp;&nbsp; &nbsp;conditions?&nbsp;&nbsp;&nbsp;&nbsp;&nbsp; &nbsp;The&nbsp;&nbsp;&nbsp;&nbsp;&nbsp; &nbsp;differing&nbsp;&nbsp;&nbsp;&nbsp;&nbsp; &nbsp;strategies&nbsp;&nbsp;&nbsp;&nbsp;&nbsp; &nbsp;of&nbsp;&nbsp;&nbsp;&nbsp;&nbsp; &nbsp;annuals&nbsp;&nbsp;&nbsp;&nbsp;&nbsp; &nbsp;&nbsp;and perennials.&nbsp;&nbsp;&nbsp;&nbsp;&nbsp;&nbsp;&nbsp;&nbsp;&nbsp;&nbsp;&nbsp;&nbsp;&nbsp;&nbsp;&nbsp;&nbsp;&nbsp;&nbsp;&nbsp;&nbsp;&nbsp;&nbsp;&nbsp;&nbsp;&nbsp;&nbsp;&nbsp;&nbsp;&nbsp;&nbsp;&nbsp;&nbsp;&nbsp;&nbsp;&nbsp;&nbsp;&nbsp;&nbsp;&nbsp;&nbsp;&nbsp;&nbsp;&nbsp;&nbsp;&nbsp;&nbsp;&nbsp;&nbsp;&nbsp;&nbsp;&nbsp;&nbsp;&nbsp;&nbsp;&nbsp;&nbsp;&nbsp;&nbsp;&nbsp;&nbsp;&nbsp;&nbsp;&nbsp;&nbsp;&nbsp; <a href=\"https:\/\/onlinelibrary.wiley.com\/doi\/full\/10.1002\/ece3.3664\">https:\/\/onlinelibrary.wiley.com\/doi\/full\/10.1002\/ece3.3664.<\/a> (DOI: <a href=\"https:\/\/doi.org\/10.1002\/ece3.3664\">https:\/\/doi.org\/10.1002\/ece3.3664<\/a>).<\/li>\n<\/ul>\n\n\n\n<ul>\n<li><strong>Berrached Rachda, Kadik Leila, Ait Mouheb Hocine, Andreas Prinzing ; 2017.- <\/strong>Deep roots delay flowering and relax the impact&nbsp;&nbsp; of&nbsp;&nbsp; floral&nbsp;&nbsp; traits&nbsp;&nbsp; and&nbsp;&nbsp; associated&nbsp;&nbsp; pollinators&nbsp;&nbsp; in&nbsp;&nbsp; steppe plants.&nbsp;&nbsp;&nbsp;&nbsp;&nbsp;&nbsp;&nbsp;&nbsp;&nbsp;&nbsp;&nbsp;&nbsp;&nbsp;&nbsp;&nbsp;&nbsp;&nbsp;&nbsp;&nbsp;&nbsp;&nbsp;&nbsp;&nbsp;&nbsp;&nbsp;&nbsp;&nbsp;&nbsp;&nbsp;&nbsp;&nbsp;&nbsp;&nbsp;&nbsp;&nbsp;&nbsp;&nbsp;&nbsp;&nbsp;&nbsp; https:\/\/journals.plos.org\/plosone\/article?id=10.1371\/journal.pone.0173921. (DOI: <a href=\"https:\/\/doi.org\/10.1371\/journal.pone.0173921\">https:\/\/doi.org\/10.1371\/journal.pone.0173921<\/a>).<\/li>\n<\/ul>\n\n\n\n<ul>\n<li><strong>Berrached&nbsp;&nbsp;&nbsp;&nbsp; Rachda,&nbsp;&nbsp;&nbsp;&nbsp; Kadik&nbsp;&nbsp;&nbsp;&nbsp; Leila&nbsp;&nbsp;&nbsp;&nbsp; ;&nbsp;&nbsp;&nbsp;&nbsp; 2017.-&nbsp;&nbsp;&nbsp;&nbsp; <\/strong>Ph\u00e9nologie&nbsp;&nbsp;&nbsp;&nbsp; des&nbsp;&nbsp;&nbsp;&nbsp; esp\u00e8ces&nbsp;&nbsp;&nbsp;&nbsp; steppiques. Figshare- <a href=\"https:\/\/figshare.com\/authors\/Rachda_Berrached\/3346916\">https:\/\/figshare.com\/authors\/Rachda_Berrached\/3346916.<\/a><\/li>\n<\/ul>\n\n\n\n<p><strong>Ann\u00e9e 2015<\/strong><\/p>\n\n\n\n<p><strong>Zineb Djerrad, Leila Kadik&nbsp;<\/strong>&amp; Abderrahmane Djouahri 2015 &#8211; Chemical variability and antioxidant activities among Pinus halepensisMill. essential oils provenances, depending on geographic variationand environmental conditionsa,\u2217, Industrial Crops and Products.<\/p>\n\n\n\n<p><strong>Lila Brakchi-Ouakour, Leila Kadik<\/strong>&nbsp;, Sophie Gachet, 2015 &#8211; DIVERSITE FONCTIONNELLE DES PINEDES DE L\u2019ALGEROIS ET DE L\u2019ORANAIS Revue d\u2019Ecologie (La Terre et la Vie)&nbsp;<a href=\"http:\/\/www.impact-factor.org\/journal\/revue-d-ecologie-la-terre-et-la-vie.html\">www.impact-factor.org\/journal\/revue-d-ecologie-la-terre-et-la-vie.html<\/a><\/p>\n\n\n\n<p><strong>Ann\u00e9e 2014<\/strong><\/p>\n\n\n\n<p><strong>L. Achoubi-Kadik<\/strong>, M.&nbsp;Dahmani, N. Yahi,F. Atroune, L. Boussouf,&nbsp;<strong>L. Brakchi<\/strong>, D. Bouaoune &amp; N. Sadki, 2014- Sch\u00e9ma syntaxonomique des matorrals de l\u2019 Alg\u00e9rie du Nord&nbsp;; Actes du s\u00e9minaire international Brest. Documents phytosociologiques, S\u00e9rie 3 \u2022 Volume 1<\/p>\n\n\n\n<p>M.&nbsp;Dahmani-Megrerouche,&nbsp;<strong>L. Achoubi- Kadik<\/strong>&nbsp;, N. Yahi, F. Atroune,&nbsp;<strong>L. Brakchi<\/strong>, L.. Boussouf, N. Sadki &amp; D. Bouaoune, 2014 &#8211; Contribution \u00e0 la mise en place d\u2019un cadre syntaxonomique pour les groupements forestiers et pr\u00e9forestiers de l\u2019Alg\u00e9rie du Nord, Actes du s\u00e9minaire international Brest Documents phytosociologiques, S\u00e9rie 3 \u2022 Volume 1<br>survey.sp.free.fr\/sfp\/files\/Flyer%20documents%20phyto.pdf<\/p>\n\n\n\n<p><strong>Nassima Guerrache Saida Akkouche et Leila Kadik<\/strong>&nbsp;; 2014- Evaluation of the biodiversity and stabilization of the soil after the fixating of the dunes by Retama retam Webb., Tamarix gallica L. and Tamarix aphylla (L.) Karst in the dunes cordon of El-Mesrane (W. Djelfa) in Algeria African journal of agriculture research.<\/p>\n\n\n\n<p><strong>Nassima Guerrache Leila Kadik, Saida Akkouche, Rachida Bouderbala et Rachida Senni&nbsp;<\/strong>, 2014 -Study of the principal properties of Humiferes horizons under Retama retam webb,Tamarix gallica L and Tamarix aphylla (L) Karst in the dunes cordon of El Mesrane (W.Djelfa) in Algeria&nbsp;; international Journal of Innovative and Applied Research (2014), Volume 2, Issue (11), 20-33. Journal home page&nbsp;:<a href=\"http:\/\/www.journalijiar.com\/\">http:\/\/www.journalijiar.com<\/a><\/p>\n\n\n\n<p><strong>Akkouche Saida Guerrache Nassima, Bouderbala Rachida and Kadik Leila,<\/strong>&nbsp;2014 -Choice of fixing species dunes and their effect on vegetation international Journal of Innovative and Applied Research, Volume 2, Issue (8). Journal home page&nbsp;:&nbsp;<a href=\"http:\/\/www.journalijiar.com\/\">http:\/\/www.journalijiar.com<\/a><\/p>\n\n\n\n<p><strong>Ann\u00e9e 2013<\/strong><\/p>\n\n\n\n<p><img decoding=\"async\" loading=\"lazy\" width=\"8\" height=\"11\" src=\"\" alt=\"-\">&nbsp;Senni R*,&nbsp;<strong>Kadik L.&nbsp;<\/strong>. &amp; De Belair G\u00e9rard3. 2013. -Survey of the damp areas\u2019 plant coverage diversity of Zahrez Chergui and Gharbi (Djelfa) and of the \u201cChott\u201d el Hodna (M\u2019sila) in Algeria -African Journal of Agricultural Research Vol. 8(27), pp. 3618-3627, 18 July, 2013 DOI:10.5897\/AJAR12.1556 ISSN 1991-637X \u00a92013 Academic Journals<\/p>\n\n\n\n<p><strong>Ann\u00e9e 2012<\/strong><\/p>\n\n\n\n<p>&#8211; Amandier L., Anne WOLFF, Michel Godron &amp;&nbsp;<strong>Kadik L.&nbsp;<\/strong>., 2012 Calculs compar\u00e9s de biodiversit\u00e9 dans quelques for\u00eats de Provence For\u00eat m\u00e9diterran\u00e9enne t. XXXIII, n\u00b0&nbsp;2, juin 2012&nbsp;<a href=\"http:\/\/www.foret-mediterraneenne.org\/\">www.foret-mediterraneenne.org<\/a><\/p>\n\n\n\n<p><img decoding=\"async\" loading=\"lazy\" width=\"8\" height=\"11\" src=\"\" alt=\"-\">&nbsp;Dahmani-Megrerouche M.,&nbsp;<strong>Achoubi-Kadik L.&nbsp;<\/strong>., Yahi N., Atroune F.,&nbsp;<strong>Brakchi L.&nbsp;<\/strong>., Boussouf L., Sadki N &amp; Bouaoune D. 2012. &#8211; Sch\u00e9ma syntaxonomique des groupements forestiers et pr\u00e9forestiers de l\u2019Alg\u00e9rie du Nord. (Documents Phytosociologiques, accept\u00e9e avec corrections mineures)<a href=\"http:\/\/www.worldcat.org\/...\/documents-phytosociologiques\">www.worldcat.org\/&#8230;\/documents-phytosociologiques<\/a><\/p>\n\n\n\n<p><img decoding=\"async\" loading=\"lazy\" width=\"8\" height=\"11\" src=\"\" alt=\"-\">&nbsp;<strong>Achoubi-Kadik L.&nbsp;<\/strong>., Dahmani-Megrerouche M., Yahi N., Atroune F.,&nbsp;<strong>Brakchi L.&nbsp;<\/strong>., Boussouf L., Sadki N.&amp; Bouaoune D.\u2013 Sch\u00e9ma syntaxonomique des groupements de d\u00e9gradation de l\u2019Alg\u00e9rie du Nord. (Documents Phytosociologiques, accept\u00e9e avec corrections mineures)&nbsp;<a href=\"http:\/\/www.worldcat.org\/...\/documents-phytosociologiques\">www.worldcat.org\/&#8230;\/documents-phytosociologiques<\/a><\/p>\n\n\n\n<p><strong>Ann\u00e9e 2011<\/strong><\/p>\n\n\n\n<p><img decoding=\"async\" loading=\"lazy\" width=\"8\" height=\"11\" src=\"\" alt=\"-\">&nbsp;<strong>Kadik L.&nbsp;<\/strong>. &amp; Godron M.&nbsp;2011- Contribution \u00e0 l\u2019\u00e9tude des groupements v\u00e9g\u00e9taux pr\u00e9sents dans les pineraies de Pinus halepensis Mill. d\u2019Alg\u00e9rie&nbsp;;Rep\u00e8res N\u00b0&nbsp;11, PP 11-35 .<\/p>\n\n\n\n<p><strong>Ann\u00e9e 2008<\/strong><\/p>\n\n\n\n<p><img decoding=\"async\" loading=\"lazy\" width=\"8\" height=\"11\" src=\"\" alt=\"-\">&nbsp;Hanifi N.,&nbsp;<strong>Kadik L.&nbsp;<\/strong>. &amp; Guittoneau, 2008. Analyse de la v\u00e9g\u00e9tation des dunes littorales de Zemmouri (Boumerd\u00e8s, Alg\u00e9rie) Acta Bot. Gallica, 2008, 154 (2), 235-249<\/p>\n\n\n\n<p><strong>Ann\u00e9e 2007<\/strong><\/p>\n\n\n\n<p><img decoding=\"async\" loading=\"lazy\" width=\"8\" height=\"11\" src=\"\" alt=\"-\">&nbsp;<strong>Kadik L.&nbsp;<\/strong>2007. &#8211; Atlas forests of Algeria Ecosystem Management. \u00a6 Volume 2 Newsletter<\/p>\n\n\n\n<p><img decoding=\"async\" loading=\"lazy\" width=\"8\" height=\"11\" src=\"\" alt=\"-\">&nbsp;<strong>Kadik L.&nbsp;<\/strong>2007- La Biodiversit\u00e9 en Alg\u00e9rie richesse et conservation04-08. IUCN MALAGA<\/p>\n\n\n\n<p><strong>Ann\u00e9e 2004<\/strong><\/p>\n\n\n\n<p><img decoding=\"async\" loading=\"lazy\" width=\"8\" height=\"11\" src=\"\" alt=\"-\">&nbsp;<strong>Kadik L<\/strong>&nbsp;&amp; Godron M., 2004.-Contribution \u00e0 la d\u00e9gradation dans les pineraies de Pinus halepensis MILL.Journal Botanique de France. Soc.Bot.de France.27&nbsp;: 9-19.<\/p>\n\n\n\n<p><strong>Ann\u00e9e 2003<\/strong><\/p>\n\n\n\n<p><img decoding=\"async\" loading=\"lazy\" width=\"8\" height=\"11\" src=\"\" alt=\"-\">&nbsp;Godron M.&nbsp;&amp;&nbsp;<strong>Kadik L.<\/strong>, 2003 &#8211; La mesure de la Biodiversit\u00e9 \u00e0 deux \u00e9chelles spatiales. Symbioses n\u00b08.50p.<\/p>\n","protected":false},"excerpt":{"rendered":"<p>Ann\u00e9e 2022 : Ann\u00e9e 2021 : Ann\u00e9e 2019 : Ann\u00e9e 2018 : &nbsp;Ann\u00e9e 2017 : (DOI: 10.1002\/cbdv.201600340). Ann\u00e9e 2015 Zineb Djerrad, Leila Kadik&nbsp;&amp; Abderrahmane Djouahri 2015 &#8211; Chemical variability and antioxidant activities among Pinus halepensisMill. essential oils provenances, depending on <span class=\"readmore\"><a href=\"https:\/\/leve.usthb.dz\/index.php\/publications-internationales\/\">Continue Reading<\/a><\/span><\/p>\n","protected":false},"author":1,"featured_media":0,"parent":0,"menu_order":0,"comment_status":"closed","ping_status":"closed","template":"","meta":[],"_links":{"self":[{"href":"https:\/\/leve.usthb.dz\/index.php\/wp-json\/wp\/v2\/pages\/243"}],"collection":[{"href":"https:\/\/leve.usthb.dz\/index.php\/wp-json\/wp\/v2\/pages"}],"about":[{"href":"https:\/\/leve.usthb.dz\/index.php\/wp-json\/wp\/v2\/types\/page"}],"author":[{"embeddable":true,"href":"https:\/\/leve.usthb.dz\/index.php\/wp-json\/wp\/v2\/users\/1"}],"replies":[{"embeddable":true,"href":"https:\/\/leve.usthb.dz\/index.php\/wp-json\/wp\/v2\/comments?post=243"}],"version-history":[{"count":1,"href":"https:\/\/leve.usthb.dz\/index.php\/wp-json\/wp\/v2\/pages\/243\/revisions"}],"predecessor-version":[{"id":245,"href":"https:\/\/leve.usthb.dz\/index.php\/wp-json\/wp\/v2\/pages\/243\/revisions\/245"}],"wp:attachment":[{"href":"https:\/\/leve.usthb.dz\/index.php\/wp-json\/wp\/v2\/media?parent=243"}],"curies":[{"name":"wp","href":"https:\/\/api.w.org\/{rel}","templated":true}]}}