{"id":239,"date":"2023-07-13T12:42:15","date_gmt":"2023-07-13T12:42:15","guid":{"rendered":"http:\/\/193.194.89.177\/leve_wp\/?page_id=239"},"modified":"2023-07-13T12:42:16","modified_gmt":"2023-07-13T12:42:16","slug":"description-des-objectifs-missions-et-activites-de-lequipe-3","status":"publish","type":"page","link":"https:\/\/leve.usthb.dz\/index.php\/description-des-objectifs-missions-et-activites-de-lequipe-3\/","title":{"rendered":"<strong>Description des objectifs, missions et activit\u00e9s de l\u2019\u00e9quipe<\/strong>"},"content":{"rendered":"\n<p><\/p>\n\n\n\n<p><strong>Objectifs d\u2019ensemble\u00a0:<\/strong><br>L\u2019objectif des travaux de notre \u00e9quipe est de poursuivre les recherches dans des stations d\u00e9grad\u00e9es soumises \u00e0 l\u2019action de l\u2019homme et du climat, mais aussi dans des stations r\u00e9habilit\u00e9es (cordon dunaire, barrage vert). Pour permettre de comprendre dans toute sa complexit\u00e9 le fonctionnement des \u00e9cosyst\u00e8mes et les potentialit\u00e9s de leur production et afin de d\u00e9finir les modalit\u00e9s de l\u2019usage des ressources naturelles en vue d\u2019un d\u00e9veloppement durable. Les travaux de recherche porteront sur diff\u00e9rentes \u00e9chelles\u00a0:<br><strong>Echelle r\u00e9gionale\u00a0:\u00a0<\/strong>poursuite des travaux entrepris sur l\u2019\u00e9volution des ressources naturelles depuis une trentaine d\u2019ann\u00e9es. Le but est de d\u00e9finir des stations cl\u00e9s \u00e0 l\u2019\u00e9chelle r\u00e9gionale dans un objectif de proposition d\u2019observatoires sur la dynamique de la v\u00e9g\u00e9tation des syst\u00e8mes \u00e9cologiques \u00e0 court, moyen et long terme.\u00a0<br><strong>Echelle de la station\u00a0:<\/strong>\u00a0en effet les travaux ant\u00e9rieurs nous ont permis de d\u00e9finir des stations \u00e9cologiques soumises \u00e0 l\u2019action de l\u2019homme et aux actions climatiques notamment en p\u00e9riode s\u00e8che, il s\u2019agit d\u2019analyser avec pr\u00e9cision la r\u00e9ponse des v\u00e9g\u00e9taux aux facteurs \u00e9cologiques et anthropiques. Nos travaux s\u2019effectueront dans divers \u00e9tages bioclimatiques (sub humide, semi aride, aride et saharien). Des taxons qui s\u2019adaptent aux conditions de s\u00e9cheresse seront d\u00e9finis et propos\u00e9s pour la mise en place en Alg\u00e9rie d\u2019une collection de graines (banque de g\u00e8nes), indispensable pour un d\u00e9veloppement durable. La premi\u00e8re \u00e9tape qui est nouvelle dans notre approche, d\u00e9finira des taxons dont l\u2019adaptation aux changements climatiques, notamment \u00e0 la s\u00e9cheresse mais aussi une r\u00e9ponse aux incendies se traduit par une strat\u00e9gie d\u2019occupation de l\u2019espace et par une diff\u00e9renciation biologique qu\u2019il faudra d\u00e9finir. Les esp\u00e8ces ainsi d\u00e9finies seront retenues pour l\u2019\u00e9tablissement d\u2019une banque de graines d\u2019esp\u00e8ces adapt\u00e9es au changement climatique et aux autres perturbations.\u00a0<br>D\u2019autre part, l\u2019explication des processus qui d\u00e9terminent la structure, la dynamique et le fonctionnement des \u00e9cosyst\u00e8mes \u00e9tudi\u00e9s \u00e0 diff\u00e9rents niveaux spatio-temporels, depuis les paysages jusqu\u2019aux populations est primordiale dans le cadre de ce projet. Les r\u00e9sultats aboutiront \u00e0 des mod\u00e8les de d\u00e9veloppement qui seront propos\u00e9s et discut\u00e9s lors d\u2019ateliers nationaux et internationaux.<br><strong>Fondements Scientifiques<\/strong><br><strong>A\/ A l\u2019\u00e9chelle r\u00e9gionale<\/strong><br>Etude dans l\u2019espace et dans le temps de la flore en vue d\u2019\u00e9tablissement de listes rouges et de sc\u00e9narios de mod\u00e8les de r\u00e9habilitation .<br>Etude diachronique du tapis v\u00e9g\u00e9tal en milieu steppique et saharien en vue d\u2019une comparaison de la flore pass\u00e9e et actuelle\u00a0; ce travail permettra de r\u00e9actualiser la liste des taxons d\u00e9finis par les travaux ant\u00e9rieurs (\u00e9tablissement d\u2019une liste rouge)<br>Etude diachronique de la r\u00e9gion de Djelfa (utilisation de photographies satellitaires \u00e0 diff\u00e9rentes p\u00e9riodes)\u00a0: il s\u2019agit de comparer les ressources floristiques et \u00e9daphiques de chaque site d\u00e9fini au moyen d\u2019images satellites prises dans la m\u00eame saison et \u00e0 intervalle de temps de 10 \u00e0 20 ans afin de d\u00e9celer l\u2019\u00e9ventuelle \u00e9volution de la d\u00e9sertification dans les hautes plaines du sud alg\u00e9rois<br>Compr\u00e9hension de la dynamique des peuplements v\u00e9g\u00e9taux pour l\u2019\u00e9valuation des ph\u00e9nom\u00e8nes de fragmentation des paysages forestiers, pr\u00e9 forestiers et steppiques en vue d\u2019une meilleure gestion des ressources naturelles.\u00a0<br>La dynamique et les structures des peuplements forestiers en r\u00e9ponse aux incendies\u00a0<br>La dynamique des syst\u00e8mes \u00e9cologiques et d\u00e9gradation dans les zones humides et subhumides\u00a0:<br>Compr\u00e9hension de la dynamique des peuplements v\u00e9g\u00e9taux dans les milieux restaur\u00e9s\u00a0: cordon dunaire, barrage vert et stations \u00e0\u00a0<em>Lygeum spartum<\/em>\u00a0du Haut Commissariat au d\u00e9veloppement steppique en vue d\u2019une meilleure gestion de la r\u00e9habilitation des paysages fragment\u00e9s (rectification)<br>Etudes phyto\u00e9cologiques des ecosyst\u00e8mes forestiers, pr\u00e9 forestiers, steppiques et sahariens en vue d\u2019une r\u00e9actualisation de la flore (Zitouni Wahiba, Bouderbala Rachida, Boukerche Salima)<br>Impact des perturbations sur la biodiversit\u00e9\u00a0<br>Evaluation de la gestion et la restauration des \u00e9cosyst\u00e8mes forestiers pr\u00e9 forestiers, steppiques (ou ensabl\u00e9s).<br>Diversit\u00e9 floristique et syntaxonomie\u00a0<br>Etude de la diversit\u00e9 floristique et syntaxonomie des pin\u00e8des de l\u2019\u00e9tage bioclimatique sub-humide alg\u00e9rien des pin\u00e8des de l\u2019\u00e9tage bioclimatique semi-aride alg\u00e9rien et des formations \u00e0 gen\u00e9vrier rouge (Atlas saharien et sud de Djelfa)\u00a0:\u00a0<br>Etude de la diversit\u00e9 des dayas \u00e0 B\u00e9toum,\u00a0<em>Pistacia atlantica<\/em>\u00a0de la r\u00e9gion de Messaad<br><strong>II\/ A l\u2019 \u00e9chelle stationnelle<\/strong><br>R\u00e9ponse des esp\u00e8ces aux effets des incendies (adaptation), \u00e9valuation hydrique des combustibles et \u00e9tudes fonctionnelles en zone sub humide et humide (attributs vitaux)<br>Effet stimulateur des incendies de for\u00eats sur la germination de quelques esp\u00e8ces semenci\u00e8res m\u00e9diterran\u00e9ennes<br>Suivi du contenu hydrique de la v\u00e9g\u00e9tation naturelle m\u00e9diterran\u00e9enne durant la saison estivale<br>Ajustement osmotique chez les esp\u00e8ces de maquis m\u00e9diterran\u00e9en, soumises au stress hydrique estival<br>Structure et fonctionnement des syst\u00e8mes \u00e9cologiques dans l\u2019Atlas blid\u00e9en\u00a0: indicateurs d\u2019\u00e9tat \u00e0 l\u2019\u00e9chelle de la station<br>Structure des syst\u00e8mes \u00e9cologiques en zone humide et subhumide\u00a0<br>Structuration des peuplements v\u00e9g\u00e9taux forestiers de la zone d\u2019\u00e9tude\u00a0<br>Structure des syst\u00e8mes \u00e9cologiques et attributs vitaux de l\u2019\u00e9cosyst\u00e8me (AVE)\u00a0<br>Structure spatiale et patron d\u2019organisation de la v\u00e9g\u00e9tation foresti\u00e8re<br>Adaptations et r\u00e9ponses fonctionnelles des esp\u00e8ces au sein des syst\u00e8mes \u00e9cologiques forestiers\u00a0: formes de vie et r\u00e9ponses des esp\u00e8ces sous climat m\u00e9diterran\u00e9en humide et subhumide<br>Syst\u00e9matique, ph\u00e9nologie et d\u00e9veloppement d\u2019esp\u00e8ces strat\u00e9giques pour la pr\u00e9servation de la Biodiversit\u00e9 et un d\u00e9veloppement durable (taxons utilis\u00e9s par les populations locales\u00a0: valorisation de la Biodiversit\u00e9)<br>\u00ab\u00a0Ecologie, syst\u00e9matique et ph\u00e9nologie de l\u2019Opuntia, possibilit\u00e9 d\u2019utilisation dans le d\u00e9veloppement et la pr\u00e9servation de la Biodiversit\u00e9\u00a0\u00bb\u00a0<br>\u00ab\u00a0Ecologie, syst\u00e9matique et ph\u00e9nologie du Romarin (Rosmarinus L.) dans la zone du sud alg\u00e9rois\u00a0\u00bb<br>Contribution de la cr\u00e9ation d\u2019une base de donn\u00e9es dans les formations foresti\u00e8res, pr\u00e9 foresti\u00e8res steppiques et sahariennes alg\u00e9riennes<br>Synth\u00e8ses des r\u00e9sultats obtenus des les formations foresti\u00e8res et pr\u00e9 foresti\u00e8res de l\u2019\u00e9tage bioclimatique semi-aride alg\u00e9rien (cr\u00e9ation d\u2019une base de donn\u00e9es faisant ressortir les esp\u00e8ces rares, rarissimes, end\u00e9miques etc..)\u00a0<br>Participation \u00e0 l\u2019\u00e9laboration d\u2019une base de donn\u00e9es floristiques et \u00e9cologiques dans les aires prot\u00e9g\u00e9es\u00a0: cas du Parc National de Chr\u00e9a, Conservations des for\u00eats\u2026 (autres partenaires en perspectives)\u00a0<br>Synth\u00e8se finale s\u2019effectuera avec les autres \u00e9quipes du laboratoire.<br><strong><em>Mots-Cl\u00e9s<\/em>\u00a0:<\/strong>\u00a0Dynamique, d\u00e9veloppement durable, Paysages, syst\u00e8mes \u00e9cologiques, incendies, r\u00e9habilitation, fonctionnement.<\/p>\n","protected":false},"excerpt":{"rendered":"<p>Objectifs d\u2019ensemble\u00a0:L\u2019objectif des travaux de notre \u00e9quipe est de poursuivre les recherches dans des stations d\u00e9grad\u00e9es soumises \u00e0 l\u2019action de l\u2019homme et du climat, mais aussi dans des stations r\u00e9habilit\u00e9es (cordon dunaire, barrage vert). Pour permettre de comprendre dans toute <span class=\"readmore\"><a href=\"https:\/\/leve.usthb.dz\/index.php\/description-des-objectifs-missions-et-activites-de-lequipe-3\/\">Continue Reading<\/a><\/span><\/p>\n","protected":false},"author":1,"featured_media":0,"parent":0,"menu_order":0,"comment_status":"closed","ping_status":"closed","template":"","meta":[],"_links":{"self":[{"href":"https:\/\/leve.usthb.dz\/index.php\/wp-json\/wp\/v2\/pages\/239"}],"collection":[{"href":"https:\/\/leve.usthb.dz\/index.php\/wp-json\/wp\/v2\/pages"}],"about":[{"href":"https:\/\/leve.usthb.dz\/index.php\/wp-json\/wp\/v2\/types\/page"}],"author":[{"embeddable":true,"href":"https:\/\/leve.usthb.dz\/index.php\/wp-json\/wp\/v2\/users\/1"}],"replies":[{"embeddable":true,"href":"https:\/\/leve.usthb.dz\/index.php\/wp-json\/wp\/v2\/comments?post=239"}],"version-history":[{"count":1,"href":"https:\/\/leve.usthb.dz\/index.php\/wp-json\/wp\/v2\/pages\/239\/revisions"}],"predecessor-version":[{"id":241,"href":"https:\/\/leve.usthb.dz\/index.php\/wp-json\/wp\/v2\/pages\/239\/revisions\/241"}],"wp:attachment":[{"href":"https:\/\/leve.usthb.dz\/index.php\/wp-json\/wp\/v2\/media?parent=239"}],"curies":[{"name":"wp","href":"https:\/\/api.w.org\/{rel}","templated":true}]}}