{"id":194,"date":"2023-07-12T10:28:23","date_gmt":"2023-07-12T10:28:23","guid":{"rendered":"http:\/\/193.194.89.177\/leve_wp\/?page_id=194"},"modified":"2023-07-18T13:16:18","modified_gmt":"2023-07-18T13:16:18","slug":"projets-de-recherche","status":"publish","type":"page","link":"https:\/\/leve.usthb.dz\/index.php\/projets-de-recherche\/","title":{"rendered":"<strong>Projets de recherche<\/strong>\u00a0"},"content":{"rendered":"\n<p><\/p>\n\n\n\n<p><strong>2013-2015 \u00e9tendu \u00e0 2017<\/strong> Projet\u00a0<strong>CNEPRU\u00a0<\/strong>\u00a0: \u00ab\u00a0La d\u00e9sertification en zones arides\u00a0: monitoring par approche cartographique et phyto\u00e9cologique<\/p>\n\n\n\n<p> <strong>Projet de recherche ROSELT\u00a0: <\/strong>Observation et suivi du ph\u00e9nom\u00e8ne de d\u00e9sertification \u00e0 long terme dans les hautes plaines steppiques.<\/p>\n","protected":false},"excerpt":{"rendered":"<p>2013-2015 \u00e9tendu \u00e0 2017 Projet\u00a0CNEPRU\u00a0\u00a0: \u00ab\u00a0La d\u00e9sertification en zones arides\u00a0: monitoring par approche cartographique et phyto\u00e9cologique Projet de recherche ROSELT\u00a0: Observation et suivi du ph\u00e9nom\u00e8ne de d\u00e9sertification \u00e0 long terme dans les hautes plaines steppiques.<\/p>\n","protected":false},"author":1,"featured_media":0,"parent":0,"menu_order":0,"comment_status":"closed","ping_status":"closed","template":"","meta":[],"_links":{"self":[{"href":"https:\/\/leve.usthb.dz\/index.php\/wp-json\/wp\/v2\/pages\/194"}],"collection":[{"href":"https:\/\/leve.usthb.dz\/index.php\/wp-json\/wp\/v2\/pages"}],"about":[{"href":"https:\/\/leve.usthb.dz\/index.php\/wp-json\/wp\/v2\/types\/page"}],"author":[{"embeddable":true,"href":"https:\/\/leve.usthb.dz\/index.php\/wp-json\/wp\/v2\/users\/1"}],"replies":[{"embeddable":true,"href":"https:\/\/leve.usthb.dz\/index.php\/wp-json\/wp\/v2\/comments?post=194"}],"version-history":[{"count":2,"href":"https:\/\/leve.usthb.dz\/index.php\/wp-json\/wp\/v2\/pages\/194\/revisions"}],"predecessor-version":[{"id":470,"href":"https:\/\/leve.usthb.dz\/index.php\/wp-json\/wp\/v2\/pages\/194\/revisions\/470"}],"wp:attachment":[{"href":"https:\/\/leve.usthb.dz\/index.php\/wp-json\/wp\/v2\/media?parent=194"}],"curies":[{"name":"wp","href":"https:\/\/api.w.org\/{rel}","templated":true}]}}