{"id":185,"date":"2023-07-12T10:22:07","date_gmt":"2023-07-12T10:22:07","guid":{"rendered":"http:\/\/193.194.89.177\/leve_wp\/?page_id=185"},"modified":"2023-07-18T12:49:22","modified_gmt":"2023-07-18T12:49:22","slug":"communications-internationales","status":"publish","type":"page","link":"https:\/\/leve.usthb.dz\/index.php\/communications-internationales\/","title":{"rendered":"<strong>Communications internationales<\/strong>"},"content":{"rendered":"\n<ul>\n<li><strong>Boussadia-Omari<\/strong> L., Hirche A., Ouillon S., Ait Hammouda T., Merbah-daoudi F., Yahiacherif-Sadaoui S. (2023).Contribution of remote sensing and GIS in the analysis of landscape ecology:case of the high steppe plains of Algeria.IEEE International Conference on Earth Observation and Geo-spatial Information (ICEOGI 2023), 22\u201424 May, 2023, Algiers, ALGERIA; 6 pages.<\/li>\n\n\n\n<li>Ait Hammouda T., Hirche A., Khoudir S., <strong>Omari L<\/strong>. (2023). Contribution of GIMMS NDVI3g images to monitoring degraded rangelands; case of west Algerian steppe. IEEE International Conference on Earth Observation and Geo-spatial Information (ICEOGI 2023), 22\u201424 May, 2023, Algiers, ALGERIA; 6 pages.<\/li>\n<\/ul>\n\n\n\n<p><strong>Ann\u00e9e 2017<\/strong><\/p>\n\n\n\n<p><img decoding=\"async\" loading=\"lazy\" width=\"8\" height=\"11\" src=\"\" alt=\"-\">&nbsp;<strong>Hirche A, Salamani S<\/strong>, Boughani A, Belala F, Essafi B, Gashut E.H ,&nbsp;<strong>Hourizi R<\/strong>&nbsp;,&nbsp;<strong>Grandi M<\/strong>, and&nbsp;<strong>AiT hamouda<\/strong>&nbsp;T.2017 Land degradation and restoration&nbsp;: The North African experiences. Geophysical Research Abstracts Vol. 19, EGU2017-11898, 2017 EGU General Assembly. \/EGU2017-<a href=\"http:\/\/meetingorganizer.copernicus.org\/EGU2017\/EGU2017-11898.pdf\">http:\/\/meetingorganizer.copernicus.org\/EGU2017\/EGU2017-11898.pdf<\/a><\/p>\n\n\n\n<p><strong>Ann\u00e9e 2016<\/strong><\/p>\n\n\n\n<p><img decoding=\"async\" loading=\"lazy\" width=\"8\" height=\"11\" src=\"\" alt=\"-\">&nbsp;Communication orale soumise \u00ab&nbsp;Teangeo&nbsp;\u00bb du 18 au 20 Octobre 2016 Tunis&nbsp;:&nbsp;<strong>SALAMANI M.&nbsp;; HIRCHE A<\/strong>. et al 2016. \u00ab&nbsp;Apport des images MODIS \u00e0 la cartographie des grandes formations v\u00e9g\u00e9tales de l\u2019Alg\u00e9rie.<\/p>\n\n\n\n<p><strong>Ann\u00e9e 2015<\/strong><\/p>\n\n\n\n<p><strong>-Hirche A., Salamani M<\/strong>, Boughani M ,Nedjraoui D ,<strong>Hourizi R, Grandi M Y , Belala F,<\/strong>&nbsp;Oukil Y. 2015 &#8220;Management of Arid Land Use Systems&nbsp;: Critical Review of the Algerian Experience&#8221; for presentation at the Tropentag 2015, to be held on September 16-18 in Berlin.<\/p>\n\n\n\n<p><img decoding=\"async\" loading=\"lazy\" width=\"8\" height=\"11\" src=\"\" alt=\"-\">&nbsp;<strong>Hirche Azziz , Salamani M<\/strong>, Oukil Y. 2015 Ph\u00e9nom\u00e8ne climatiques majeurs en Alg\u00e9rie. Cas du Sud oranais. S\u00e9minaire sur les risques majeurs. CRTEAN. Khartoum 6 JUIN2015. Accept\u00e9e.<\/p>\n\n\n\n<p><img decoding=\"async\" loading=\"lazy\" width=\"8\" height=\"11\" src=\"\" alt=\"-\">&nbsp;<strong>Hirche A., Salamani M<\/strong>, Boughani M ,Nedjraoui D ,<strong>Hourizi R, Grandi M Y , Belala F,<\/strong>&nbsp;Oukil Y. 2015 Could sandstorms be a proxy of soil degradation&nbsp;? Wageningen Soil Conference 2015 August 23 &#8211; 27, 2015. Pays-Bas. Accept\u00e9e.<\/p>\n\n\n\n<p><strong>-Omari L<\/strong>, Nedjraoui D. 2015&nbsp;: Participation au s\u00e9minaire international sur la \u00ab&nbsp;Biodiversit\u00e9 et les changements globaux&nbsp;\u00bb du 23 au 25 Novembre 2015 (au campus universitaire de Djelfa) organis\u00e9 par le laboratoire d\u2019Ecologie V\u00e9g\u00e9tale et Environnement \/ FSB \/USTHB, intitul\u00e9e&nbsp;: Impact du ph\u00e9nom\u00e8ne de d\u00e9sertification sur la variation de la Biodiversit\u00e9 le long d\u2019un transect Nord Sud dans la Wilaya de Djelfa.<\/p>\n\n\n\n<p><img decoding=\"async\" loading=\"lazy\" width=\"8\" height=\"11\" src=\"\" alt=\"-\">&nbsp;<strong>Omari L<\/strong>&nbsp;; Herhar H&nbsp;; Zeghrour N, Zenchi H. 2015&nbsp;: Participation au s\u00e9minaire international &#8220;Biodiversit\u00e9 et Changements Globaux &#8220;, du 23 au 25 Novembre 2015 (au campus universitaire de Djelfa) organis\u00e9 par le laboratoire d\u2019Ecologie V\u00e9g\u00e9tale et Environnement \/ FSB \/USTHB, intitul\u00e9e&nbsp;: Valorisation des mises en d\u00e9fens pour la conservation de la Biodiversit\u00e9 cas de la r\u00e9gion de Djelfa.<\/p>\n\n\n\n<p><img decoding=\"async\" loading=\"lazy\" width=\"8\" height=\"11\" src=\"\" alt=\"-\">&nbsp;<strong>Omari L<\/strong>, Abdelaziz R, Daghefali K, Sadi S. 2015&nbsp;: Participation au s\u00e9minaire international en biologie \u00ab&nbsp;bio-ressource et s\u00e9curit\u00e9 des aliments&nbsp;\u00bb du 6 au 8 D\u00e9cembre 2015 \u00e0 l\u2019universit\u00e9 de Bechar intitul\u00e9e&nbsp;: Les zones humides facteurs de biodiversit\u00e9 des zones sahariennes&nbsp;: cas de la zone humide de fort saint, Debdeb (wilaya d\u2019ILLIZI).<\/p>\n\n\n\n<p><img decoding=\"async\" loading=\"lazy\" width=\"8\" height=\"11\" src=\"\" alt=\"-\">&nbsp;Sadi S, Nedjraoui D, Slimani H,&nbsp;<strong>Omari L<\/strong>. 2015&nbsp;: Participation au s\u00e9minaire international en biologie bio-ressource et s\u00e9curit\u00e9 des aliments&nbsp;\u00bb du 6 au 8 D\u00e9cembre 2015 \u00e0 l\u2019universit\u00e9 de Bechar \u00ab&nbsp;intitul\u00e9e&nbsp;: impacts des mises en d\u00e9fens sur la biodiversit\u00e9 des nappes alfati\u00e8res dans les hautes plaines steppiques du sud oranais&nbsp;: cas de la r\u00e9gion d\u2019El Bayadh.<\/p>\n\n\n\n<p><img decoding=\"async\" loading=\"lazy\" width=\"8\" height=\"11\" src=\"\" alt=\"-\">&nbsp;<strong>Salamani<\/strong>&nbsp;2015 -\u00ab&nbsp;Approche cartographique de la v\u00e9g\u00e9tation -Alg\u00e9rie du Nord-&nbsp;\u00bb S\u00e9minaire international sur la biodiversit\u00e9 et les changements globaux, Djelfa du 23 au 24 Novembre 2015<\/p>\n\n\n\n<p><img decoding=\"async\" loading=\"lazy\" width=\"8\" height=\"11\" src=\"\" alt=\"-\">&nbsp;<strong>Salamani&nbsp;<\/strong>2015 \u00ab&nbsp;Cartographie de la sensibilit\u00e9 \u00e0 la d\u00e9sertification de la partie nord du Hodna (wilaya de M\u2019sila)&nbsp;\u00bb S\u00e9minaire international sur la Biodiversit\u00e9 et les changements globaux, Djelfa Novembre 2015.<\/p>\n\n\n\n<p><strong>Ann\u00e9e 2014<\/strong><\/p>\n\n\n\n<p><img decoding=\"async\" loading=\"lazy\" width=\"8\" height=\"11\" src=\"\" alt=\"-\">&nbsp;<strong>Belala Fahima, Hirche Azziz<\/strong>.&nbsp;: Analyses statistiques des donn\u00e9es climatiques&nbsp;<br>(pr\u00e9cipitation) &#8211; \u00c9valuation de la tendance et stimulation climatique. 3\u00e8me colloque international&nbsp;: ressources en Eau et Changement climatique en R\u00e9gion M\u00e9diterran\u00e9enne &#8220;Eau &#8211; Climat&#8221; 2014. 21 -22-23 Octobre 2014, Hammamet, Tunisie<\/p>\n\n\n\n<p><strong>Ann\u00e9e 2013<\/strong><\/p>\n\n\n\n<p><img decoding=\"async\" loading=\"lazy\" width=\"8\" height=\"11\" src=\"\" alt=\"-\">&nbsp;<strong>Hirche A., Salamani M., Hourizi R<\/strong>. Boughani.M.- 2013-Sandstorms as indicators of land degradation in Algeria. European Geosciences Union General Assembly 2013. Vienna .<a href=\"http:\/\/www.egu2013.eu\/programme\/\">http:\/\/www.egu2013.eu\/programme\/<\/a><\/p>\n\n\n\n<p><img decoding=\"async\" loading=\"lazy\" width=\"8\" height=\"11\" src=\"\" alt=\"-\">&nbsp;<strong>Hirche A<\/strong>., Nedjraoui D. and&nbsp;<strong>Hourizi R<\/strong>.Monitoring of arid ecosystems in Algeria&nbsp;: desertification and degradation of biodiversity. Conference on desertification and land degradation. Ghent. 17 &amp; 18 june 2013, Ghent, Belgium. .&nbsp;<a href=\"http:\/\/www.desertland.eu\/conference.asp\">http:\/\/www.desertland.eu\/conference.asp<\/a><\/p>\n","protected":false},"excerpt":{"rendered":"<p>Ann\u00e9e 2017 &nbsp;Hirche A, Salamani S, Boughani A, Belala F, Essafi B, Gashut E.H ,&nbsp;Hourizi R&nbsp;,&nbsp;Grandi M, and&nbsp;AiT hamouda&nbsp;T.2017 Land degradation and restoration&nbsp;: The North African experiences. Geophysical Research Abstracts Vol. 19, EGU2017-11898, 2017 EGU General Assembly. \/EGU2017-http:\/\/meetingorganizer.copernicus.org\/EGU2017\/EGU2017-11898.pdf Ann\u00e9e 2016 <span class=\"readmore\"><a href=\"https:\/\/leve.usthb.dz\/index.php\/communications-internationales\/\">Continue Reading<\/a><\/span><\/p>\n","protected":false},"author":1,"featured_media":0,"parent":0,"menu_order":0,"comment_status":"closed","ping_status":"closed","template":"","meta":[],"_links":{"self":[{"href":"https:\/\/leve.usthb.dz\/index.php\/wp-json\/wp\/v2\/pages\/185"}],"collection":[{"href":"https:\/\/leve.usthb.dz\/index.php\/wp-json\/wp\/v2\/pages"}],"about":[{"href":"https:\/\/leve.usthb.dz\/index.php\/wp-json\/wp\/v2\/types\/page"}],"author":[{"embeddable":true,"href":"https:\/\/leve.usthb.dz\/index.php\/wp-json\/wp\/v2\/users\/1"}],"replies":[{"embeddable":true,"href":"https:\/\/leve.usthb.dz\/index.php\/wp-json\/wp\/v2\/comments?post=185"}],"version-history":[{"count":2,"href":"https:\/\/leve.usthb.dz\/index.php\/wp-json\/wp\/v2\/pages\/185\/revisions"}],"predecessor-version":[{"id":456,"href":"https:\/\/leve.usthb.dz\/index.php\/wp-json\/wp\/v2\/pages\/185\/revisions\/456"}],"wp:attachment":[{"href":"https:\/\/leve.usthb.dz\/index.php\/wp-json\/wp\/v2\/media?parent=185"}],"curies":[{"name":"wp","href":"https:\/\/api.w.org\/{rel}","templated":true}]}}