{"id":174,"date":"2023-07-12T09:52:59","date_gmt":"2023-07-12T09:52:59","guid":{"rendered":"http:\/\/193.194.89.177\/leve_wp\/?page_id=174"},"modified":"2023-07-12T10:31:28","modified_gmt":"2023-07-12T10:31:28","slug":"ouvrages","status":"publish","type":"page","link":"https:\/\/leve.usthb.dz\/index.php\/ouvrages\/","title":{"rendered":"Ouvrages\u00a0"},"content":{"rendered":"\n<p><\/p>\n\n\n\n<p><img decoding=\"async\" loading=\"lazy\" width=\"8\" height=\"11\" src=\"\" alt=\"-\">&nbsp;Hirche and al, 2015.- Guide technique \u00e9cologie Pour la collecte, l\u2019analyse des donn\u00e9es et le calcul des indicateurs \u00e9cologiques Suivant l\u2019approche harmonis\u00e9e roselt\/dnse\/oss. ISBN&nbsp;: 978-9973-856-9-3.159 p.<br>ROSELT\/DNSE\/OSS harmonis\u00e9e ROSELT\/DNSE\/OSS\/<br>OSS. _ OSS, Tunis.<\/p>\n\n\n\n<p><img decoding=\"async\" loading=\"lazy\" width=\"8\" height=\"11\" src=\"\" alt=\"-\">&nbsp;Nedjraoui D., Hirche, A., 2013. Synth\u00e8se r\u00e9gionale \u00e9cologie. 2012(Alg\u00e9rie &#8211; Burkina Faso &#8211; Kenya- Mali- Niger &#8211; S\u00e9n\u00e9gal &#8211; Tunisie).Observatoire du Sahara et du Sahel. OSS\/ROSELT.ISBN \/ 978-9973-856-75-3<a href=\"http:\/\/www.oss-online.org\/rep-sahel\/images\/Publications\/Synth-Ecologie.pdf\">http:\/\/www.oss-online.org\/rep-sahel\/images\/Publications\/Synth-Ecologie.pdf<\/a>. Tunis.<\/p>\n\n\n\n<p><img decoding=\"async\" loading=\"lazy\" width=\"8\" height=\"11\" src=\"\" alt=\"-\">&nbsp;Le Floc\u2019h, E., Nedjraoui, D., Hirche, A., Boughani, A., Salamani, M., &amp; Abderazik, M.&nbsp;et al. (2008). Guide m\u00e9thodologique pour l\u2019\u00e9tude et le suivi de la flore et de la v\u00e9g\u00e9tation.. ROSELT\/OSS Collection-Technical Contribution, (1).ISBN&nbsp;: 978-9973-856-75-3.Tunis.128p.&nbsp;<a href=\"http:\/\/www.oss-online.org\/cd_envi\/doc\/02\/01-fr.pdf\">http:\/\/www.oss-online.org\/cd_envi\/doc\/02\/01-fr.pdf<\/a>.<\/p>\n\n\n\n<p><img decoding=\"async\" loading=\"lazy\" width=\"8\" height=\"11\" src=\"\" alt=\"-\">&nbsp;Jauffret S, Maghnouj M., Abdel Razik M., Nedjraoui D., Boughani M., Hirche A., Taleb A., Aafi A., Ramdane A, T\u2019bib H., Ould Belgacem Azaeiz , D\u2019Herb\u00e8s J.M., Montmollin B et Long G. 2004. Indicateurs \u00e9cologiques ROSELT\/OSS. Une premi\u00e8re approche de la biodiversit\u00e9 et des changements environnementaux. Collection ROSELT\/OSS. Document scientifique n\u00b0&nbsp;4. Montpellier. 50 pp+annexes. ISBN&nbsp;: 9973-856-13-9&nbsp;<a href=\"http:\/\/horizon.documentation.ird.fr\/exl-doc\/pleins_textes\/divers10-02\/010036820.pdf\">http:\/\/horizon.documentation.ird.fr\/exl-doc\/pleins_textes\/divers10-02\/010036820.pdf<\/a><\/p>\n\n\n\n<ul>\n<li>Jauffret S, Maghnouj M., Abdel Razik M., Nedjraoui D., Boughani M., <strong>Hirche <\/strong>A., Taleb A., Aafi A., Ramdane A, T&#8217;bib&nbsp; H., Ould Belgacem Azaeiz , D&#8217;Herb\u00e8s J.M., Montmollin B et Long G. 2004. Indicateurs \u00e9cologiques ROSELT\/OSS. Une premi\u00e8re approche de la biodiversit\u00e9 et des changements environnementaux. Collection ROSELT\/OSS. Document scientifique n\u00b0 4. Montpellier. 50 pp+annexes. ISBN: 9973-856-13-9 <a href=\"http:\/\/horizon.documentation.ird.fr\/exl-doc\/pleins_textes\/divers10-02\/010036820.pdf\">http:\/\/horizon.documentation.ird.fr\/exl-doc\/pleins_textes\/divers10-02\/010036820.pdf<\/a><\/li>\n<\/ul>\n\n\n\n<ul>\n<li>Le Floc\u2019h, E., Nedjraoui, D., <strong>Hirche,<\/strong> A., Boughani, A., Salamani, M., &amp; Abderazik, M. <em>et al<\/em>. (2008). Guide m\u00e9thodologique pour l&#8217;\u00e9tude et le suivi de la flore et de la v\u00e9g\u00e9tation..&nbsp;<em>ROSELT\/OSS Collection-Technical Contribution<\/em>, (1).ISBN : 978-9973-856-75-3.Tunis.128p. <a href=\"http:\/\/www.oss-online.org\/cd_envi\/doc\/02\/01-fr.pdf\">http:\/\/www.oss-online.org\/cd_envi\/doc\/02\/01-fr.pdf<\/a>.<\/li>\n<\/ul>\n\n\n\n<ul>\n<li>Nedjraoui D., <strong>Hirche,<\/strong> A., 2013. Synth\u00e8se r\u00e9gionale \u00e9cologie. 2012(Alg\u00e9rie &#8211; Burkina Faso &#8211; Kenya- Mali- Niger &#8211; S\u00e9n\u00e9gal &#8211; Tunisie). Observatoire du Sahara et du Sahel. OSS\/ROSELT.ISBN \/ 978-9973-856-75-3<a href=\"http:\/\/www.oss-online.org\/rep-sahel\/images\/Publications\/Synth-Ecologie.pdf\">http:\/\/www.oss-online.org\/rep-sahel\/images\/Publications\/Synth-Ecologie.pdf<\/a>. Tunis.<\/li>\n<\/ul>\n\n\n\n<ul>\n<li>Hirche and al, 2015.- &nbsp;<strong>Guide technique \u00e9cologie <\/strong>Pour la &nbsp;&nbsp;&nbsp;&nbsp;collecte, l\u2019analyse des donn\u00e9es et le calcul des indicateurs &nbsp;\u00e9cologiques Suivant l\u2019approche harmonis\u00e9e roselt\/dnse\/oss. ISBN : 978-9973-856-9-3.159 p.<\/li>\n<\/ul>\n\n\n\n<p>&nbsp;&nbsp;&nbsp;&nbsp;&nbsp;&nbsp;&nbsp;&nbsp;&nbsp;&nbsp;&nbsp;&nbsp;&nbsp;&nbsp;&nbsp;&nbsp;&nbsp;&nbsp;&nbsp;&nbsp;&nbsp;&nbsp;&nbsp; ROSELT\/DNSE\/OSS,Tunis.<a href=\"http:\/\/www.oss-online.org\/sites\/default\/files\/fichier\/OSS-REPSAHEL-%20Guide-Eco.pdf\">http:\/\/www.oss-online.org\/sites\/default\/files\/fichier\/OSS-REPSAHEL- Guide-Eco.pdf<\/a><\/p>\n\n\n\n<p><strong>Chapitres d\u2019ouvrages<\/strong><\/p>\n\n\n\n<ul>\n<li>Hirche A, Salamani M.,, Boughani A., Nedjraoui D, Hourizi R.,&nbsp;&nbsp; Oukil Y.,&nbsp;2013. Critical Review of the Algerian Experience to Manage Steppe. Degradation&nbsp;(Book Chapter 14). In: Steppe Ecosystems: Biological Diversity, Management and RestorationEditors: Manuel B. Morales Prieto and JuanTraba Diaz (Departamento de Ecolog\u00eda, Universidad Aut\u00f3noma de Madrid, Madrid, Spain). NOVA publishing editions. &nbsp;&nbsp;<strong>ISBN:<\/strong>978-1-62808-303-3. New York 2013. 361p.<\/li>\n<\/ul>\n\n\n\n<figure class=\"wp-block-embed\"><div class=\"wp-block-embed__wrapper\">\nhttps:\/\/www.novapublishers.com\/catalog\/product_info.php?products_id=43444&#038;osCsid=007c9a48b2d2b60a84d556177f69c021\n<\/div><\/figure>\n\n\n\n<ul>\n<li>Hirche A, Salamani M.,, Boughani A., Nedjraoui D, Hourizi R.,&nbsp;&nbsp; Oukil Y.Slimani H., 2015. Three decades of ecological Monitoring in Algerian arid rangelands<em>.<\/em><em> In<\/em> &#8221;Arid Environments: Biogeodiversity, Impacts and Environmental Challenges. Nova Editions. New York. 2015 <strong>ISBN:<\/strong><strong>&nbsp;<\/strong>978-1-63483-383-7 .pp: 125-146. <a href=\"https:\/\/www.novapublishers.com\/catalog\/product_info.php?products_id=55608&amp;osCsid=95559219ac4382465f50964a9b2f7169\">https:\/\/www.novapublishers.com\/catalog\/product_info.php?products_id=55608&amp;osCsid=95559219ac4382465f50964a9b2f7169<\/a><\/li>\n<\/ul>\n\n\n\n<ul>\n<li>Hirche A, Salamani M, Tarhouni M, Nedjraoui D, El Hag M, Gashut El Hedi,Boughani A,Adi N, Hourizi R, Ouled Belgacem A<strong>.2018<\/strong> The Maghreb (North Africa) rangelands evolution for forty years : regreening or degradation. Ed. V. Squires et Ali Ariapour. Nova. New York.. ISBN: 978-1-53614-212-9Categories: Environmental Research Advances, Editor\u2019s Picks, Ecology, Environmental Sciences<\/li>\n<\/ul>\n\n\n\n<p>&nbsp;&nbsp;&nbsp;&nbsp;&nbsp; .&nbsp;&nbsp;&nbsp;&nbsp;&nbsp;&nbsp;&nbsp;&nbsp;&nbsp;&nbsp;&nbsp; <a href=\"https:\/\/novapublishers.com\/shop\/desertification-past-current-and-future-trends\/\">https:\/\/novapublishers.com\/shop\/desertification-past-current-and-future-trends\/<\/a><\/p>\n\n\n\n<p><strong>Book Chapters<\/strong><\/p>\n\n\n\n<p><img decoding=\"async\" loading=\"lazy\" width=\"8\" height=\"11\" src=\"\" alt=\"-\">&nbsp;Hirche A, Salamani M.,, Boughani A., Nedjraoui D, Hourizi R., Oukil Y.Slimani H., 2015. Three decades of ecological Monitoring in Algerian arid rangelands. In \u2019\u2019Arid Environments&nbsp;: Biogeodiversity, Impacts and Environmental Challenges. Nova Editions. New York. 2015 ISBN&nbsp;: 978-1-63483-383-7 .pp&nbsp;: 125-146.&nbsp;<a href=\"https:\/\/www.novapublishers.com\/catalog\/product_info.php?products_id=55608&amp;osCsid=95559219ac4382465f50964a9b2f7169\">https:\/\/www.novapublishers.com\/catalog\/product_info.php?products_id=55608&amp;osCsid=95559219ac4382465f50964a9b2f7169<\/a><\/p>\n\n\n\n<p><img decoding=\"async\" loading=\"lazy\" width=\"8\" height=\"11\" src=\"\" alt=\"-\">&nbsp;Hirche A, Salamani M.,, Boughani A., Nedjraoui D, Hourizi R., Oukil Y., 2013. Critical Review of the Algerian Experience to Manage Steppe. Degradation (Book Chapter 14). In&nbsp;: Steppe Ecosystems&nbsp;: Biological Diversity, Management and RestorationEditors&nbsp;: Manuel B. Morales Prieto and JuanTraba Diaz (Departamento de Ecolog\u00eda, Universidad Aut\u00f3noma de Madrid, Madrid, Spain). NOVA publishing editions. ISBN&nbsp;: 978-1-62808-303-3. New York 2013. 361p.<br><a href=\"https:\/\/www.novapublishers.com\/catalog\/product_info.php?products_id=43444&amp;osCsid=007c9a48b2d2b60a84d556177f69c021\">https:\/\/www.novapublishers.com\/catalog\/product_info.php?products_id=43444&amp;osCsid=007c9a48b2d2b60a84d556177f69c021<\/a><\/p>\n","protected":false},"excerpt":{"rendered":"<p>&nbsp;Hirche and al, 2015.- Guide technique \u00e9cologie Pour la collecte, l\u2019analyse des donn\u00e9es et le calcul des indicateurs \u00e9cologiques Suivant l\u2019approche harmonis\u00e9e roselt\/dnse\/oss. ISBN&nbsp;: 978-9973-856-9-3.159 p.ROSELT\/DNSE\/OSS harmonis\u00e9e ROSELT\/DNSE\/OSS\/OSS. _ OSS, Tunis. &nbsp;Nedjraoui D., Hirche, A., 2013. Synth\u00e8se r\u00e9gionale \u00e9cologie. 2012(Alg\u00e9rie <span class=\"readmore\"><a href=\"https:\/\/leve.usthb.dz\/index.php\/ouvrages\/\">Continue Reading<\/a><\/span><\/p>\n","protected":false},"author":1,"featured_media":0,"parent":0,"menu_order":0,"comment_status":"closed","ping_status":"closed","template":"","meta":[],"_links":{"self":[{"href":"https:\/\/leve.usthb.dz\/index.php\/wp-json\/wp\/v2\/pages\/174"}],"collection":[{"href":"https:\/\/leve.usthb.dz\/index.php\/wp-json\/wp\/v2\/pages"}],"about":[{"href":"https:\/\/leve.usthb.dz\/index.php\/wp-json\/wp\/v2\/types\/page"}],"author":[{"embeddable":true,"href":"https:\/\/leve.usthb.dz\/index.php\/wp-json\/wp\/v2\/users\/1"}],"replies":[{"embeddable":true,"href":"https:\/\/leve.usthb.dz\/index.php\/wp-json\/wp\/v2\/comments?post=174"}],"version-history":[{"count":3,"href":"https:\/\/leve.usthb.dz\/index.php\/wp-json\/wp\/v2\/pages\/174\/revisions"}],"predecessor-version":[{"id":180,"href":"https:\/\/leve.usthb.dz\/index.php\/wp-json\/wp\/v2\/pages\/174\/revisions\/180"}],"wp:attachment":[{"href":"https:\/\/leve.usthb.dz\/index.php\/wp-json\/wp\/v2\/media?parent=174"}],"curies":[{"name":"wp","href":"https:\/\/api.w.org\/{rel}","templated":true}]}}