{"id":170,"date":"2023-07-12T09:49:26","date_gmt":"2023-07-12T09:49:26","guid":{"rendered":"http:\/\/193.194.89.177\/leve_wp\/?page_id=170"},"modified":"2023-07-12T09:49:27","modified_gmt":"2023-07-12T09:49:27","slug":"publications-internationales-et-proceedings","status":"publish","type":"page","link":"https:\/\/leve.usthb.dz\/index.php\/publications-internationales-et-proceedings\/","title":{"rendered":"<strong>Publications internationales et proceedings<\/strong>"},"content":{"rendered":"\n<p><\/p>\n\n\n\n<p><strong>Ann\u00e9e 2017<\/strong><\/p>\n\n\n\n<p>-Adi A, Amrani S,<strong>Hirche A<\/strong>, Boughani A, Nedjraoui D. 2017.-Diversit\u00e9 biologique et phytog\u00e9ographique pour des niveaux diff\u00e9rents De salinit\u00e9 dans la r\u00e9gion du chott-ech-chergui (sud ouest de l\u2019alg\u00e9rie). Revue Terre et Vie. Vol. 71 (4), 2016.<a href=\"http:\/\/www.snpn.com\/spip.php?article2493\">http:\/\/www.snpn.com\/spip.php?article2493<\/a><\/p>\n\n\n\n<p>&#8211;<strong>Hourizi R<\/strong>,<strong>&nbsp;Hirche A<\/strong>, Djellouli Y, Nedjraoui D. Changements spatio-temporels des paysages steppiques d\u2019Alg\u00e9rie. Cas de la r\u00e9gion de m\u00e9ch\u00e9ria . 2017. Revue d\u2019Ecologie (Terre et Vie), Vol.72 (1),&nbsp;: xx-xx<a href=\"http:\/\/www.snpn.com\/spip.php?article2493\">http:\/\/www.snpn.com\/spip.php?article2493<\/a><\/p>\n\n\n\n<p>-Doomed to coCollapse&nbsp;: Mart\u00ednez-Valderrama J, Ib\u00e1\u00f1ez J, Del Barrio G, Alcal\u00e1 FJ, Sanju\u00e1n ME, Ruiz A,<strong>Hirche A<\/strong>, Puigdef\u00e1pbregas J. 2017.Why Algerian steppe rangelands are overgrazed and some lessons to help land-use transitions. Sci Total Environ. Aug 9. pii&nbsp;: S0048-9697(17)31761-8. doi&nbsp;: 10.1016\/j.scitotenv.2017.07.058.&nbsp;<a href=\"http:\/\/www.sciencedirect.com\/science\/journal\/aip\/00489697?sdc=1\">http:\/\/www.sciencedirect.com\/science\/journal\/aip\/00489697?sdc=1<\/a><\/p>\n\n\n\n<p>&#8211;<strong>Hirche A<\/strong>, Podwojewski P, Mahamane A., Nedjraoui D, Boughani A,&nbsp;<strong>Salamani&nbsp;M Et Hourizi R<\/strong>. D\u00e9gradation des terres dans les zones s\u00e8ches circum-sahariennes Liaison \u00c9nergie-Francophonie num\u00e9ro 105 &#8211; 2\u00e8me trimestre 2017.<br>D\u00e9sertification et syst\u00e8me terre &#8211; De la (re) connaissance \u00e0 l\u2019action.&nbsp;<br><a href=\"http:\/\/www.ifdd.francophonie.org\/media\/docs\/publications\/709_LEF-105.pdf\">http:\/\/www.ifdd.francophonie.org\/media\/docs\/publications\/709_LEF-105.pdf<\/a><\/p>\n\n\n\n<p><strong>Ann\u00e9e 2015<\/strong><\/p>\n\n\n\n<p>&#8211;<strong>Hirche A<\/strong>.,<strong>&nbsp;Salamani M.<\/strong>, Boughani A., Nedjraoui D.,<strong>&nbsp;Hourizi R<\/strong>., Oukil Y.,2015.-Algerian experience in ecological monitoring of arid rangelands. DesertLand. Ghent. Abstract.<\/p>\n\n\n\n<p><strong>Ann\u00e9e 2013<\/strong><\/p>\n\n\n\n<p><strong>&#8211; Hirche A., Salamani M<\/strong>, Boughani A, Nedjraoui D, &amp;<strong>&nbsp;Hourizi R<\/strong>. 2013. Critical Review of the Algerian Experience to Manage Land Degradation. The Presence of HIMA Concepts in Aflaj System in the Sultanate of Oman<\/p>\n\n\n\n<p><strong>&#8211; Hirche A<\/strong>, Boughani A, Nedjraoui D,&nbsp;<strong>Salamani M<\/strong>,&nbsp;<strong>Hourizi R, &amp; Omari L<\/strong>. 2013 Guide de terrain&nbsp;: Indicateurs COT &#8211; V\u00e9g\u00e9tation \u2013 Biodiversit\u00e9. OSS<\/p>\n\n\n\n<p><strong>&#8211; Hirche A., Salamani M<\/strong>, Boughani A, Nedjraoui D,&nbsp;<strong>Hourizi R<\/strong>&nbsp;&amp; Oukil Y. 2013, Critical Review of the Algerian experience to manage the land Degradation\u00ab&nbsp;STEPPE ECOSYSTEM&nbsp;: Biological, management and restoration. Published by Nova Science Inc.<a href=\"https:\/\/skydrive.live.com\/redir?resid=F8D9C6492B208AFB!141&amp;authkey=!AMkqBfxX8utmEMk\">https:\/\/skydrive.live.com\/redir?resid=F8D9C6492B208AFB!141&amp;authkey=!AMkqBfxX8utmEMk<\/a><\/p>\n\n\n\n<p><strong>Ann\u00e9e 2011<\/strong><\/p>\n\n\n\n<p><strong>&#8211; Hirche A., Salamani M.<\/strong>, Abdellaoui A., Benhouhou S. &amp; Valderrama M-2011- Landscape changes in arid areas&nbsp;: the case of South-West Algeria. Envir. Monit. Assessm. Springer. August 2011, Volume 179, Issue 1-4, pp:403-420<br><a href=\"http:\/\/link.springer.com\/article\/10.1007%2Fs10661-010-1744-5\">http:\/\/link.springer.com\/article\/10.1007%2Fs10661-010-1744-5<\/a><\/p>\n\n\n\n<p><strong>&#8211; Hirche A<\/strong>, Boughani A, Nedjraoui D,&nbsp;<strong>Salamani M<\/strong>,&nbsp;<strong>Hourizi R<\/strong>, &amp;&nbsp;<strong>Omari L<\/strong>. 2011. Synth\u00e8se r\u00e9gionale et sous r\u00e9gionale de l\u2019\u00e9tat des Observatoires Africains OSS 2011.<\/p>\n\n\n\n<p><strong>&#8211; Hirche A,<\/strong>&nbsp;Boughani A, Nedjraoui D,<strong>&nbsp;Slamani M<\/strong>,&nbsp;<strong>Hourizi R<\/strong>, &amp;&nbsp;<strong>Omari L<\/strong>. 2011. Synth\u00e8se r\u00e9gionale et sous r\u00e9gionale de l\u2019\u00e9tat des Observatoires Africains OSS 2011.<\/p>\n\n\n\n<p><strong>Ann\u00e9e 2009<\/strong><\/p>\n\n\n\n<p><img decoding=\"async\" loading=\"lazy\" width=\"8\" height=\"11\" src=\"\" alt=\"-\">&nbsp;Boughani A., Sadki N., M\u00e9dail F.,&nbsp;<strong>Salamani M.<\/strong>&nbsp;&amp; Nedjraoui D., 2009. Analyse floristique et phytog\u00e9ographique d\u2019une r\u00e9gion de l\u2019Atlas saharien constantinois, les gorges du Ghouffi (Alg\u00e9rie). Acta Botanica Gallica, 2009, 156.<\/p>\n\n\n\n<p><strong>Ann\u00e9e 2008<\/strong><\/p>\n\n\n\n<p><strong>&#8211; Hirche A.<\/strong>, Boughani A. et&nbsp;<strong>Salamani M.<\/strong>, 2008. Evolution de pluviosit\u00e9 annuelle dans quelques stations arides alg\u00e9riennes. S\u00e9cheresse. vol. 18, no4, pp. 314-320 [7 page(s) (article)]&nbsp;<a href=\"http:\/\/www.john-libbey-eurotext.fr\/\">http:\/\/www.john-libbey-eurotext.fr\/<\/a><\/p>\n\n\n\n<p><strong>&#8211; Hirche A., Salamani M.<\/strong>, Boughani A., Nedjraoui D. et Abdellaoui A., 2008. Contribution \u00e0 l\u2019\u00e9tude de la d\u00e9sertification dans le sud oranais (Alg\u00e9rie). Photogramm\u00e9trie 187-188.&nbsp;<a href=\"http:\/\/www.sft.fr\/\">http:\/\/www.sft.fr\/<\/a><\/p>\n\n\n\n<p><strong>-Hirche A.<\/strong>, Boughani A. et&nbsp;<strong>Salamani M.<\/strong>, 2008. Evolution de pluviosit\u00e9 annuelle dans quelques stations arides alg\u00e9riennes. S\u00e9cheresse. vol. 18, no4, pp. 314-320 [7 page(s) (article)]&nbsp;<a href=\"http:\/\/www.john-libbey-eurotext.fr\/\">http:\/\/www.john-libbey-eurotext.fr\/<\/a><\/p>\n\n\n\n<p><strong>-Hirche A., Salamani M.<\/strong>, Boughani A., Nedjraoui D. et Abdellaoui A., 2008. Contribution \u00e0 l\u2019\u00e9tude de la d\u00e9sertification dans le sud oranais (Alg\u00e9rie). Photogramm\u00e9trie 187-188.&nbsp;<a href=\"http:\/\/www.sft.fr\/\">http:\/\/www.sft.fr\/<\/a><\/p>\n\n\n\n<p><strong>Ann\u00e9e 2002<\/strong><\/p>\n\n\n\n<p><strong>-Hirche A.<\/strong>, Boughani A., Nedjraoui D. 2002&nbsp;: Guide m\u00e9thodologique pour l\u2019\u00e9tude de la v\u00e9g\u00e9tation\/ Document technique OSS\/ROSELT<\/p>\n\n\n\n<p><strong>Ann\u00e9e 1999<\/strong><\/p>\n\n\n\n<p><strong>-Hirche A.<\/strong>, Boughani A., Nedjraoui D., 1999.- Une nouvelle m\u00e9thode de calcul de la valeur pastorale en zones arides. Symposium International&nbsp;: recherche et d\u00e9veloppement sur les p\u00e2turages, Options mediterran\u00e9ennes, vol 39&nbsp;: 193-197<\/p>\n","protected":false},"excerpt":{"rendered":"<p>Ann\u00e9e 2017 -Adi A, Amrani S,Hirche A, Boughani A, Nedjraoui D. 2017.-Diversit\u00e9 biologique et phytog\u00e9ographique pour des niveaux diff\u00e9rents De salinit\u00e9 dans la r\u00e9gion du chott-ech-chergui (sud ouest de l\u2019alg\u00e9rie). Revue Terre et Vie. Vol. 71 (4), 2016.http:\/\/www.snpn.com\/spip.php?article2493 &#8211;Hourizi R,&nbsp;Hirche <span class=\"readmore\"><a href=\"https:\/\/leve.usthb.dz\/index.php\/publications-internationales-et-proceedings\/\">Continue Reading<\/a><\/span><\/p>\n","protected":false},"author":1,"featured_media":0,"parent":0,"menu_order":0,"comment_status":"closed","ping_status":"closed","template":"","meta":[],"_links":{"self":[{"href":"https:\/\/leve.usthb.dz\/index.php\/wp-json\/wp\/v2\/pages\/170"}],"collection":[{"href":"https:\/\/leve.usthb.dz\/index.php\/wp-json\/wp\/v2\/pages"}],"about":[{"href":"https:\/\/leve.usthb.dz\/index.php\/wp-json\/wp\/v2\/types\/page"}],"author":[{"embeddable":true,"href":"https:\/\/leve.usthb.dz\/index.php\/wp-json\/wp\/v2\/users\/1"}],"replies":[{"embeddable":true,"href":"https:\/\/leve.usthb.dz\/index.php\/wp-json\/wp\/v2\/comments?post=170"}],"version-history":[{"count":1,"href":"https:\/\/leve.usthb.dz\/index.php\/wp-json\/wp\/v2\/pages\/170\/revisions"}],"predecessor-version":[{"id":172,"href":"https:\/\/leve.usthb.dz\/index.php\/wp-json\/wp\/v2\/pages\/170\/revisions\/172"}],"wp:attachment":[{"href":"https:\/\/leve.usthb.dz\/index.php\/wp-json\/wp\/v2\/media?parent=170"}],"curies":[{"name":"wp","href":"https:\/\/api.w.org\/{rel}","templated":true}]}}